{"id":266588,"date":"2025-09-17T10:42:40","date_gmt":"2025-09-17T14:42:40","guid":{"rendered":"https:\/\/goelette.ca\/?post_type=product&#038;p=266588"},"modified":"2025-09-17T10:46:29","modified_gmt":"2025-09-17T14:46:29","slug":"petits-coloriages-noel","status":"publish","type":"product","link":"https:\/\/goelette.ca\/en\/tous-les-livres\/petits-coloriages-noel\/","title":{"rendered":"Petits coloriages &#8211; No\u00ebl"},"content":{"rendered":"<p>Laisse s&#8217;exprimer l&#8217;artiste en toi avec ces coloriages de No\u00ebl !<\/p>\n<p>La collection <strong>Petits coloriages<\/strong> te propose de superbes images \u00e0 colorier dans un format facile \u00e0 transporter.<\/p>\n<ul>\n<li>24 coloriages<\/li>\n<li>6 mini crayons<\/li>\n<\/ul>\n","protected":false},"excerpt":{"rendered":"<p>Laisse s&#8217;exprimer l&#8217;artiste en toi avec ces coloriages de No\u00ebl ! La collection Petits coloriages te propose de superbes images \u00e0 colorier dans un format facile \u00e0 transporter. 24 coloriages 6 mini crayons<\/p>\n","protected":false},"featured_media":266591,"template":"","meta":{"wds_primary_product_brand":0,"wds_primary_product_cat":625,"wds_primary_maison_dedition":0},"product_brand":[],"product_cat":[560,555,590,616,538,545],"product_tag":[],"maison_dedition":[541],"class_list":{"0":"post-266588","1":"product","2":"type-product","3":"status-publish","4":"has-post-thumbnail","6":"product_cat-3-5-ans","7":"product_cat-6-ans-et-plus","8":"product_cat-coloriage-jeunesse","9":"product_cat-coloriages","10":"product_cat-jeunesse","11":"product_cat-noel","12":"maison_dedition-les-editions-coup-doeil","14":"first","15":"instock","16":"taxable","17":"shipping-taxable","18":"purchasable","19":"product-type-variable","20":"has-default-attributes"},"bundled_by":[],"bundle_stock_status":"instock","bundle_stock_quantity":null,"bundle_virtual":false,"bundle_layout":"","bundle_add_to_cart_form_location":"","bundle_editable_in_cart":false,"bundle_sold_individually_context":"","bundle_item_grouping":"","bundle_min_size":"","bundle_max_size":"","bundle_price":[],"bundled_items":[],"bundle_sell_ids":[],"acf":[],"_links":{"self":[{"href":"https:\/\/goelette.ca\/en\/wp-json\/wp\/v2\/product\/266588","targetHints":{"allow":["GET"]}}],"collection":[{"href":"https:\/\/goelette.ca\/en\/wp-json\/wp\/v2\/product"}],"about":[{"href":"https:\/\/goelette.ca\/en\/wp-json\/wp\/v2\/types\/product"}],"wp:featuredmedia":[{"embeddable":true,"href":"https:\/\/goelette.ca\/en\/wp-json\/wp\/v2\/media\/266591"}],"wp:attachment":[{"href":"https:\/\/goelette.ca\/en\/wp-json\/wp\/v2\/media?parent=266588"}],"wp:term":[{"taxonomy":"product_brand","embeddable":true,"href":"https:\/\/goelette.ca\/en\/wp-json\/wp\/v2\/product_brand?post=266588"},{"taxonomy":"product_cat","embeddable":true,"href":"https:\/\/goelette.ca\/en\/wp-json\/wp\/v2\/product_cat?post=266588"},{"taxonomy":"product_tag","embeddable":true,"href":"https:\/\/goelette.ca\/en\/wp-json\/wp\/v2\/product_tag?post=266588"},{"taxonomy":"maison_dedition","embeddable":true,"href":"https:\/\/goelette.ca\/en\/wp-json\/wp\/v2\/maison_dedition?post=266588"}],"curies":[{"name":"wp","href":"https:\/\/api.w.org\/{rel}","templated":true}]}}