{"id":266541,"date":"2025-09-17T09:42:32","date_gmt":"2025-09-17T13:42:32","guid":{"rendered":"https:\/\/goelette.ca\/?post_type=product&#038;p=266541"},"modified":"2025-10-08T11:37:34","modified_gmt":"2025-10-08T15:37:34","slug":"le-grand-bal-dhalloween-souleve-les-volets","status":"publish","type":"product","link":"https:\/\/goelette.ca\/en\/tous-les-livres\/le-grand-bal-dhalloween-souleve-les-volets\/","title":{"rendered":"Le grand bal d&#8217;Halloween &#8211; Soul\u00e8ve les volets"},"content":{"rendered":"<p class=\"p1\">N\u00e9buline a convi\u00e9 ses amis \u00e0 un grand bal d\u2019Halloween ! Chacun participe \u00e0 sa fa\u00e7on aux pr\u00e9paratifs.<\/p>\n<p class=\"p1\">Quelles surprises effrayantes les attendent ? Que la f\u00eate commence !<\/p>\n","protected":false},"excerpt":{"rendered":"<p>N\u00e9buline a convi\u00e9 ses amis \u00e0 un grand bal d\u2019Halloween ! Chacun participe \u00e0 sa fa\u00e7on aux pr\u00e9paratifs. Quelles surprises effrayantes les attendent ? Que la f\u00eate commence !<\/p>\n","protected":false},"featured_media":266551,"template":"","meta":{"wds_primary_product_brand":0,"wds_primary_product_cat":0,"wds_primary_maison_dedition":0},"product_brand":[],"product_cat":[540,560,625,538,667,579],"product_tag":[],"maison_dedition":[630],"class_list":{"0":"post-266541","1":"product","2":"type-product","3":"status-publish","4":"has-post-thumbnail","6":"product_cat-0-2-ans","7":"product_cat-3-5-ans","8":"product_cat-halloween","9":"product_cat-jeunesse","10":"product_cat-livres-tout-carton","11":"product_cat-souleve-les-volets","12":"pa_auteur-maude-iris-hamelin-ouellette","13":"maison_dedition-les-editions-goelette","15":"first","16":"instock","17":"taxable","18":"shipping-taxable","19":"purchasable","20":"product-type-variable","21":"has-default-attributes"},"bundled_by":[],"bundle_stock_status":"instock","bundle_stock_quantity":null,"bundle_virtual":false,"bundle_layout":"","bundle_add_to_cart_form_location":"","bundle_editable_in_cart":false,"bundle_sold_individually_context":"","bundle_item_grouping":"","bundle_min_size":"","bundle_max_size":"","bundle_price":[],"bundled_items":[],"bundle_sell_ids":[],"acf":[],"_links":{"self":[{"href":"https:\/\/goelette.ca\/en\/wp-json\/wp\/v2\/product\/266541","targetHints":{"allow":["GET"]}}],"collection":[{"href":"https:\/\/goelette.ca\/en\/wp-json\/wp\/v2\/product"}],"about":[{"href":"https:\/\/goelette.ca\/en\/wp-json\/wp\/v2\/types\/product"}],"wp:featuredmedia":[{"embeddable":true,"href":"https:\/\/goelette.ca\/en\/wp-json\/wp\/v2\/media\/266551"}],"wp:attachment":[{"href":"https:\/\/goelette.ca\/en\/wp-json\/wp\/v2\/media?parent=266541"}],"wp:term":[{"taxonomy":"product_brand","embeddable":true,"href":"https:\/\/goelette.ca\/en\/wp-json\/wp\/v2\/product_brand?post=266541"},{"taxonomy":"product_cat","embeddable":true,"href":"https:\/\/goelette.ca\/en\/wp-json\/wp\/v2\/product_cat?post=266541"},{"taxonomy":"product_tag","embeddable":true,"href":"https:\/\/goelette.ca\/en\/wp-json\/wp\/v2\/product_tag?post=266541"},{"taxonomy":"maison_dedition","embeddable":true,"href":"https:\/\/goelette.ca\/en\/wp-json\/wp\/v2\/maison_dedition?post=266541"}],"curies":[{"name":"wp","href":"https:\/\/api.w.org\/{rel}","templated":true}]}}