{"id":26512,"date":"2022-03-03T00:00:51","date_gmt":"2022-03-03T05:00:51","guid":{"rendered":"https:\/\/www.goelette.ca\/?post_type=product&#038;p=26512"},"modified":"2025-09-15T15:49:46","modified_gmt":"2025-09-15T19:49:46","slug":"la-saga-des-gregoire-t07-le-cheval-roux","status":"publish","type":"product","link":"https:\/\/goelette.ca\/en\/tous-les-livres\/la-saga-des-gregoire-t07-le-cheval-roux\/","title":{"rendered":"La saga des Gr\u00e9goire T07 &#8211; Le cheval roux"},"content":{"rendered":"<p>1950, Berthe est enceinte et atteinte de tuberculose. Sa<br \/>\nfille H\u00e9l\u00e8ne na\u00eetra ainsi au sanatorium, encadr\u00e9e par son<br \/>\noncle Armand et son cousin Ti-Loup, malades eux aussi.<br \/>\nRel\u00e8ve de cette famille vieillissante, elle portera sur le<br \/>\nmonde le regard d\u2019une nouvelle g\u00e9n\u00e9ration \u00e9mancip\u00e9e<br \/>\net color\u00e9e.<br \/>\nLorsque le temps passe et que les parents laissent la<br \/>\nplace aux enfants, les valeurs changent, la ville \u00e9volue<br \/>\net la nouveaut\u00e9 s\u2019insinue partout. Traversant toute<br \/>\nla deuxi\u00e8me moiti\u00e9 du XXe si\u00e8cle, ces personnages<br \/>\nattachants vivront assez pour c\u00e9l\u00e9brer la gloire de la<br \/>\nfamille Gr\u00e9goire, en 1995.<br \/>\nLe cheval roux est aussi fort et m\u00e9morable que poignant.<br \/>\nIl ferme la boucle de la saga familiale des Gr\u00e9goire sur<br \/>\nune note d\u2019espoir et d\u2019avenir.<br \/>\nN\u00e9 en Beauce, Andr\u00e9 Mathieu a \u00e9t\u00e9 enseignant et<br \/>\ncommer\u00e7ant, en plus d\u2019\u00eatre auteur, \u00e9diteur et distributeur.<br \/>\nAuteur prolifique, il compte plus de soixante publications<br \/>\ndans sa longue carri\u00e8re, dont la plus c\u00e9l\u00e8bre est sans doute<br \/>\nAurore, l\u2019enfant martyre.<\/p>\n","protected":false},"excerpt":{"rendered":"<p>1950, Berthe est enceinte et atteinte de tuberculose. Sa fille H\u00e9l\u00e8ne na\u00eetra ainsi au sanatorium, encadr\u00e9e par son oncle Armand et son cousin Ti-Loup, malades eux aussi. Rel\u00e8ve de cette famille vieillissante, elle portera sur le monde le regard d\u2019une nouvelle g\u00e9n\u00e9ration \u00e9mancip\u00e9e et color\u00e9e. Lorsque le temps passe et que les parents laissent la [&hellip;]<\/p>\n","protected":false},"featured_media":26517,"template":"","meta":{"wds_primary_product_brand":0,"wds_primary_product_cat":0,"wds_primary_maison_dedition":0},"product_brand":[],"product_cat":[543,542],"product_tag":[],"maison_dedition":[668,541],"class_list":{"0":"post-26512","1":"product","2":"type-product","3":"status-publish","4":"has-post-thumbnail","6":"product_cat-historique","7":"product_cat-roman","8":"pa_auteur-andre-mathieu","9":"maison_dedition-heritage-quebec","10":"maison_dedition-les-editions-coup-doeil","12":"first","13":"instock","14":"taxable","15":"shipping-taxable","16":"purchasable","17":"product-type-variable","18":"has-default-attributes"},"bundled_by":[],"bundle_stock_status":"instock","bundle_stock_quantity":null,"bundle_virtual":false,"bundle_layout":"","bundle_add_to_cart_form_location":"","bundle_editable_in_cart":false,"bundle_sold_individually_context":"","bundle_item_grouping":"","bundle_min_size":"","bundle_max_size":"","bundle_price":[],"bundled_items":[],"bundle_sell_ids":[],"acf":[],"_links":{"self":[{"href":"https:\/\/goelette.ca\/en\/wp-json\/wp\/v2\/product\/26512","targetHints":{"allow":["GET"]}}],"collection":[{"href":"https:\/\/goelette.ca\/en\/wp-json\/wp\/v2\/product"}],"about":[{"href":"https:\/\/goelette.ca\/en\/wp-json\/wp\/v2\/types\/product"}],"wp:featuredmedia":[{"embeddable":true,"href":"https:\/\/goelette.ca\/en\/wp-json\/wp\/v2\/media\/26517"}],"wp:attachment":[{"href":"https:\/\/goelette.ca\/en\/wp-json\/wp\/v2\/media?parent=26512"}],"wp:term":[{"taxonomy":"product_brand","embeddable":true,"href":"https:\/\/goelette.ca\/en\/wp-json\/wp\/v2\/product_brand?post=26512"},{"taxonomy":"product_cat","embeddable":true,"href":"https:\/\/goelette.ca\/en\/wp-json\/wp\/v2\/product_cat?post=26512"},{"taxonomy":"product_tag","embeddable":true,"href":"https:\/\/goelette.ca\/en\/wp-json\/wp\/v2\/product_tag?post=26512"},{"taxonomy":"maison_dedition","embeddable":true,"href":"https:\/\/goelette.ca\/en\/wp-json\/wp\/v2\/maison_dedition?post=26512"}],"curies":[{"name":"wp","href":"https:\/\/api.w.org\/{rel}","templated":true}]}}