{"id":26505,"date":"2022-03-03T00:00:43","date_gmt":"2022-03-03T05:00:43","guid":{"rendered":"https:\/\/www.goelette.ca\/?post_type=product&#038;p=26505"},"modified":"2025-09-15T15:49:12","modified_gmt":"2025-09-15T19:49:12","slug":"la-saga-des-gregoire-t06-la-misere-noire","status":"publish","type":"product","link":"https:\/\/goelette.ca\/en\/tous-les-livres\/la-saga-des-gregoire-t06-la-misere-noire\/","title":{"rendered":"La saga des Gr\u00e9goire T06 &#8211; La mis\u00e8re noire"},"content":{"rendered":"<p>Alfred Gr\u00e9goire reprend le magasin g\u00e9n\u00e9ral et essaie de<br \/>\nle diriger comme il se doit malgr\u00e9 la crise \u00e9conomique,<br \/>\nmalgr\u00e9 la folie de sa femme, malgr\u00e9 l\u2019\u00e9cart\u00e8lement de la<br \/>\nfamille.<br \/>\nUne troisi\u00e8me g\u00e9n\u00e9ration commence \u00e0 voir le jour, alors<br \/>\nque les autres membres de la famille vivent leurs r\u00eaves<br \/>\ndu mieux qu\u2019ils peuvent. Cette rel\u00e8ve vivra les ann\u00e9es<br \/>\n1930, l\u2019\u00e9mancipation des femmes, dans un quotidien<br \/>\nbien diff\u00e9rent de celui de leurs parents.<br \/>\nLa mis\u00e8re noire constitue une suite \u00e0 la Saga des Gr\u00e9goire<br \/>\nqui fait honneur \u00e0 ses personnages dans une fresque<br \/>\nremarquable.<br \/>\nN\u00e9 en Beauce, Andr\u00e9 Mathieu a \u00e9t\u00e9 enseignant et<br \/>\ncommer\u00e7ant, en plus d\u2019\u00eatre auteur, \u00e9diteur et distributeur.<br \/>\nAuteur prolifique, il compte plus de soixante publications<br \/>\ndans sa longue carri\u00e8re, dont la plus c\u00e9l\u00e8bre est sans doute<br \/>\nAurore, l\u2019enfant martyre.<\/p>\n","protected":false},"excerpt":{"rendered":"<p>Alfred Gr\u00e9goire reprend le magasin g\u00e9n\u00e9ral et essaie de le diriger comme il se doit malgr\u00e9 la crise \u00e9conomique, malgr\u00e9 la folie de sa femme, malgr\u00e9 l\u2019\u00e9cart\u00e8lement de la famille. Une troisi\u00e8me g\u00e9n\u00e9ration commence \u00e0 voir le jour, alors que les autres membres de la famille vivent leurs r\u00eaves du mieux qu\u2019ils peuvent. Cette rel\u00e8ve [&hellip;]<\/p>\n","protected":false},"featured_media":26510,"template":"","meta":{"wds_primary_product_brand":0,"wds_primary_product_cat":0,"wds_primary_maison_dedition":0},"product_brand":[],"product_cat":[543,542],"product_tag":[],"maison_dedition":[668,541],"class_list":{"0":"post-26505","1":"product","2":"type-product","3":"status-publish","4":"has-post-thumbnail","6":"product_cat-historique","7":"product_cat-roman","8":"pa_auteur-andre-mathieu","9":"maison_dedition-heritage-quebec","10":"maison_dedition-les-editions-coup-doeil","12":"first","13":"instock","14":"taxable","15":"shipping-taxable","16":"purchasable","17":"product-type-variable","18":"has-default-attributes"},"bundled_by":[],"bundle_stock_status":"instock","bundle_stock_quantity":null,"bundle_virtual":false,"bundle_layout":"","bundle_add_to_cart_form_location":"","bundle_editable_in_cart":false,"bundle_sold_individually_context":"","bundle_item_grouping":"","bundle_min_size":"","bundle_max_size":"","bundle_price":[],"bundled_items":[],"bundle_sell_ids":[],"acf":[],"_links":{"self":[{"href":"https:\/\/goelette.ca\/en\/wp-json\/wp\/v2\/product\/26505","targetHints":{"allow":["GET"]}}],"collection":[{"href":"https:\/\/goelette.ca\/en\/wp-json\/wp\/v2\/product"}],"about":[{"href":"https:\/\/goelette.ca\/en\/wp-json\/wp\/v2\/types\/product"}],"wp:featuredmedia":[{"embeddable":true,"href":"https:\/\/goelette.ca\/en\/wp-json\/wp\/v2\/media\/26510"}],"wp:attachment":[{"href":"https:\/\/goelette.ca\/en\/wp-json\/wp\/v2\/media?parent=26505"}],"wp:term":[{"taxonomy":"product_brand","embeddable":true,"href":"https:\/\/goelette.ca\/en\/wp-json\/wp\/v2\/product_brand?post=26505"},{"taxonomy":"product_cat","embeddable":true,"href":"https:\/\/goelette.ca\/en\/wp-json\/wp\/v2\/product_cat?post=26505"},{"taxonomy":"product_tag","embeddable":true,"href":"https:\/\/goelette.ca\/en\/wp-json\/wp\/v2\/product_tag?post=26505"},{"taxonomy":"maison_dedition","embeddable":true,"href":"https:\/\/goelette.ca\/en\/wp-json\/wp\/v2\/maison_dedition?post=26505"}],"curies":[{"name":"wp","href":"https:\/\/api.w.org\/{rel}","templated":true}]}}