{"id":26497,"date":"2022-03-03T00:00:35","date_gmt":"2022-03-03T05:00:35","guid":{"rendered":"https:\/\/www.goelette.ca\/?post_type=product&#038;p=26497"},"modified":"2025-09-15T15:48:35","modified_gmt":"2025-09-15T19:48:35","slug":"la-saga-des-gregoire-t05-les-nuits-blanches","status":"publish","type":"product","link":"https:\/\/goelette.ca\/en\/tous-les-livres\/la-saga-des-gregoire-t05-les-nuits-blanches\/","title":{"rendered":"La saga des Gr\u00e9goire T05 &#8211; Les nuits blanches"},"content":{"rendered":"<p>En 1918, la grippe espagnole fait toujours des ravages.<br \/>\nDans ce monde d\u00e9vast\u00e9 de l\u2019apr\u00e8s-guerre, la nouvelle<br \/>\ng\u00e9n\u00e9ration s\u2019affirme, exp\u00e9rimente et s\u2019aime sous le<br \/>\nregard d\u2019\u00c9m\u00e9lie et d\u2019Honor\u00e9, qui entrent tranquillement<br \/>\ndans le bel \u00e2ge.<br \/>\nAlors que Bernadette h\u00e9site entre l\u2019amour de Dieu<br \/>\net l\u2019amour charnel, Alfred rend \u00c9m\u00e9lie et Honor\u00e9<br \/>\ngrands-parents, et Armand d\u00e9veloppe une personnalit\u00e9<br \/>\nexplosive. Le magasin g\u00e9n\u00e9ral demeure le symbole de<br \/>\nla solidarit\u00e9 familiale et villageoise o\u00f9 continuent de se<br \/>\ncroiser les existences des habitants de Saint-Honor\u00e9.<br \/>\nLes nuits blanches est un roman g\u00e9n\u00e9reux qui touche<br \/>\nle lecteur gr\u00e2ce \u00e0 ses personnages inoubliables et<br \/>\n\u00e9mouvants.<br \/>\nN\u00e9 en Beauce, Andr\u00e9 Mathieu a \u00e9t\u00e9 enseignant et<br \/>\ncommer\u00e7ant, en plus d\u2019\u00eatre auteur, \u00e9diteur et distributeur.<br \/>\nAuteur prolifique, il compte plus de soixante publications<br \/>\ndans sa longue carri\u00e8re, dont la plus c\u00e9l\u00e8bre est sans doute<br \/>\nAurore, l\u2019enfant martyre.<\/p>\n","protected":false},"excerpt":{"rendered":"<p>En 1918, la grippe espagnole fait toujours des ravages. Dans ce monde d\u00e9vast\u00e9 de l\u2019apr\u00e8s-guerre, la nouvelle g\u00e9n\u00e9ration s\u2019affirme, exp\u00e9rimente et s\u2019aime sous le regard d\u2019\u00c9m\u00e9lie et d\u2019Honor\u00e9, qui entrent tranquillement dans le bel \u00e2ge. Alors que Bernadette h\u00e9site entre l\u2019amour de Dieu et l\u2019amour charnel, Alfred rend \u00c9m\u00e9lie et Honor\u00e9 grands-parents, et Armand d\u00e9veloppe [&hellip;]<\/p>\n","protected":false},"featured_media":26503,"template":"","meta":{"wds_primary_product_brand":0,"wds_primary_product_cat":0,"wds_primary_maison_dedition":0},"product_brand":[],"product_cat":[543,542],"product_tag":[],"maison_dedition":[668,541],"class_list":{"0":"post-26497","1":"product","2":"type-product","3":"status-publish","4":"has-post-thumbnail","6":"product_cat-historique","7":"product_cat-roman","8":"pa_auteur-andre-mathieu","9":"maison_dedition-heritage-quebec","10":"maison_dedition-les-editions-coup-doeil","12":"first","13":"instock","14":"taxable","15":"shipping-taxable","16":"purchasable","17":"product-type-variable","18":"has-default-attributes"},"bundled_by":[],"bundle_stock_status":"instock","bundle_stock_quantity":null,"bundle_virtual":false,"bundle_layout":"","bundle_add_to_cart_form_location":"","bundle_editable_in_cart":false,"bundle_sold_individually_context":"","bundle_item_grouping":"","bundle_min_size":"","bundle_max_size":"","bundle_price":[],"bundled_items":[],"bundle_sell_ids":[],"acf":[],"_links":{"self":[{"href":"https:\/\/goelette.ca\/en\/wp-json\/wp\/v2\/product\/26497","targetHints":{"allow":["GET"]}}],"collection":[{"href":"https:\/\/goelette.ca\/en\/wp-json\/wp\/v2\/product"}],"about":[{"href":"https:\/\/goelette.ca\/en\/wp-json\/wp\/v2\/types\/product"}],"wp:featuredmedia":[{"embeddable":true,"href":"https:\/\/goelette.ca\/en\/wp-json\/wp\/v2\/media\/26503"}],"wp:attachment":[{"href":"https:\/\/goelette.ca\/en\/wp-json\/wp\/v2\/media?parent=26497"}],"wp:term":[{"taxonomy":"product_brand","embeddable":true,"href":"https:\/\/goelette.ca\/en\/wp-json\/wp\/v2\/product_brand?post=26497"},{"taxonomy":"product_cat","embeddable":true,"href":"https:\/\/goelette.ca\/en\/wp-json\/wp\/v2\/product_cat?post=26497"},{"taxonomy":"product_tag","embeddable":true,"href":"https:\/\/goelette.ca\/en\/wp-json\/wp\/v2\/product_tag?post=26497"},{"taxonomy":"maison_dedition","embeddable":true,"href":"https:\/\/goelette.ca\/en\/wp-json\/wp\/v2\/maison_dedition?post=26497"}],"curies":[{"name":"wp","href":"https:\/\/api.w.org\/{rel}","templated":true}]}}