{"id":264882,"date":"2025-09-03T11:44:02","date_gmt":"2025-09-03T15:44:02","guid":{"rendered":"https:\/\/goelette.ca\/?post_type=product&#038;p=264882"},"modified":"2025-09-03T11:45:34","modified_gmt":"2025-09-03T15:45:34","slug":"casse-tete-nos-amis-les-animaux-savane","status":"publish","type":"product","link":"https:\/\/goelette.ca\/en\/tous-les-livres\/casse-tete-nos-amis-les-animaux-savane\/","title":{"rendered":"Casse-t\u00eate Nos amis les animaux &#8211; Savane"},"content":{"rendered":"<p class=\"p2\">Amuse-toi avec les casse-t\u00eates de la collection Nos amis les animaux !<\/p>\n<p class=\"p2\">Assemble les 48 morceaux pour d\u00e9couvrir d\u2019adorables sc\u00e8nes illustr\u00e9es par Jade Lachine.<\/p>\n<p class=\"p2\">Une activit\u00e9 parfaite pour d\u00e9velopper ta patience, ta concentration\u2026 et t\u2019amuser pendant des heures !<\/p>\n","protected":false},"excerpt":{"rendered":"<p>Amuse-toi avec les casse-t\u00eates de la collection Nos amis les animaux ! Assemble les 48 morceaux pour d\u00e9couvrir d\u2019adorables sc\u00e8nes illustr\u00e9es par Jade Lachine. Une activit\u00e9 parfaite pour d\u00e9velopper ta patience, ta concentration\u2026 et t\u2019amuser pendant des heures !<\/p>\n","protected":false},"featured_media":264884,"template":"","meta":{"wds_primary_product_brand":0,"wds_primary_product_cat":0,"wds_primary_maison_dedition":0},"product_brand":[],"product_cat":[560,555,749,538,557],"product_tag":[],"maison_dedition":[541,767],"class_list":{"0":"post-264882","1":"product","2":"type-product","3":"status-publish","4":"has-post-thumbnail","6":"product_cat-3-5-ans","7":"product_cat-6-ans-et-plus","8":"product_cat-casse-tete","9":"product_cat-jeunesse","10":"product_cat-pratique","11":"pa_illustrateur-jade-lachine","12":"maison_dedition-les-editions-coup-doeil","13":"maison_dedition-nos-amis-les-animaux","15":"first","16":"instock","17":"taxable","18":"shipping-taxable","19":"purchasable","20":"product-type-variable","21":"has-default-attributes"},"bundled_by":[],"bundle_stock_status":"instock","bundle_stock_quantity":null,"bundle_virtual":false,"bundle_layout":"","bundle_add_to_cart_form_location":"","bundle_editable_in_cart":false,"bundle_sold_individually_context":"","bundle_item_grouping":"","bundle_min_size":"","bundle_max_size":"","bundle_price":[],"bundled_items":[],"bundle_sell_ids":[],"acf":[],"_links":{"self":[{"href":"https:\/\/goelette.ca\/en\/wp-json\/wp\/v2\/product\/264882","targetHints":{"allow":["GET"]}}],"collection":[{"href":"https:\/\/goelette.ca\/en\/wp-json\/wp\/v2\/product"}],"about":[{"href":"https:\/\/goelette.ca\/en\/wp-json\/wp\/v2\/types\/product"}],"wp:featuredmedia":[{"embeddable":true,"href":"https:\/\/goelette.ca\/en\/wp-json\/wp\/v2\/media\/264884"}],"wp:attachment":[{"href":"https:\/\/goelette.ca\/en\/wp-json\/wp\/v2\/media?parent=264882"}],"wp:term":[{"taxonomy":"product_brand","embeddable":true,"href":"https:\/\/goelette.ca\/en\/wp-json\/wp\/v2\/product_brand?post=264882"},{"taxonomy":"product_cat","embeddable":true,"href":"https:\/\/goelette.ca\/en\/wp-json\/wp\/v2\/product_cat?post=264882"},{"taxonomy":"product_tag","embeddable":true,"href":"https:\/\/goelette.ca\/en\/wp-json\/wp\/v2\/product_tag?post=264882"},{"taxonomy":"maison_dedition","embeddable":true,"href":"https:\/\/goelette.ca\/en\/wp-json\/wp\/v2\/maison_dedition?post=264882"}],"curies":[{"name":"wp","href":"https:\/\/api.w.org\/{rel}","templated":true}]}}