{"id":264850,"date":"2025-09-03T11:25:22","date_gmt":"2025-09-03T15:25:22","guid":{"rendered":"https:\/\/goelette.ca\/?post_type=product&#038;p=264850"},"modified":"2025-09-03T11:28:06","modified_gmt":"2025-09-03T15:28:06","slug":"casse-tete-randonnee-amicale","status":"publish","type":"product","link":"https:\/\/goelette.ca\/en\/tous-les-livres\/casse-tete-randonnee-amicale\/","title":{"rendered":"Casse-t\u00eate &#8211; Randonn\u00e9e amicale"},"content":{"rendered":"<p>Amusez-vous \u00e0 faire ce casse-t\u00eate color\u00e9 de 48 pi\u00e8ces !<\/p>\n<p>Les pi\u00e8ces sont incluses dans un sac r\u00e9utilisable avec fermoir.<\/p>\n","protected":false},"excerpt":{"rendered":"<p>Amusez-vous \u00e0 faire ce casse-t\u00eate color\u00e9 de 48 pi\u00e8ces ! Les pi\u00e8ces sont incluses dans un sac r\u00e9utilisable avec fermoir.<\/p>\n","protected":false},"featured_media":264852,"template":"","meta":{"wds_primary_product_brand":0,"wds_primary_product_cat":0,"wds_primary_maison_dedition":0},"product_brand":[],"product_cat":[560,555,749,538,557],"product_tag":[],"maison_dedition":[541],"class_list":{"0":"post-264850","1":"product","2":"type-product","3":"status-publish","4":"has-post-thumbnail","6":"product_cat-3-5-ans","7":"product_cat-6-ans-et-plus","8":"product_cat-casse-tete","9":"product_cat-jeunesse","10":"product_cat-pratique","11":"maison_dedition-les-editions-coup-doeil","13":"first","14":"instock","15":"taxable","16":"shipping-taxable","17":"purchasable","18":"product-type-variable","19":"has-default-attributes"},"bundled_by":[],"bundle_stock_status":"instock","bundle_stock_quantity":null,"bundle_virtual":false,"bundle_layout":"","bundle_add_to_cart_form_location":"","bundle_editable_in_cart":false,"bundle_sold_individually_context":"","bundle_item_grouping":"","bundle_min_size":"","bundle_max_size":"","bundle_price":[],"bundled_items":[],"bundle_sell_ids":[],"acf":[],"_links":{"self":[{"href":"https:\/\/goelette.ca\/en\/wp-json\/wp\/v2\/product\/264850","targetHints":{"allow":["GET"]}}],"collection":[{"href":"https:\/\/goelette.ca\/en\/wp-json\/wp\/v2\/product"}],"about":[{"href":"https:\/\/goelette.ca\/en\/wp-json\/wp\/v2\/types\/product"}],"wp:featuredmedia":[{"embeddable":true,"href":"https:\/\/goelette.ca\/en\/wp-json\/wp\/v2\/media\/264852"}],"wp:attachment":[{"href":"https:\/\/goelette.ca\/en\/wp-json\/wp\/v2\/media?parent=264850"}],"wp:term":[{"taxonomy":"product_brand","embeddable":true,"href":"https:\/\/goelette.ca\/en\/wp-json\/wp\/v2\/product_brand?post=264850"},{"taxonomy":"product_cat","embeddable":true,"href":"https:\/\/goelette.ca\/en\/wp-json\/wp\/v2\/product_cat?post=264850"},{"taxonomy":"product_tag","embeddable":true,"href":"https:\/\/goelette.ca\/en\/wp-json\/wp\/v2\/product_tag?post=264850"},{"taxonomy":"maison_dedition","embeddable":true,"href":"https:\/\/goelette.ca\/en\/wp-json\/wp\/v2\/maison_dedition?post=264850"}],"curies":[{"name":"wp","href":"https:\/\/api.w.org\/{rel}","templated":true}]}}