{"id":264843,"date":"2025-09-03T11:16:36","date_gmt":"2025-09-03T15:16:36","guid":{"rendered":"https:\/\/goelette.ca\/?post_type=product&#038;p=264843"},"modified":"2025-09-03T11:18:17","modified_gmt":"2025-09-03T15:18:17","slug":"stylo-8-couleurs-mignon","status":"publish","type":"product","link":"https:\/\/goelette.ca\/en\/tous-les-livres\/stylo-8-couleurs-mignon\/","title":{"rendered":"Stylo 8 couleurs &#8211; Mignon"},"content":{"rendered":"<p>Un magnifique stylo 8 couleurs avec des illustrations \u00e0 croquer pour \u00e9gayer vos journ\u00e9es !<\/p>\n<p>Collectionnez-les tous !<\/p>\n<p>&nbsp;<\/p>\n","protected":false},"excerpt":{"rendered":"<p>Un magnifique stylo 8 couleurs avec des illustrations \u00e0 croquer pour \u00e9gayer vos journ\u00e9es ! Collectionnez-les tous ! &nbsp;<\/p>\n","protected":false},"featured_media":264845,"template":"","meta":{"wds_primary_product_brand":0,"wds_primary_product_cat":0,"wds_primary_maison_dedition":0},"product_brand":[],"product_cat":[614],"product_tag":[],"maison_dedition":[541],"class_list":{"0":"post-264843","1":"product","2":"type-product","3":"status-publish","4":"has-post-thumbnail","6":"product_cat-papeterie","7":"maison_dedition-les-editions-coup-doeil","9":"first","10":"instock","11":"taxable","12":"shipping-taxable","13":"purchasable","14":"product-type-variable","15":"has-default-attributes"},"bundled_by":[],"bundle_stock_status":"instock","bundle_stock_quantity":null,"bundle_virtual":false,"bundle_layout":"","bundle_add_to_cart_form_location":"","bundle_editable_in_cart":false,"bundle_sold_individually_context":"","bundle_item_grouping":"","bundle_min_size":"","bundle_max_size":"","bundle_price":[],"bundled_items":[],"bundle_sell_ids":[],"acf":[],"_links":{"self":[{"href":"https:\/\/goelette.ca\/en\/wp-json\/wp\/v2\/product\/264843","targetHints":{"allow":["GET"]}}],"collection":[{"href":"https:\/\/goelette.ca\/en\/wp-json\/wp\/v2\/product"}],"about":[{"href":"https:\/\/goelette.ca\/en\/wp-json\/wp\/v2\/types\/product"}],"wp:featuredmedia":[{"embeddable":true,"href":"https:\/\/goelette.ca\/en\/wp-json\/wp\/v2\/media\/264845"}],"wp:attachment":[{"href":"https:\/\/goelette.ca\/en\/wp-json\/wp\/v2\/media?parent=264843"}],"wp:term":[{"taxonomy":"product_brand","embeddable":true,"href":"https:\/\/goelette.ca\/en\/wp-json\/wp\/v2\/product_brand?post=264843"},{"taxonomy":"product_cat","embeddable":true,"href":"https:\/\/goelette.ca\/en\/wp-json\/wp\/v2\/product_cat?post=264843"},{"taxonomy":"product_tag","embeddable":true,"href":"https:\/\/goelette.ca\/en\/wp-json\/wp\/v2\/product_tag?post=264843"},{"taxonomy":"maison_dedition","embeddable":true,"href":"https:\/\/goelette.ca\/en\/wp-json\/wp\/v2\/maison_dedition?post=264843"}],"curies":[{"name":"wp","href":"https:\/\/api.w.org\/{rel}","templated":true}]}}