{"id":26363,"date":"2022-02-24T13:58:57","date_gmt":"2022-02-24T18:58:57","guid":{"rendered":"https:\/\/www.goelette.ca\/?post_type=product&#038;p=26363"},"modified":"2023-12-21T09:31:13","modified_gmt":"2023-12-21T14:31:13","slug":"carnet-de-notes-reflexions","status":"publish","type":"product","link":"https:\/\/goelette.ca\/en\/tous-les-livres\/carnet-de-notes-reflexions\/","title":{"rendered":"Carnet de notes -R\u00e9flexions"},"content":{"rendered":"<p>Un carnet \u00e0 couverture rigide o\u00f9 inscrire vos r\u00e9flexions. Avec son design unique et ses feuilles lign\u00e9es, voil\u00e0 l\u2019endroit parfait pour toutes vos id\u00e9es g\u00e9niales.<\/p>\n","protected":false},"excerpt":{"rendered":"<p>Un carnet \u00e0 couverture rigide o\u00f9 inscrire vos r\u00e9flexions. Avec son design unique et ses feuilles lign\u00e9es, voil\u00e0 l\u2019endroit parfait pour toutes vos id\u00e9es g\u00e9niales.<\/p>\n","protected":false},"featured_media":26365,"template":"","meta":{"wds_primary_product_brand":0,"wds_primary_product_cat":0,"wds_primary_maison_dedition":0},"product_brand":[],"product_cat":[622,614],"product_tag":[],"maison_dedition":[672,679],"class_list":{"0":"post-26363","1":"product","2":"type-product","3":"status-publish","4":"has-post-thumbnail","6":"product_cat-carnet-de-note","7":"product_cat-papeterie","8":"maison_dedition-beaux-papierrs","9":"maison_dedition-professionnel","11":"first","12":"instock","13":"taxable","14":"shipping-taxable","15":"purchasable","16":"product-type-variable"},"bundled_by":[],"bundle_stock_status":"instock","bundle_stock_quantity":null,"bundle_virtual":false,"bundle_layout":"","bundle_add_to_cart_form_location":"","bundle_editable_in_cart":false,"bundle_sold_individually_context":"","bundle_item_grouping":"","bundle_min_size":"","bundle_max_size":"","bundle_price":[],"bundled_items":[],"bundle_sell_ids":[],"acf":[],"_links":{"self":[{"href":"https:\/\/goelette.ca\/en\/wp-json\/wp\/v2\/product\/26363","targetHints":{"allow":["GET"]}}],"collection":[{"href":"https:\/\/goelette.ca\/en\/wp-json\/wp\/v2\/product"}],"about":[{"href":"https:\/\/goelette.ca\/en\/wp-json\/wp\/v2\/types\/product"}],"wp:featuredmedia":[{"embeddable":true,"href":"https:\/\/goelette.ca\/en\/wp-json\/wp\/v2\/media\/26365"}],"wp:attachment":[{"href":"https:\/\/goelette.ca\/en\/wp-json\/wp\/v2\/media?parent=26363"}],"wp:term":[{"taxonomy":"product_brand","embeddable":true,"href":"https:\/\/goelette.ca\/en\/wp-json\/wp\/v2\/product_brand?post=26363"},{"taxonomy":"product_cat","embeddable":true,"href":"https:\/\/goelette.ca\/en\/wp-json\/wp\/v2\/product_cat?post=26363"},{"taxonomy":"product_tag","embeddable":true,"href":"https:\/\/goelette.ca\/en\/wp-json\/wp\/v2\/product_tag?post=26363"},{"taxonomy":"maison_dedition","embeddable":true,"href":"https:\/\/goelette.ca\/en\/wp-json\/wp\/v2\/maison_dedition?post=26363"}],"curies":[{"name":"wp","href":"https:\/\/api.w.org\/{rel}","templated":true}]}}