{"id":26359,"date":"2022-02-24T13:57:20","date_gmt":"2022-02-24T18:57:20","guid":{"rendered":"https:\/\/www.goelette.ca\/?post_type=product&#038;p=26359"},"modified":"2024-10-04T13:48:13","modified_gmt":"2024-10-04T17:48:13","slug":"cahier-spirale-notes","status":"publish","type":"product","link":"https:\/\/goelette.ca\/en\/tous-les-livres\/cahier-spirale-notes\/","title":{"rendered":"Cahier spirale &#8211; Notes"},"content":{"rendered":"<p>Gr\u00e2ce \u00e0 sa reliure \u00e0 spirale, ce cahier s\u2019ouvre compl\u00e8tement \u00e0 plat lorsque vous \u00e9crivez. Id\u00e9al pour le travail, l\u2019\u00e9cole ou la maison.<\/p>\n","protected":false},"excerpt":{"rendered":"<p>Gr\u00e2ce \u00e0 sa reliure \u00e0 spirale, ce cahier s\u2019ouvre compl\u00e8tement \u00e0 plat lorsque vous \u00e9crivez. Id\u00e9al pour le travail, l\u2019\u00e9cole ou la maison.<\/p>\n","protected":false},"featured_media":26361,"template":"","meta":{"wds_primary_product_brand":0,"wds_primary_product_cat":0,"wds_primary_maison_dedition":0},"product_brand":[],"product_cat":[622,614],"product_tag":[],"maison_dedition":[672,679],"class_list":{"0":"post-26359","1":"product","2":"type-product","3":"status-publish","4":"has-post-thumbnail","6":"product_cat-carnet-de-note","7":"product_cat-papeterie","8":"maison_dedition-beaux-papierrs","9":"maison_dedition-professionnel","11":"first","12":"instock","13":"taxable","14":"shipping-taxable","15":"purchasable","16":"product-type-variable"},"bundled_by":[],"bundle_stock_status":"instock","bundle_stock_quantity":null,"bundle_virtual":false,"bundle_layout":"","bundle_add_to_cart_form_location":"","bundle_editable_in_cart":false,"bundle_sold_individually_context":"","bundle_item_grouping":"","bundle_min_size":"","bundle_max_size":"","bundle_price":[],"bundled_items":[],"bundle_sell_ids":[],"acf":[],"_links":{"self":[{"href":"https:\/\/goelette.ca\/en\/wp-json\/wp\/v2\/product\/26359","targetHints":{"allow":["GET"]}}],"collection":[{"href":"https:\/\/goelette.ca\/en\/wp-json\/wp\/v2\/product"}],"about":[{"href":"https:\/\/goelette.ca\/en\/wp-json\/wp\/v2\/types\/product"}],"wp:featuredmedia":[{"embeddable":true,"href":"https:\/\/goelette.ca\/en\/wp-json\/wp\/v2\/media\/26361"}],"wp:attachment":[{"href":"https:\/\/goelette.ca\/en\/wp-json\/wp\/v2\/media?parent=26359"}],"wp:term":[{"taxonomy":"product_brand","embeddable":true,"href":"https:\/\/goelette.ca\/en\/wp-json\/wp\/v2\/product_brand?post=26359"},{"taxonomy":"product_cat","embeddable":true,"href":"https:\/\/goelette.ca\/en\/wp-json\/wp\/v2\/product_cat?post=26359"},{"taxonomy":"product_tag","embeddable":true,"href":"https:\/\/goelette.ca\/en\/wp-json\/wp\/v2\/product_tag?post=26359"},{"taxonomy":"maison_dedition","embeddable":true,"href":"https:\/\/goelette.ca\/en\/wp-json\/wp\/v2\/maison_dedition?post=26359"}],"curies":[{"name":"wp","href":"https:\/\/api.w.org\/{rel}","templated":true}]}}