{"id":26347,"date":"2022-02-24T13:51:17","date_gmt":"2022-02-24T18:51:17","guid":{"rendered":"https:\/\/www.goelette.ca\/?post_type=product&#038;p=26347"},"modified":"2024-09-09T10:23:16","modified_gmt":"2024-09-09T14:23:16","slug":"carnet-de-notes-broche-plonge-dans-la-vie","status":"publish","type":"product","link":"https:\/\/goelette.ca\/en\/tous-les-livres\/carnet-de-notes-broche-plonge-dans-la-vie\/","title":{"rendered":"Carnet de notes broch\u00e9 &#8211; Plonge dans la vie"},"content":{"rendered":"<p>Gr\u00e2ce \u00e0 sa couverture souple et son petit format, ce carnet de notes l\u00e9ger se glisse rapidement dans votre sac. Id\u00e9al pour transporter avec vous toutes vos id\u00e9es sans ne jamais rien oublier, peu importe votre destination !<\/p>\n","protected":false},"excerpt":{"rendered":"<p>Gr\u00e2ce \u00e0 sa couverture souple et son petit format, ce carnet de notes l\u00e9ger se glisse rapidement dans votre sac. Id\u00e9al pour transporter avec vous toutes vos id\u00e9es sans ne jamais rien oublier, peu importe votre destination !<\/p>\n","protected":false},"featured_media":26349,"template":"","meta":{"wds_primary_product_brand":0,"wds_primary_product_cat":0,"wds_primary_maison_dedition":0},"product_brand":[],"product_cat":[622,614],"product_tag":[],"maison_dedition":[672,678],"class_list":{"0":"post-26347","1":"product","2":"type-product","3":"status-publish","4":"has-post-thumbnail","6":"product_cat-carnet-de-note","7":"product_cat-papeterie","8":"maison_dedition-beaux-papierrs","9":"maison_dedition-cathy-faucher","11":"first","12":"instock","13":"taxable","14":"shipping-taxable","15":"purchasable","16":"product-type-variable"},"bundled_by":[],"bundle_stock_status":"instock","bundle_stock_quantity":null,"bundle_virtual":false,"bundle_layout":"","bundle_add_to_cart_form_location":"","bundle_editable_in_cart":false,"bundle_sold_individually_context":"","bundle_item_grouping":"","bundle_min_size":"","bundle_max_size":"","bundle_price":[],"bundled_items":[],"bundle_sell_ids":[],"acf":[],"_links":{"self":[{"href":"https:\/\/goelette.ca\/en\/wp-json\/wp\/v2\/product\/26347","targetHints":{"allow":["GET"]}}],"collection":[{"href":"https:\/\/goelette.ca\/en\/wp-json\/wp\/v2\/product"}],"about":[{"href":"https:\/\/goelette.ca\/en\/wp-json\/wp\/v2\/types\/product"}],"wp:featuredmedia":[{"embeddable":true,"href":"https:\/\/goelette.ca\/en\/wp-json\/wp\/v2\/media\/26349"}],"wp:attachment":[{"href":"https:\/\/goelette.ca\/en\/wp-json\/wp\/v2\/media?parent=26347"}],"wp:term":[{"taxonomy":"product_brand","embeddable":true,"href":"https:\/\/goelette.ca\/en\/wp-json\/wp\/v2\/product_brand?post=26347"},{"taxonomy":"product_cat","embeddable":true,"href":"https:\/\/goelette.ca\/en\/wp-json\/wp\/v2\/product_cat?post=26347"},{"taxonomy":"product_tag","embeddable":true,"href":"https:\/\/goelette.ca\/en\/wp-json\/wp\/v2\/product_tag?post=26347"},{"taxonomy":"maison_dedition","embeddable":true,"href":"https:\/\/goelette.ca\/en\/wp-json\/wp\/v2\/maison_dedition?post=26347"}],"curies":[{"name":"wp","href":"https:\/\/api.w.org\/{rel}","templated":true}]}}