{"id":26331,"date":"2022-02-24T13:44:25","date_gmt":"2022-02-24T18:44:25","guid":{"rendered":"https:\/\/www.goelette.ca\/?post_type=product&#038;p=26331"},"modified":"2024-03-01T12:43:29","modified_gmt":"2024-03-01T17:43:29","slug":"journal-de-luxe-lecriture-est-une-memoire","status":"publish","type":"product","link":"https:\/\/goelette.ca\/en\/tous-les-livres\/journal-de-luxe-lecriture-est-une-memoire\/","title":{"rendered":"Journal de luxe &#8211; L&#8217;\u00e9criture est une m\u00e9moire"},"content":{"rendered":"<p>Un journal \u00e0 couverture coussin\u00e9e o\u00f9 coucher vos pens\u00e9es en toute beaut\u00e9.<\/p>\n<p>&nbsp;<\/p>\n<p>Ne perdez plus jamais le fil de vos id\u00e9es et gardez votre page gr\u00e2ce \u00e0 son signet en tissu.<\/p>\n","protected":false},"excerpt":{"rendered":"<p>Un journal \u00e0 couverture coussin\u00e9e o\u00f9 coucher vos pens\u00e9es en toute beaut\u00e9. &nbsp; Ne perdez plus jamais le fil de vos id\u00e9es et gardez votre page gr\u00e2ce \u00e0 son signet en tissu.<\/p>\n","protected":false},"featured_media":26333,"template":"","meta":{"wds_primary_product_brand":0,"wds_primary_product_cat":0,"wds_primary_maison_dedition":0},"product_brand":[],"product_cat":[556,615,614],"product_tag":[],"maison_dedition":[672,677],"class_list":{"0":"post-26331","1":"product","2":"type-product","3":"status-publish","4":"has-post-thumbnail","6":"product_cat-journaux-intimes","7":"product_cat-journaux-intimes-papeterie","8":"product_cat-papeterie","9":"maison_dedition-beaux-papierrs","10":"maison_dedition-bora-bora","12":"first","13":"instock","14":"sale","15":"taxable","16":"shipping-taxable","17":"purchasable","18":"product-type-variable"},"bundled_by":[],"bundle_stock_status":"instock","bundle_stock_quantity":null,"bundle_virtual":false,"bundle_layout":"","bundle_add_to_cart_form_location":"","bundle_editable_in_cart":false,"bundle_sold_individually_context":"","bundle_item_grouping":"","bundle_min_size":"","bundle_max_size":"","bundle_price":[],"bundled_items":[],"bundle_sell_ids":[],"acf":[],"_links":{"self":[{"href":"https:\/\/goelette.ca\/en\/wp-json\/wp\/v2\/product\/26331","targetHints":{"allow":["GET"]}}],"collection":[{"href":"https:\/\/goelette.ca\/en\/wp-json\/wp\/v2\/product"}],"about":[{"href":"https:\/\/goelette.ca\/en\/wp-json\/wp\/v2\/types\/product"}],"wp:featuredmedia":[{"embeddable":true,"href":"https:\/\/goelette.ca\/en\/wp-json\/wp\/v2\/media\/26333"}],"wp:attachment":[{"href":"https:\/\/goelette.ca\/en\/wp-json\/wp\/v2\/media?parent=26331"}],"wp:term":[{"taxonomy":"product_brand","embeddable":true,"href":"https:\/\/goelette.ca\/en\/wp-json\/wp\/v2\/product_brand?post=26331"},{"taxonomy":"product_cat","embeddable":true,"href":"https:\/\/goelette.ca\/en\/wp-json\/wp\/v2\/product_cat?post=26331"},{"taxonomy":"product_tag","embeddable":true,"href":"https:\/\/goelette.ca\/en\/wp-json\/wp\/v2\/product_tag?post=26331"},{"taxonomy":"maison_dedition","embeddable":true,"href":"https:\/\/goelette.ca\/en\/wp-json\/wp\/v2\/maison_dedition?post=26331"}],"curies":[{"name":"wp","href":"https:\/\/api.w.org\/{rel}","templated":true}]}}