{"id":26303,"date":"2022-02-24T13:22:59","date_gmt":"2022-02-24T18:22:59","guid":{"rendered":"https:\/\/www.goelette.ca\/?post_type=product&#038;p=26303"},"modified":"2025-03-24T13:57:04","modified_gmt":"2025-03-24T17:57:04","slug":"journal-de-luxe-transforme-toi","status":"publish","type":"product","link":"https:\/\/goelette.ca\/en\/tous-les-livres\/journal-de-luxe-transforme-toi\/","title":{"rendered":"Journal de luxe &#8211; Transforme-toi"},"content":{"rendered":"<p>Un journal \u00e0 couverture coussin\u00e9e o\u00f9 coucher vos pens\u00e9es en toute beaut\u00e9.<\/p>\n<p>&nbsp;<\/p>\n<p>Ne perdez plus jamais le fil de vos id\u00e9es et gardez votre page gr\u00e2ce \u00e0 son signet en tissu.<\/p>\n","protected":false},"excerpt":{"rendered":"<p>Un journal \u00e0 couverture coussin\u00e9e o\u00f9 coucher vos pens\u00e9es en toute beaut\u00e9. &nbsp; Ne perdez plus jamais le fil de vos id\u00e9es et gardez votre page gr\u00e2ce \u00e0 son signet en tissu.<\/p>\n","protected":false},"featured_media":26329,"template":"","meta":{"wds_primary_product_brand":0,"wds_primary_product_cat":0,"wds_primary_maison_dedition":0},"product_brand":[],"product_cat":[615,556,614],"product_tag":[],"maison_dedition":[672,678],"class_list":{"0":"post-26303","1":"product","2":"type-product","3":"status-publish","4":"has-post-thumbnail","6":"product_cat-journaux-intimes-papeterie","7":"product_cat-journaux-intimes","8":"product_cat-papeterie","9":"maison_dedition-beaux-papierrs","10":"maison_dedition-cathy-faucher","12":"first","13":"instock","14":"taxable","15":"shipping-taxable","16":"purchasable","17":"product-type-variable"},"bundled_by":["49959"],"bundle_stock_status":"instock","bundle_stock_quantity":null,"bundle_virtual":false,"bundle_layout":"","bundle_add_to_cart_form_location":"","bundle_editable_in_cart":false,"bundle_sold_individually_context":"","bundle_item_grouping":"","bundle_min_size":"","bundle_max_size":"","bundle_price":[],"bundled_items":[],"bundle_sell_ids":[],"acf":[],"_links":{"self":[{"href":"https:\/\/goelette.ca\/en\/wp-json\/wp\/v2\/product\/26303","targetHints":{"allow":["GET"]}}],"collection":[{"href":"https:\/\/goelette.ca\/en\/wp-json\/wp\/v2\/product"}],"about":[{"href":"https:\/\/goelette.ca\/en\/wp-json\/wp\/v2\/types\/product"}],"wp:featuredmedia":[{"embeddable":true,"href":"https:\/\/goelette.ca\/en\/wp-json\/wp\/v2\/media\/26329"}],"wp:attachment":[{"href":"https:\/\/goelette.ca\/en\/wp-json\/wp\/v2\/media?parent=26303"}],"wp:term":[{"taxonomy":"product_brand","embeddable":true,"href":"https:\/\/goelette.ca\/en\/wp-json\/wp\/v2\/product_brand?post=26303"},{"taxonomy":"product_cat","embeddable":true,"href":"https:\/\/goelette.ca\/en\/wp-json\/wp\/v2\/product_cat?post=26303"},{"taxonomy":"product_tag","embeddable":true,"href":"https:\/\/goelette.ca\/en\/wp-json\/wp\/v2\/product_tag?post=26303"},{"taxonomy":"maison_dedition","embeddable":true,"href":"https:\/\/goelette.ca\/en\/wp-json\/wp\/v2\/maison_dedition?post=26303"}],"curies":[{"name":"wp","href":"https:\/\/api.w.org\/{rel}","templated":true}]}}