{"id":263025,"date":"2025-08-27T00:01:39","date_gmt":"2025-08-27T04:01:39","guid":{"rendered":"https:\/\/goelette.ca\/?post_type=product&#038;p=263025"},"modified":"2026-01-13T09:23:07","modified_gmt":"2026-01-13T14:23:07","slug":"coloriages-hantes","status":"publish","type":"product","link":"https:\/\/goelette.ca\/en\/tous-les-livres\/coloriages-hantes\/","title":{"rendered":"Coloriages hant\u00e9s"},"content":{"rendered":"<p class=\"p2\">Fant\u00f4mes, citrouilles, bonbons et d\u00e9guisements, voil\u00e0 ce qui vous attend dans ce livre de coloriages super r\u00e9confortants aux traits larges et pleins de douceur.<\/p>\n<p>Sors tes crayons pr\u00e9f\u00e9r\u00e9s et profite d&#8217;un moment de d\u00e9tente en donnant vie \u00e0 ces 40 dessins c\u00e9l\u00e9brant la f\u00eate de l&#8217;Halloween !<\/p>\n<p>&nbsp;<\/p>\n","protected":false},"excerpt":{"rendered":"<p>Fant\u00f4mes, citrouilles, bonbons et d\u00e9guisements, voil\u00e0 ce qui vous attend dans ce livre de coloriages super r\u00e9confortants aux traits larges et pleins de douceur. Sors tes crayons pr\u00e9f\u00e9r\u00e9s et profite d&#8217;un moment de d\u00e9tente en donnant vie \u00e0 ces 40 dessins c\u00e9l\u00e9brant la f\u00eate de l&#8217;Halloween ! &nbsp;<\/p>\n","protected":false},"featured_media":263030,"template":"","meta":{"wds_primary_product_brand":0,"wds_primary_product_cat":0,"wds_primary_maison_dedition":0},"product_brand":[],"product_cat":[652,616,625],"product_tag":[],"maison_dedition":[904,630],"class_list":{"0":"post-263025","1":"product","2":"type-product","3":"status-publish","4":"has-post-thumbnail","6":"product_cat-coloriage-pratique","7":"product_cat-coloriages","8":"product_cat-halloween","9":"pa_auteur-jade-lachine-illustratrice","10":"maison_dedition-coloriages-jade-lachine","11":"maison_dedition-les-editions-goelette","13":"first","14":"instock","15":"taxable","16":"shipping-taxable","17":"purchasable","18":"product-type-variable","19":"has-default-attributes"},"bundled_by":[],"bundle_stock_status":"instock","bundle_stock_quantity":null,"bundle_virtual":false,"bundle_layout":"","bundle_add_to_cart_form_location":"","bundle_editable_in_cart":false,"bundle_sold_individually_context":"","bundle_item_grouping":"","bundle_min_size":"","bundle_max_size":"","bundle_price":[],"bundled_items":[],"bundle_sell_ids":[],"acf":[],"_links":{"self":[{"href":"https:\/\/goelette.ca\/en\/wp-json\/wp\/v2\/product\/263025","targetHints":{"allow":["GET"]}}],"collection":[{"href":"https:\/\/goelette.ca\/en\/wp-json\/wp\/v2\/product"}],"about":[{"href":"https:\/\/goelette.ca\/en\/wp-json\/wp\/v2\/types\/product"}],"wp:featuredmedia":[{"embeddable":true,"href":"https:\/\/goelette.ca\/en\/wp-json\/wp\/v2\/media\/263030"}],"wp:attachment":[{"href":"https:\/\/goelette.ca\/en\/wp-json\/wp\/v2\/media?parent=263025"}],"wp:term":[{"taxonomy":"product_brand","embeddable":true,"href":"https:\/\/goelette.ca\/en\/wp-json\/wp\/v2\/product_brand?post=263025"},{"taxonomy":"product_cat","embeddable":true,"href":"https:\/\/goelette.ca\/en\/wp-json\/wp\/v2\/product_cat?post=263025"},{"taxonomy":"product_tag","embeddable":true,"href":"https:\/\/goelette.ca\/en\/wp-json\/wp\/v2\/product_tag?post=263025"},{"taxonomy":"maison_dedition","embeddable":true,"href":"https:\/\/goelette.ca\/en\/wp-json\/wp\/v2\/maison_dedition?post=263025"}],"curies":[{"name":"wp","href":"https:\/\/api.w.org\/{rel}","templated":true}]}}