{"id":262042,"date":"2025-08-08T11:11:58","date_gmt":"2025-08-08T15:11:58","guid":{"rendered":"https:\/\/goelette.ca\/?post_type=product&#038;p=262042"},"modified":"2025-12-03T09:28:27","modified_gmt":"2025-12-03T14:28:27","slug":"la-dame-de-knox-tome-3-linsoumission","status":"publish","type":"product","link":"https:\/\/goelette.ca\/en\/tous-les-livres\/la-dame-de-knox-tome-3-linsoumission\/","title":{"rendered":"La dame de Knox &#8211; Tome 3. L&#8217;insoumission"},"content":{"rendered":"<p class=\"p1\">La peste et la guerre qui perdure entre la France et l\u2019Angleterre poursuivent leurs ravages. L\u2019Europe n\u2019\u00e9tant plus un endroit s\u00fbr pour eux, les de Knox doivent s\u2019exiler vers de lointaines contr\u00e9es. Au bout du monde, Anne s\u2019acclimate difficilement aux coutumes barbares de son pays d\u2019accueil. Joffrey semble avoir plus de facilit\u00e9 \u00e0 s\u2019int\u00e9grer lorsque le sultan lui conf\u00e8re d\u2019importantes responsabilit\u00e9s. Il devient alors un tout autre homme que m\u00eame son \u00e9pouse peine \u00e0 reconna\u00eetre.<\/p>\n<p class=\"p1\">Comment Anne arrivera-t-elle \u00e0 prot\u00e9ger sa famille sur cette terre \u00e9trang\u00e8re ? L\u2019amour sera-t-il assez fort pour braver toutes les temp\u00eates ?<\/p>\n<p class=\"p1\">Avec<em> L\u2019insoumission<\/em>, Sonia Alain nous transporte au coeur de la passion et des tourments de ses personnages, et cl\u00f4t en beaut\u00e9 la trilogie de <em>La dame de Knox<\/em>.<\/p>\n","protected":false},"excerpt":{"rendered":"<p>La peste et la guerre qui perdure entre la France et l\u2019Angleterre poursuivent leurs ravages. L\u2019Europe n\u2019\u00e9tant plus un endroit s\u00fbr pour eux, les de Knox doivent s\u2019exiler vers de lointaines contr\u00e9es. Au bout du monde, Anne s\u2019acclimate difficilement aux coutumes barbares de son pays d\u2019accueil. Joffrey semble avoir plus de facilit\u00e9 \u00e0 s\u2019int\u00e9grer lorsque [&hellip;]<\/p>\n","protected":false},"featured_media":262045,"template":"","meta":{"wds_primary_product_brand":0,"wds_primary_product_cat":0,"wds_primary_maison_dedition":0},"product_brand":[],"product_cat":[543,542,585],"product_tag":[],"maison_dedition":[541],"class_list":{"0":"post-262042","1":"product","2":"type-product","3":"status-publish","4":"has-post-thumbnail","6":"product_cat-historique","7":"product_cat-roman","8":"product_cat-romance","9":"pa_auteur-sonia-alain","10":"maison_dedition-les-editions-coup-doeil","12":"first","13":"instock","14":"taxable","15":"shipping-taxable","16":"purchasable","17":"product-type-variable"},"bundled_by":[],"bundle_stock_status":"instock","bundle_stock_quantity":null,"bundle_virtual":false,"bundle_layout":"","bundle_add_to_cart_form_location":"","bundle_editable_in_cart":false,"bundle_sold_individually_context":"","bundle_item_grouping":"","bundle_min_size":"","bundle_max_size":"","bundle_price":[],"bundled_items":[],"bundle_sell_ids":[],"acf":[],"_links":{"self":[{"href":"https:\/\/goelette.ca\/en\/wp-json\/wp\/v2\/product\/262042","targetHints":{"allow":["GET"]}}],"collection":[{"href":"https:\/\/goelette.ca\/en\/wp-json\/wp\/v2\/product"}],"about":[{"href":"https:\/\/goelette.ca\/en\/wp-json\/wp\/v2\/types\/product"}],"wp:featuredmedia":[{"embeddable":true,"href":"https:\/\/goelette.ca\/en\/wp-json\/wp\/v2\/media\/262045"}],"wp:attachment":[{"href":"https:\/\/goelette.ca\/en\/wp-json\/wp\/v2\/media?parent=262042"}],"wp:term":[{"taxonomy":"product_brand","embeddable":true,"href":"https:\/\/goelette.ca\/en\/wp-json\/wp\/v2\/product_brand?post=262042"},{"taxonomy":"product_cat","embeddable":true,"href":"https:\/\/goelette.ca\/en\/wp-json\/wp\/v2\/product_cat?post=262042"},{"taxonomy":"product_tag","embeddable":true,"href":"https:\/\/goelette.ca\/en\/wp-json\/wp\/v2\/product_tag?post=262042"},{"taxonomy":"maison_dedition","embeddable":true,"href":"https:\/\/goelette.ca\/en\/wp-json\/wp\/v2\/maison_dedition?post=262042"}],"curies":[{"name":"wp","href":"https:\/\/api.w.org\/{rel}","templated":true}]}}