{"id":262037,"date":"2025-08-08T11:05:02","date_gmt":"2025-08-08T15:05:02","guid":{"rendered":"https:\/\/goelette.ca\/?post_type=product&#038;p=262037"},"modified":"2025-12-03T09:24:18","modified_gmt":"2025-12-03T14:24:18","slug":"la-dame-de-knox-tome-2-la-tourmente","status":"publish","type":"product","link":"https:\/\/goelette.ca\/en\/tous-les-livres\/la-dame-de-knox-tome-2-la-tourmente\/","title":{"rendered":"La dame de Knox &#8211; Tome 2. La tourmente"},"content":{"rendered":"<p class=\"p1\">Joffrey de Knox est un tra\u00eetre ! Du moins, c\u2019est l\u2019avis du roi d\u2019Angleterre. Par amour pour son \u00e9pouse, le seigneur de Knox a chang\u00e9 de camp et est d\u00e9sormais alli\u00e9 aux forces fran\u00e7aises. Apprenant cette trahison, le monarque anglais jure d\u2019assouvir sa vengeance en s\u2019en prenant \u00e0 la jeune femme. Mais pour Anne, un malheur n\u2019attend pas l\u2019autre : la peste est aux portes du pays !<\/p>\n<p class=\"p1\">Tandis que les effets fulgurants de l\u2019\u00e9pid\u00e9mie se font sentir et que les complots se multiplient, Joffrey, Anne et leurs enfants demeurent sur leurs gardes. R\u00e9ussiront-ils \u00e0 sortir indemnes de ces terribles \u00e9preuves ?<\/p>\n<p class=\"p1\">\u00c0 travers l\u2019orage de la mythique guerre de Cent ans, Sonia Alain nous livre, avec <em>La tourmente<\/em>, une romance sulfureuse, qui nous captive d\u00e8s la premi\u00e8re page.<\/p>\n","protected":false},"excerpt":{"rendered":"<p>Joffrey de Knox est un tra\u00eetre ! Du moins, c\u2019est l\u2019avis du roi d\u2019Angleterre. Par amour pour son \u00e9pouse, le seigneur de Knox a chang\u00e9 de camp et est d\u00e9sormais alli\u00e9 aux forces fran\u00e7aises. Apprenant cette trahison, le monarque anglais jure d\u2019assouvir sa vengeance en s\u2019en prenant \u00e0 la jeune femme. Mais pour Anne, un [&hellip;]<\/p>\n","protected":false},"featured_media":262040,"template":"","meta":{"wds_primary_product_brand":0,"wds_primary_product_cat":0,"wds_primary_maison_dedition":0},"product_brand":[],"product_cat":[543,542,585],"product_tag":[],"maison_dedition":[541],"class_list":{"0":"post-262037","1":"product","2":"type-product","3":"status-publish","4":"has-post-thumbnail","6":"product_cat-historique","7":"product_cat-roman","8":"product_cat-romance","9":"pa_auteur-sonia-alain","10":"maison_dedition-les-editions-coup-doeil","12":"first","13":"instock","14":"taxable","15":"shipping-taxable","16":"purchasable","17":"product-type-variable"},"bundled_by":[],"bundle_stock_status":"instock","bundle_stock_quantity":null,"bundle_virtual":false,"bundle_layout":"","bundle_add_to_cart_form_location":"","bundle_editable_in_cart":false,"bundle_sold_individually_context":"","bundle_item_grouping":"","bundle_min_size":"","bundle_max_size":"","bundle_price":[],"bundled_items":[],"bundle_sell_ids":[],"acf":[],"_links":{"self":[{"href":"https:\/\/goelette.ca\/en\/wp-json\/wp\/v2\/product\/262037","targetHints":{"allow":["GET"]}}],"collection":[{"href":"https:\/\/goelette.ca\/en\/wp-json\/wp\/v2\/product"}],"about":[{"href":"https:\/\/goelette.ca\/en\/wp-json\/wp\/v2\/types\/product"}],"wp:featuredmedia":[{"embeddable":true,"href":"https:\/\/goelette.ca\/en\/wp-json\/wp\/v2\/media\/262040"}],"wp:attachment":[{"href":"https:\/\/goelette.ca\/en\/wp-json\/wp\/v2\/media?parent=262037"}],"wp:term":[{"taxonomy":"product_brand","embeddable":true,"href":"https:\/\/goelette.ca\/en\/wp-json\/wp\/v2\/product_brand?post=262037"},{"taxonomy":"product_cat","embeddable":true,"href":"https:\/\/goelette.ca\/en\/wp-json\/wp\/v2\/product_cat?post=262037"},{"taxonomy":"product_tag","embeddable":true,"href":"https:\/\/goelette.ca\/en\/wp-json\/wp\/v2\/product_tag?post=262037"},{"taxonomy":"maison_dedition","embeddable":true,"href":"https:\/\/goelette.ca\/en\/wp-json\/wp\/v2\/maison_dedition?post=262037"}],"curies":[{"name":"wp","href":"https:\/\/api.w.org\/{rel}","templated":true}]}}