{"id":262026,"date":"2025-08-08T10:54:46","date_gmt":"2025-08-08T14:54:46","guid":{"rendered":"https:\/\/goelette.ca\/?post_type=product&#038;p=262026"},"modified":"2025-12-03T09:27:14","modified_gmt":"2025-12-03T14:27:14","slug":"la-dame-de-knox-tome-1-le-masque","status":"publish","type":"product","link":"https:\/\/goelette.ca\/en\/tous-les-livres\/la-dame-de-knox-tome-1-le-masque\/","title":{"rendered":"La dame de Knox &#8211; Tome 1. Le masque"},"content":{"rendered":"<p class=\"p1\">\u00c0 l\u2019aube de la guerre de Cent Ans, Anne de Valli\u00e8re apprend \u00e0 son grand d\u00e9sespoir qu\u2019elle est promise \u00e0 Joffrey de Knox. Guerrier brutal \u00e0 la solde du roi d\u2019Angleterre, son futur \u00e9poux ne songe qu\u2019\u00e0 \u00e9tendre son pouvoir sur les terres du d\u00e9funt seigneur de Valli\u00e8re.<\/p>\n<p class=\"p1\">Anne est toutefois une jeune femme combative et d\u00e9termin\u00e9e, qui ne le laissera pas parvenir \u00e0 ses fins si facilement. Alors que Joffrey d\u00e9couvre le caract\u00e8re farouche de sa compagne, Anne le persuadera-t-elle de laisser tomber son masque pour d\u00e9voiler son c\u00f4t\u00e9 tendre et attentionn\u00e9 ?<\/p>\n<p class=\"p1\">Avec <em><span class=\"s1\">Le masque<\/span><\/em>, Sonia Alain entame une trilogie emplie de courage et de sensualit\u00e9, entrem\u00eal\u00e9e d\u2019intrigues politiques et de luttes de pouvoir.<\/p>\n","protected":false},"excerpt":{"rendered":"<p>\u00c0 l\u2019aube de la guerre de Cent Ans, Anne de Valli\u00e8re apprend \u00e0 son grand d\u00e9sespoir qu\u2019elle est promise \u00e0 Joffrey de Knox. Guerrier brutal \u00e0 la solde du roi d\u2019Angleterre, son futur \u00e9poux ne songe qu\u2019\u00e0 \u00e9tendre son pouvoir sur les terres du d\u00e9funt seigneur de Valli\u00e8re. Anne est toutefois une jeune femme combative [&hellip;]<\/p>\n","protected":false},"featured_media":262029,"template":"","meta":{"wds_primary_product_brand":0,"wds_primary_product_cat":0,"wds_primary_maison_dedition":0},"product_brand":[],"product_cat":[543,542,585],"product_tag":[],"maison_dedition":[541],"class_list":{"0":"post-262026","1":"product","2":"type-product","3":"status-publish","4":"has-post-thumbnail","6":"product_cat-historique","7":"product_cat-roman","8":"product_cat-romance","9":"pa_auteur-sonia-alain","10":"maison_dedition-les-editions-coup-doeil","12":"first","13":"instock","14":"taxable","15":"shipping-taxable","16":"purchasable","17":"product-type-variable"},"bundled_by":[],"bundle_stock_status":"instock","bundle_stock_quantity":null,"bundle_virtual":false,"bundle_layout":"","bundle_add_to_cart_form_location":"","bundle_editable_in_cart":false,"bundle_sold_individually_context":"","bundle_item_grouping":"","bundle_min_size":"","bundle_max_size":"","bundle_price":[],"bundled_items":[],"bundle_sell_ids":[],"acf":[],"_links":{"self":[{"href":"https:\/\/goelette.ca\/en\/wp-json\/wp\/v2\/product\/262026","targetHints":{"allow":["GET"]}}],"collection":[{"href":"https:\/\/goelette.ca\/en\/wp-json\/wp\/v2\/product"}],"about":[{"href":"https:\/\/goelette.ca\/en\/wp-json\/wp\/v2\/types\/product"}],"wp:featuredmedia":[{"embeddable":true,"href":"https:\/\/goelette.ca\/en\/wp-json\/wp\/v2\/media\/262029"}],"wp:attachment":[{"href":"https:\/\/goelette.ca\/en\/wp-json\/wp\/v2\/media?parent=262026"}],"wp:term":[{"taxonomy":"product_brand","embeddable":true,"href":"https:\/\/goelette.ca\/en\/wp-json\/wp\/v2\/product_brand?post=262026"},{"taxonomy":"product_cat","embeddable":true,"href":"https:\/\/goelette.ca\/en\/wp-json\/wp\/v2\/product_cat?post=262026"},{"taxonomy":"product_tag","embeddable":true,"href":"https:\/\/goelette.ca\/en\/wp-json\/wp\/v2\/product_tag?post=262026"},{"taxonomy":"maison_dedition","embeddable":true,"href":"https:\/\/goelette.ca\/en\/wp-json\/wp\/v2\/maison_dedition?post=262026"}],"curies":[{"name":"wp","href":"https:\/\/api.w.org\/{rel}","templated":true}]}}