{"id":26040,"date":"2022-02-17T00:00:30","date_gmt":"2022-02-17T05:00:30","guid":{"rendered":"https:\/\/www.goelette.ca\/?post_type=product&#038;p=26040"},"modified":"2023-03-23T14:15:58","modified_gmt":"2023-03-23T18:15:58","slug":"la-petite-orpheline-2","status":"publish","type":"product","link":"https:\/\/goelette.ca\/en\/tous-les-livres\/la-petite-orpheline-2\/","title":{"rendered":"La petite orpheline"},"content":{"rendered":"<p>Dans la Roumanie dirig\u00e9e par le dictateur communiste Ceau\u0219escu, la jeune Loredana voit le jour dans un monde o\u00f9 la pauvret\u00e9 et la famine constituent le pain quotidien de la population. Apr\u00e8s un accident qui la laisse marqu\u00e9e d\u2019une terrible cicatrice, elle est abandonn\u00e9e par sa m\u00e8re et prise en charge par un orphelinat.<\/p>\n<p>Lors de ces jours sombres marqu\u00e9s par la violence et la menace des r\u00e9seaux de prostitution et de trafic d\u2019organes, seuls viennent \u00e0 son secours ses amis : Vlad, qui l\u2019initie au plaisir salvateur de la lecture, et Violetta, sa protectrice fut\u00e9e aux nombreuses ressources. \u00c0 mesure que le temps passe, l\u2019espoir de renouer avec sa m\u00e8re et de rencontrer son p\u00e8re inconnu agira comme un baume. Peut-\u00eatre son souhait sera-t-il un jour exauc\u00e9\u2026<\/p>\n<p>Par une plume habile qui recr\u00e9e la candeur et l\u2019imagination de l\u2019enfance, Loredana Drilea et Marc Fisher livrent un r\u00e9cit touchant qui transmet un message extraordinaire de r\u00e9silience et de t\u00e9nacit\u00e9.<\/p>\n<p>\u00c9crivain, sc\u00e9nariste et conf\u00e9rencier, Marc Fisher a fait ses d\u00e9buts dans le monde litt\u00e9raire avec sa s\u00e9rie \u00e0 succ\u00e8s Le millionnaire et poss\u00e8de aujourd\u2019hui plus d\u2019une quarantaine d\u2019ouvrages \u00e0 son actif. Auteur polyvalent, il ma\u00eetrise autant le suspense du thriller que les subtilit\u00e9s de la romance. Ses oeuvres ont \u00e9t\u00e9 traduites dans plus d\u2019une trentaine de langues et ont conquis un lectorat international.<\/p>\n<p>N\u00e9e en Roumanie dans la petite ville de Falticeni, Loredana Drilea a pass\u00e9 les premi\u00e8res ann\u00e9es de sa vie dans un orphelinat communiste. Aujourd\u2019hui femme d\u2019affaires, conf\u00e9renci\u00e8re et m\u00e8re aimante de deux enfants, elle souhaite transmettre un message d\u2019espoir, tout en agissant comme porte-parole pour les droits des enfants \u00e0 travers le monde.<\/p>\n","protected":false},"excerpt":{"rendered":"<p>Dans la Roumanie dirig\u00e9e par le dictateur communiste Ceau\u0219escu, la jeune Loredana voit le jour dans un monde o\u00f9 la pauvret\u00e9 et la famine constituent le pain quotidien de la population. Apr\u00e8s un accident qui la laisse marqu\u00e9e d\u2019une terrible cicatrice, elle est abandonn\u00e9e par sa m\u00e8re et prise en charge par un orphelinat. Lors [&hellip;]<\/p>\n","protected":false},"featured_media":26045,"template":"","meta":{"wds_primary_product_brand":0,"wds_primary_product_cat":0,"wds_primary_maison_dedition":0},"product_brand":[],"product_cat":[565,542],"product_tag":[],"maison_dedition":[541],"class_list":{"0":"post-26040","1":"product","2":"type-product","3":"status-publish","4":"has-post-thumbnail","6":"product_cat-drame","7":"product_cat-roman","8":"pa_auteur-loredana-drilea","9":"pa_auteur-marc-fisher","10":"maison_dedition-les-editions-coup-doeil","12":"first","13":"instock","14":"taxable","15":"shipping-taxable","16":"purchasable","17":"product-type-variable","18":"has-default-attributes"},"bundled_by":[],"bundle_stock_status":"instock","bundle_stock_quantity":null,"bundle_virtual":false,"bundle_layout":"","bundle_add_to_cart_form_location":"","bundle_editable_in_cart":false,"bundle_sold_individually_context":"","bundle_item_grouping":"","bundle_min_size":"","bundle_max_size":"","bundle_price":[],"bundled_items":[],"bundle_sell_ids":[],"acf":[],"_links":{"self":[{"href":"https:\/\/goelette.ca\/en\/wp-json\/wp\/v2\/product\/26040","targetHints":{"allow":["GET"]}}],"collection":[{"href":"https:\/\/goelette.ca\/en\/wp-json\/wp\/v2\/product"}],"about":[{"href":"https:\/\/goelette.ca\/en\/wp-json\/wp\/v2\/types\/product"}],"wp:featuredmedia":[{"embeddable":true,"href":"https:\/\/goelette.ca\/en\/wp-json\/wp\/v2\/media\/26045"}],"wp:attachment":[{"href":"https:\/\/goelette.ca\/en\/wp-json\/wp\/v2\/media?parent=26040"}],"wp:term":[{"taxonomy":"product_brand","embeddable":true,"href":"https:\/\/goelette.ca\/en\/wp-json\/wp\/v2\/product_brand?post=26040"},{"taxonomy":"product_cat","embeddable":true,"href":"https:\/\/goelette.ca\/en\/wp-json\/wp\/v2\/product_cat?post=26040"},{"taxonomy":"product_tag","embeddable":true,"href":"https:\/\/goelette.ca\/en\/wp-json\/wp\/v2\/product_tag?post=26040"},{"taxonomy":"maison_dedition","embeddable":true,"href":"https:\/\/goelette.ca\/en\/wp-json\/wp\/v2\/maison_dedition?post=26040"}],"curies":[{"name":"wp","href":"https:\/\/api.w.org\/{rel}","templated":true}]}}