{"id":260254,"date":"2025-10-15T00:03:40","date_gmt":"2025-10-15T04:03:40","guid":{"rendered":"https:\/\/goelette.ca\/?post_type=product&#038;p=260254"},"modified":"2025-10-15T15:41:25","modified_gmt":"2025-10-15T19:41:25","slug":"le-fantastique-livre-des-animaux-disparus","status":"publish","type":"product","link":"https:\/\/goelette.ca\/en\/tous-les-livres\/le-fantastique-livre-des-animaux-disparus\/","title":{"rendered":"Le fantastique livre des animaux disparus"},"content":{"rendered":"<p class=\"p1\"><strong>Partez \u00e0 la recherche des animaux disparus qui peuplaient autrefois la Terre !<\/strong><\/p>\n<p class=\"p1\">Ce livre pr\u00e9sente des animaux ayant v\u00e9cu avant l\u2019apparition de l\u2019Homo sapiens, parfois pendant des millions d\u2019ann\u00e9es, et qui n\u2019existent plus aujourd\u2019hui. Gr\u00e2ce \u00e0 des illustrations d\u00e9taill\u00e9es et une riche documentation, d\u00e9couvrez \u00e0 quoi ils ressemblaient, comment ils vivaient et les causes possibles de leur extinction.<\/p>\n","protected":false},"excerpt":{"rendered":"<p>Partez \u00e0 la recherche des animaux disparus qui peuplaient autrefois la Terre ! Ce livre pr\u00e9sente des animaux ayant v\u00e9cu avant l\u2019apparition de l\u2019Homo sapiens, parfois pendant des millions d\u2019ann\u00e9es, et qui n\u2019existent plus aujourd\u2019hui. Gr\u00e2ce \u00e0 des illustrations d\u00e9taill\u00e9es et une riche documentation, d\u00e9couvrez \u00e0 quoi ils ressemblaient, comment ils vivaient et les causes [&hellip;]<\/p>\n","protected":false},"featured_media":260256,"template":"","meta":{"wds_primary_product_brand":0,"wds_primary_product_cat":0,"wds_primary_maison_dedition":0},"product_brand":[],"product_cat":[555,553,538,554],"product_tag":[],"maison_dedition":[630],"class_list":{"0":"post-260254","1":"product","2":"type-product","3":"status-publish","4":"has-post-thumbnail","6":"product_cat-6-ans-et-plus","7":"product_cat-documentaire","8":"product_cat-jeunesse","9":"product_cat-zoologie","10":"pa_auteur-collectif","11":"maison_dedition-les-editions-goelette","13":"first","14":"instock","15":"taxable","16":"shipping-taxable","17":"purchasable","18":"product-type-variable","19":"has-default-attributes"},"bundled_by":[],"bundle_stock_status":"instock","bundle_stock_quantity":null,"bundle_virtual":false,"bundle_layout":"","bundle_add_to_cart_form_location":"","bundle_editable_in_cart":false,"bundle_sold_individually_context":"","bundle_item_grouping":"","bundle_min_size":"","bundle_max_size":"","bundle_price":[],"bundled_items":[],"bundle_sell_ids":[],"acf":[],"_links":{"self":[{"href":"https:\/\/goelette.ca\/en\/wp-json\/wp\/v2\/product\/260254","targetHints":{"allow":["GET"]}}],"collection":[{"href":"https:\/\/goelette.ca\/en\/wp-json\/wp\/v2\/product"}],"about":[{"href":"https:\/\/goelette.ca\/en\/wp-json\/wp\/v2\/types\/product"}],"wp:featuredmedia":[{"embeddable":true,"href":"https:\/\/goelette.ca\/en\/wp-json\/wp\/v2\/media\/260256"}],"wp:attachment":[{"href":"https:\/\/goelette.ca\/en\/wp-json\/wp\/v2\/media?parent=260254"}],"wp:term":[{"taxonomy":"product_brand","embeddable":true,"href":"https:\/\/goelette.ca\/en\/wp-json\/wp\/v2\/product_brand?post=260254"},{"taxonomy":"product_cat","embeddable":true,"href":"https:\/\/goelette.ca\/en\/wp-json\/wp\/v2\/product_cat?post=260254"},{"taxonomy":"product_tag","embeddable":true,"href":"https:\/\/goelette.ca\/en\/wp-json\/wp\/v2\/product_tag?post=260254"},{"taxonomy":"maison_dedition","embeddable":true,"href":"https:\/\/goelette.ca\/en\/wp-json\/wp\/v2\/maison_dedition?post=260254"}],"curies":[{"name":"wp","href":"https:\/\/api.w.org\/{rel}","templated":true}]}}