{"id":260225,"date":"2025-08-04T13:23:31","date_gmt":"2025-08-04T17:23:31","guid":{"rendered":"https:\/\/goelette.ca\/?post_type=product&#038;p=260225"},"modified":"2025-08-04T13:33:10","modified_gmt":"2025-08-04T17:33:10","slug":"des-jeux-et-des-jeux-geants-jeux-varies-gros-caracteres","status":"publish","type":"product","link":"https:\/\/goelette.ca\/en\/tous-les-livres\/des-jeux-et-des-jeux-geants-jeux-varies-gros-caracteres\/","title":{"rendered":"Des jeux et des jeux g\u00e9ants &#8211; Jeux vari\u00e9s gros caract\u00e8res"},"content":{"rendered":"<p class=\"p1\">Adeptes de jeux vari\u00e9s, ne laissez rien freiner votre envie de jouer ! Profitez de vos jeux pr\u00e9f\u00e9r\u00e9s gr\u00e2ce aux gros caract\u00e8res plus faciles \u00e0 lire.<\/p>\n<p class=\"p2\">La collection Des jeux et des jeux g\u00e9ants vous propose des jeux de lettres et de chiffres classiques dans un format plus grand.<\/p>\n<p class=\"p2\">Le volet <strong>Gros caract\u00e8res<\/strong> offre des grilles de taille classique, mais accessibles \u00e0 tous avec des caract\u00e8res plus gros.<\/p>\n<p>\u00c0 l&#8217;int\u00e9rieur:<\/p>\n<ul>\n<li>Mots cach\u00e9s<\/li>\n<li>Mots entrecrois\u00e9s<\/li>\n<li>Sudokus<\/li>\n<li>Mots d\u00e9brouill\u00e9s<\/li>\n<li>Le mot<\/li>\n<li>Mots crois\u00e9s<\/li>\n<li>Jeux binaires<\/li>\n<li>Mots abeille<\/li>\n<li>Mots cod\u00e9s<\/li>\n<\/ul>\n","protected":false},"excerpt":{"rendered":"<p>Adeptes de jeux vari\u00e9s, ne laissez rien freiner votre envie de jouer ! Profitez de vos jeux pr\u00e9f\u00e9r\u00e9s gr\u00e2ce aux gros caract\u00e8res plus faciles \u00e0 lire. La collection Des jeux et des jeux g\u00e9ants vous propose des jeux de lettres et de chiffres classiques dans un format plus grand. Le volet Gros caract\u00e8res offre des [&hellip;]<\/p>\n","protected":false},"featured_media":260228,"template":"","meta":{"wds_primary_product_brand":0,"wds_primary_product_cat":0,"wds_primary_maison_dedition":0},"product_brand":[],"product_cat":[567,646,587,566],"product_tag":[],"maison_dedition":[648,630],"class_list":{"0":"post-260225","1":"product","2":"type-product","3":"status-publish","4":"has-post-thumbnail","6":"product_cat-adulte","7":"product_cat-gros-caracteres","8":"product_cat-jeux-melanges","9":"product_cat-livres-de-jeux","10":"pa_auteur-collectif","11":"maison_dedition-des-jeux-et-des-jeux","12":"maison_dedition-les-editions-goelette","14":"first","15":"instock","16":"taxable","17":"shipping-taxable","18":"purchasable","19":"product-type-variable","20":"has-default-attributes"},"bundled_by":[],"bundle_stock_status":"instock","bundle_stock_quantity":null,"bundle_virtual":false,"bundle_layout":"","bundle_add_to_cart_form_location":"","bundle_editable_in_cart":false,"bundle_sold_individually_context":"","bundle_item_grouping":"","bundle_min_size":"","bundle_max_size":"","bundle_price":[],"bundled_items":[],"bundle_sell_ids":[],"acf":[],"_links":{"self":[{"href":"https:\/\/goelette.ca\/en\/wp-json\/wp\/v2\/product\/260225","targetHints":{"allow":["GET"]}}],"collection":[{"href":"https:\/\/goelette.ca\/en\/wp-json\/wp\/v2\/product"}],"about":[{"href":"https:\/\/goelette.ca\/en\/wp-json\/wp\/v2\/types\/product"}],"wp:featuredmedia":[{"embeddable":true,"href":"https:\/\/goelette.ca\/en\/wp-json\/wp\/v2\/media\/260228"}],"wp:attachment":[{"href":"https:\/\/goelette.ca\/en\/wp-json\/wp\/v2\/media?parent=260225"}],"wp:term":[{"taxonomy":"product_brand","embeddable":true,"href":"https:\/\/goelette.ca\/en\/wp-json\/wp\/v2\/product_brand?post=260225"},{"taxonomy":"product_cat","embeddable":true,"href":"https:\/\/goelette.ca\/en\/wp-json\/wp\/v2\/product_cat?post=260225"},{"taxonomy":"product_tag","embeddable":true,"href":"https:\/\/goelette.ca\/en\/wp-json\/wp\/v2\/product_tag?post=260225"},{"taxonomy":"maison_dedition","embeddable":true,"href":"https:\/\/goelette.ca\/en\/wp-json\/wp\/v2\/maison_dedition?post=260225"}],"curies":[{"name":"wp","href":"https:\/\/api.w.org\/{rel}","templated":true}]}}