{"id":26011,"date":"2022-02-17T00:00:53","date_gmt":"2022-02-17T05:00:53","guid":{"rendered":"https:\/\/www.goelette.ca\/?post_type=product&#038;p=26011"},"modified":"2025-03-20T10:47:12","modified_gmt":"2025-03-20T14:47:12","slug":"guerriere-avant-que-lamour-tue","status":"publish","type":"product","link":"https:\/\/goelette.ca\/en\/tous-les-livres\/guerriere-avant-que-lamour-tue\/","title":{"rendered":"Guerri\u00e8re &#8211; Avant que l&#8217;amour tue"},"content":{"rendered":"<p>Dans cette histoire inspir\u00e9e de faits r\u00e9els, Martine, \u00e2g\u00e9e de seulement dix-huit ans, voit sa vie basculer lorsqu\u2019elle s\u2019\u00e9prend de Herby, un jeune homme ambitieux \u00e0 la beaut\u00e9 saisissante. Charismatique et habile manipulateur, il convainc la jeune femme de se convertir en danseuse nue, pendant qu\u2019il termine ses \u00e9tudes en m\u00e9decine, dans le but de rem\u00e9dier \u00e0 leur situation financi\u00e8re pr\u00e9caire. Alors que la jolie rousse renonce \u00e0 ses principes et se pr\u00eate avec r\u00e9ticence \u00e0 la requ\u00eate de son amoureux, elle d\u00e9couvre un monde profond\u00e9ment vici\u00e9 o\u00f9 la souffrance f\u00e9minine est omnipr\u00e9sente. \u00c0 mesure que les crises de jalousie d\u2019Herby s\u2019intensifient et que sa vraie nature commence \u00e0 percer, Martine sent peu \u00e0 peu l\u2019\u00e9tau se refermer sur elle. Elle croit sa situation sans issue\u2026 jusqu\u2019au jour o\u00f9 elle constate sa grossesse. Bien d\u00e9cid\u00e9e \u00e0 ce que sa fille naisse dans un milieu exempt de violence, Martine r\u00e9alise qu\u2019elle dispose de ressources inesp\u00e9r\u00e9es. Elle voit \u00e9merger en elle la guerri\u00e8re.<\/p>\n<p>\u00c0 l\u2019aide de ce r\u00e9cit bouleversant mais inspirant, Martine Jeanson et Marc Fisher souhaitent encourager les femmes \u00e0 mener \u00e0 terme leur combat contre la violence conjugale et \u00e0 r\u00e9v\u00e9ler la guerri\u00e8re en elles.<\/p>\n<p>\u00c9crivain, sc\u00e9nariste et conf\u00e9rencier, Marc Fisher a fait ses d\u00e9buts dans le monde litt\u00e9raire avec sa s\u00e9rie \u00e0 succ\u00e8s Le millionnaire et poss\u00e8de aujourd\u2019hui plus d\u2019une quarantaine d\u2019ouvrages \u00e0 son actif. Auteur polyvalent, il ma\u00eetrise autant le suspense du thriller que les subtilit\u00e9s de la romance. Ses \u0153uvres ont \u00e9t\u00e9 traduites dans plus d\u2019une trentaine de langues et ont conquis un lectorat international.<\/p>\n<p>Apr\u00e8s avoir surv\u00e9cu \u00e0 la violence conjugale, Martine Jeanson a d\u00e9cid\u00e9 de se consacrer enti\u00e8rement \u00e0 la protection et \u00e0 la gu\u00e9rison des femmes et enfants victimes du m\u00eame fl\u00e9au. \u00c0 l\u2019aide de ses ateliers intitul\u00e9s La Maison des Guerri\u00e8res, elle offre depuis plusieurs ann\u00e9es ses services comme conf\u00e9renci\u00e8re et accompagnatrice sp\u00e9cialis\u00e9e. De plus, elle a tout r\u00e9cemment agi \u00e0 titre de conseill\u00e8re pour la formulation du projet de loi S-232, lequel propose un encadrement rigoureux des conjoints violents.<\/p>\n","protected":false},"excerpt":{"rendered":"<p>Dans cette histoire inspir\u00e9e de faits r\u00e9els, Martine, \u00e2g\u00e9e de seulement dix-huit ans, voit sa vie basculer lorsqu\u2019elle s\u2019\u00e9prend de Herby, un jeune homme ambitieux \u00e0 la beaut\u00e9 saisissante. Charismatique et habile manipulateur, il convainc la jeune femme de se convertir en danseuse nue, pendant qu\u2019il termine ses \u00e9tudes en m\u00e9decine, dans le but de [&hellip;]<\/p>\n","protected":false},"featured_media":26016,"template":"","meta":{"wds_primary_product_brand":0,"wds_primary_product_cat":0,"wds_primary_maison_dedition":0},"product_brand":[],"product_cat":[565,543,542],"product_tag":[],"maison_dedition":[],"class_list":{"0":"post-26011","1":"product","2":"type-product","3":"status-publish","4":"has-post-thumbnail","6":"product_cat-drame","7":"product_cat-historique","8":"product_cat-roman","9":"pa_auteur-marc-fisher","10":"pa_auteur-martine-jeanson","12":"first","13":"instock","14":"taxable","15":"shipping-taxable","16":"purchasable","17":"product-type-variable","18":"has-default-attributes"},"bundled_by":[],"bundle_stock_status":"instock","bundle_stock_quantity":null,"bundle_virtual":false,"bundle_layout":"","bundle_add_to_cart_form_location":"","bundle_editable_in_cart":false,"bundle_sold_individually_context":"","bundle_item_grouping":"","bundle_min_size":"","bundle_max_size":"","bundle_price":[],"bundled_items":[],"bundle_sell_ids":[],"acf":[],"_links":{"self":[{"href":"https:\/\/goelette.ca\/en\/wp-json\/wp\/v2\/product\/26011","targetHints":{"allow":["GET"]}}],"collection":[{"href":"https:\/\/goelette.ca\/en\/wp-json\/wp\/v2\/product"}],"about":[{"href":"https:\/\/goelette.ca\/en\/wp-json\/wp\/v2\/types\/product"}],"wp:featuredmedia":[{"embeddable":true,"href":"https:\/\/goelette.ca\/en\/wp-json\/wp\/v2\/media\/26016"}],"wp:attachment":[{"href":"https:\/\/goelette.ca\/en\/wp-json\/wp\/v2\/media?parent=26011"}],"wp:term":[{"taxonomy":"product_brand","embeddable":true,"href":"https:\/\/goelette.ca\/en\/wp-json\/wp\/v2\/product_brand?post=26011"},{"taxonomy":"product_cat","embeddable":true,"href":"https:\/\/goelette.ca\/en\/wp-json\/wp\/v2\/product_cat?post=26011"},{"taxonomy":"product_tag","embeddable":true,"href":"https:\/\/goelette.ca\/en\/wp-json\/wp\/v2\/product_tag?post=26011"},{"taxonomy":"maison_dedition","embeddable":true,"href":"https:\/\/goelette.ca\/en\/wp-json\/wp\/v2\/maison_dedition?post=26011"}],"curies":[{"name":"wp","href":"https:\/\/api.w.org\/{rel}","templated":true}]}}