{"id":25998,"date":"2022-02-17T00:00:36","date_gmt":"2022-02-17T05:00:36","guid":{"rendered":"https:\/\/www.goelette.ca\/?post_type=product&#038;p=25998"},"modified":"2025-09-03T11:24:09","modified_gmt":"2025-09-03T15:24:09","slug":"365-histoires-avant-daller-au-lit","status":"publish","type":"product","link":"https:\/\/goelette.ca\/en\/tous-les-livres\/365-histoires-avant-daller-au-lit\/","title":{"rendered":"365 histoires avant d&#8217;aller au lit"},"content":{"rendered":"<p>L\u2019heure du dodo approche ! Mais avant, prenez un moment pour lire une histoire courte et amusante. D\u00e9couvrez des personnages f\u00e9\u00e9riques, des animaux et des enfants qui vivent des aventures parfois magiques, parfois rigolotes, mais toujours remplies de surprises. Une histoire diff\u00e9rente pour chaque jour de l\u2019ann\u00e9e !<\/p>\n","protected":false},"excerpt":{"rendered":"<p>L\u2019heure du dodo approche ! Mais avant, prenez un moment pour lire une histoire courte et amusante. D\u00e9couvrez des personnages f\u00e9\u00e9riques, des animaux et des enfants qui vivent des aventures parfois magiques, parfois rigolotes, mais toujours remplies de surprises. Une histoire diff\u00e9rente pour chaque jour de l\u2019ann\u00e9e !<\/p>\n","protected":false},"featured_media":264847,"template":"","meta":{"wds_primary_product_brand":0,"wds_primary_product_cat":0,"wds_primary_maison_dedition":0},"product_brand":[],"product_cat":[560,555,578,538],"product_tag":[],"maison_dedition":[541],"class_list":{"0":"post-25998","1":"product","2":"type-product","3":"status-publish","4":"has-post-thumbnail","6":"product_cat-3-5-ans","7":"product_cat-6-ans-et-plus","8":"product_cat-albums-illustres","9":"product_cat-jeunesse","10":"pa_auteur-annie-lanthier","11":"pa_auteur-catherine-ouellet","12":"pa_auteur-fannie-jacques","13":"pa_auteur-marilou-charpentier","14":"pa_auteur-maude-iris-hamelin-ouellette","15":"pa_auteur-valerie-gagne","16":"pa_illustrateur-vayounette","17":"maison_dedition-les-editions-coup-doeil","19":"first","20":"instock","21":"taxable","22":"shipping-taxable","23":"purchasable","24":"product-type-variable","25":"has-default-attributes"},"bundled_by":[],"bundle_stock_status":"instock","bundle_stock_quantity":null,"bundle_virtual":false,"bundle_layout":"","bundle_add_to_cart_form_location":"","bundle_editable_in_cart":false,"bundle_sold_individually_context":"","bundle_item_grouping":"","bundle_min_size":"","bundle_max_size":"","bundle_price":[],"bundled_items":[],"bundle_sell_ids":[],"acf":[],"_links":{"self":[{"href":"https:\/\/goelette.ca\/en\/wp-json\/wp\/v2\/product\/25998","targetHints":{"allow":["GET"]}}],"collection":[{"href":"https:\/\/goelette.ca\/en\/wp-json\/wp\/v2\/product"}],"about":[{"href":"https:\/\/goelette.ca\/en\/wp-json\/wp\/v2\/types\/product"}],"wp:featuredmedia":[{"embeddable":true,"href":"https:\/\/goelette.ca\/en\/wp-json\/wp\/v2\/media\/264847"}],"wp:attachment":[{"href":"https:\/\/goelette.ca\/en\/wp-json\/wp\/v2\/media?parent=25998"}],"wp:term":[{"taxonomy":"product_brand","embeddable":true,"href":"https:\/\/goelette.ca\/en\/wp-json\/wp\/v2\/product_brand?post=25998"},{"taxonomy":"product_cat","embeddable":true,"href":"https:\/\/goelette.ca\/en\/wp-json\/wp\/v2\/product_cat?post=25998"},{"taxonomy":"product_tag","embeddable":true,"href":"https:\/\/goelette.ca\/en\/wp-json\/wp\/v2\/product_tag?post=25998"},{"taxonomy":"maison_dedition","embeddable":true,"href":"https:\/\/goelette.ca\/en\/wp-json\/wp\/v2\/maison_dedition?post=25998"}],"curies":[{"name":"wp","href":"https:\/\/api.w.org\/{rel}","templated":true}]}}