{"id":25990,"date":"2022-02-17T00:00:00","date_gmt":"2022-02-17T05:00:00","guid":{"rendered":"https:\/\/www.goelette.ca\/?post_type=product&#038;p=25990"},"modified":"2025-02-14T09:25:47","modified_gmt":"2025-02-14T14:25:47","slug":"zone-detente-geante-points-a-relier","status":"publish","type":"product","link":"https:\/\/goelette.ca\/en\/tous-les-livres\/zone-detente-geante-points-a-relier\/","title":{"rendered":"Zone d\u00e9tente g\u00e9ante points \u00e0 relier"},"content":{"rendered":"<p>60 DESSINS INSPIRANTS<\/p>\n<p>Reliez les points et d\u00e9couvrez des paysages, des villes et leurs monuments ainsi que des illustrations surprenantes. Chaque dessin compte plus de 500 points, de quoi vous immerger dans<br \/>\nce passe-temps cr\u00e9atif et profiter d\u2019un agr\u00e9able moment de d\u00e9tente.<\/p>\n","protected":false},"excerpt":{"rendered":"<p>60 DESSINS INSPIRANTS Reliez les points et d\u00e9couvrez des paysages, des villes et leurs monuments ainsi que des illustrations surprenantes. Chaque dessin compte plus de 500 points, de quoi vous immerger dans ce passe-temps cr\u00e9atif et profiter d\u2019un agr\u00e9able moment de d\u00e9tente.<\/p>\n","protected":false},"featured_media":25992,"template":"","meta":{"wds_primary_product_brand":0,"wds_primary_product_cat":0,"wds_primary_maison_dedition":0},"product_brand":[],"product_cat":[567,571,566],"product_tag":[],"maison_dedition":[630,766],"class_list":{"0":"post-25990","1":"product","2":"type-product","3":"status-publish","4":"has-post-thumbnail","6":"product_cat-adulte","7":"product_cat-coloriage","8":"product_cat-livres-de-jeux","9":"pa_auteur-collectif","10":"maison_dedition-les-editions-goelette","11":"maison_dedition-zone-detente","13":"first","14":"instock","15":"taxable","16":"shipping-taxable","17":"purchasable","18":"product-type-variable"},"bundled_by":[],"bundle_stock_status":"instock","bundle_stock_quantity":null,"bundle_virtual":false,"bundle_layout":"","bundle_add_to_cart_form_location":"","bundle_editable_in_cart":false,"bundle_sold_individually_context":"","bundle_item_grouping":"","bundle_min_size":"","bundle_max_size":"","bundle_price":[],"bundled_items":[],"bundle_sell_ids":[],"acf":[],"_links":{"self":[{"href":"https:\/\/goelette.ca\/en\/wp-json\/wp\/v2\/product\/25990","targetHints":{"allow":["GET"]}}],"collection":[{"href":"https:\/\/goelette.ca\/en\/wp-json\/wp\/v2\/product"}],"about":[{"href":"https:\/\/goelette.ca\/en\/wp-json\/wp\/v2\/types\/product"}],"wp:featuredmedia":[{"embeddable":true,"href":"https:\/\/goelette.ca\/en\/wp-json\/wp\/v2\/media\/25992"}],"wp:attachment":[{"href":"https:\/\/goelette.ca\/en\/wp-json\/wp\/v2\/media?parent=25990"}],"wp:term":[{"taxonomy":"product_brand","embeddable":true,"href":"https:\/\/goelette.ca\/en\/wp-json\/wp\/v2\/product_brand?post=25990"},{"taxonomy":"product_cat","embeddable":true,"href":"https:\/\/goelette.ca\/en\/wp-json\/wp\/v2\/product_cat?post=25990"},{"taxonomy":"product_tag","embeddable":true,"href":"https:\/\/goelette.ca\/en\/wp-json\/wp\/v2\/product_tag?post=25990"},{"taxonomy":"maison_dedition","embeddable":true,"href":"https:\/\/goelette.ca\/en\/wp-json\/wp\/v2\/maison_dedition?post=25990"}],"curies":[{"name":"wp","href":"https:\/\/api.w.org\/{rel}","templated":true}]}}