{"id":259297,"date":"2025-07-25T11:52:51","date_gmt":"2025-07-25T15:52:51","guid":{"rendered":"https:\/\/goelette.ca\/?post_type=product&#038;p=259297"},"modified":"2025-08-06T08:21:30","modified_gmt":"2025-08-06T12:21:30","slug":"cher-monsieur-le-rocket","status":"publish","type":"product","link":"https:\/\/goelette.ca\/en\/tous-les-livres\/cher-monsieur-le-rocket\/","title":{"rendered":"Cher monsieur le Rocket"},"content":{"rendered":"<p class=\"p1\">1983. Catherine, 9 ans, a la maturit\u00e9 d\u2019un vieux sage et l\u2019\u00e9nergie d\u2019un ouragan. Aux prises avec une blessure \u00e0 la hanche qui l\u2019emp\u00eache de jouer au hockey, sa passion et son r\u00eave, elle trouve refuge dans l\u2019\u00e9criture. \u00ab Cher monsieur le Rocket\u2026 \u00bb Chaque mois, elle \u00e9crit \u00e0 son idole, Maurice Richard, qui a, lui aussi, endur\u00e9 son lot d\u2019\u00e9preuves. Elle r\u00e9dige des lettres empreintes d\u2019intelligence, d\u2019humour et d\u2019une sagesse surprenante pour son \u00e2ge.<\/p>\n<p class=\"p1\">Mais la vie ne lui fait pas de cadeaux : l\u2019intimidation d\u2019un camarade, un p\u00e8re souvent absent et une jambe qui refuse de gu\u00e9rir. Pourtant, Catherine avance, arm\u00e9e d\u2019une t\u00e9nacit\u00e9 hors du commun et de l\u2019amour ind\u00e9fectible de sa m\u00e8re.<\/p>\n<p class=\"p1\">Cher monsieur le Rocket est un roman vibrant, qui c\u00e9l\u00e8bre la r\u00e9silience et l\u2019humanit\u00e9 d\u2019une enfant extraordinaire. Chaque lettre de Catherine est une promesse : celle de ne jamais abandonner.<\/p>\n","protected":false},"excerpt":{"rendered":"<p>1983. Catherine, 9 ans, a la maturit\u00e9 d\u2019un vieux sage et l\u2019\u00e9nergie d\u2019un ouragan. Aux prises avec une blessure \u00e0 la hanche qui l\u2019emp\u00eache de jouer au hockey, sa passion et son r\u00eave, elle trouve refuge dans l\u2019\u00e9criture. \u00ab Cher monsieur le Rocket\u2026 \u00bb Chaque mois, elle \u00e9crit \u00e0 son idole, Maurice Richard, qui a, [&hellip;]<\/p>\n","protected":false},"featured_media":259300,"template":"","meta":{"wds_primary_product_brand":0,"wds_primary_product_cat":0,"wds_primary_maison_dedition":0},"product_brand":[],"product_cat":[542],"product_tag":[],"maison_dedition":[630],"class_list":{"0":"post-259297","1":"product","2":"type-product","3":"status-publish","4":"has-post-thumbnail","6":"product_cat-roman","7":"pa_auteur-yves-trottier","8":"maison_dedition-les-editions-goelette","10":"first","11":"instock","12":"taxable","13":"shipping-taxable","14":"purchasable","15":"product-type-variable","16":"has-default-attributes"},"bundled_by":[],"bundle_stock_status":"instock","bundle_stock_quantity":null,"bundle_virtual":false,"bundle_layout":"","bundle_add_to_cart_form_location":"","bundle_editable_in_cart":false,"bundle_sold_individually_context":"","bundle_item_grouping":"","bundle_min_size":"","bundle_max_size":"","bundle_price":[],"bundled_items":[],"bundle_sell_ids":[],"acf":[],"_links":{"self":[{"href":"https:\/\/goelette.ca\/en\/wp-json\/wp\/v2\/product\/259297","targetHints":{"allow":["GET"]}}],"collection":[{"href":"https:\/\/goelette.ca\/en\/wp-json\/wp\/v2\/product"}],"about":[{"href":"https:\/\/goelette.ca\/en\/wp-json\/wp\/v2\/types\/product"}],"wp:featuredmedia":[{"embeddable":true,"href":"https:\/\/goelette.ca\/en\/wp-json\/wp\/v2\/media\/259300"}],"wp:attachment":[{"href":"https:\/\/goelette.ca\/en\/wp-json\/wp\/v2\/media?parent=259297"}],"wp:term":[{"taxonomy":"product_brand","embeddable":true,"href":"https:\/\/goelette.ca\/en\/wp-json\/wp\/v2\/product_brand?post=259297"},{"taxonomy":"product_cat","embeddable":true,"href":"https:\/\/goelette.ca\/en\/wp-json\/wp\/v2\/product_cat?post=259297"},{"taxonomy":"product_tag","embeddable":true,"href":"https:\/\/goelette.ca\/en\/wp-json\/wp\/v2\/product_tag?post=259297"},{"taxonomy":"maison_dedition","embeddable":true,"href":"https:\/\/goelette.ca\/en\/wp-json\/wp\/v2\/maison_dedition?post=259297"}],"curies":[{"name":"wp","href":"https:\/\/api.w.org\/{rel}","templated":true}]}}