{"id":25920,"date":"2022-02-10T08:41:31","date_gmt":"2022-02-10T13:41:31","guid":{"rendered":"https:\/\/www.goelette.ca\/?post_type=product&#038;p=25920"},"modified":"2022-07-13T11:21:25","modified_gmt":"2022-07-13T15:21:25","slug":"mon-journal-decriture-therapie-2022","status":"publish","type":"product","link":"https:\/\/goelette.ca\/en\/tous-les-livres\/mon-journal-decriture-therapie-2022\/","title":{"rendered":"Mon journal d&#8217;\u00e9criture th\u00e9rapie"},"content":{"rendered":"<p><span style=\"font-size: 12px;\">Lancez-vous dans ces exercices d&#8217;\u00e9criture qui vous feront plonger dans votre pass\u00e9, explorer votre pr\u00e9sent et imaginer votre avenir ! Vous pourrez ainsi prendre la mesure de votre parcours, rencontrer la personne que vous \u00eates aujourd&#8217;hui et d\u00e9terminer les besoins et les r\u00eaves qui vous animent.<\/span><\/p>\n<p><span style=\"font-size: 12px;\">Tout en vous incitant \u00e0 la r\u00e9flexion, ce cheminement vous aidera \u00e0 mieux vous conna\u00eetre et \u00e0 vous \u00e9couter pour que vous r\u00e9alisiez \u00e0 quel point vous \u00eates unique !<\/span><\/p>\n","protected":false},"excerpt":{"rendered":"<p>Lancez-vous dans ces exercices d&#8217;\u00e9criture qui vous feront plonger dans votre pass\u00e9, explorer votre pr\u00e9sent et imaginer votre avenir ! Vous pourrez ainsi prendre la mesure de votre parcours, rencontrer la personne que vous \u00eates aujourd&#8217;hui et d\u00e9terminer les besoins et les r\u00eaves qui vous animent. Tout en vous incitant \u00e0 la r\u00e9flexion, ce cheminement [&hellip;]<\/p>\n","protected":false},"featured_media":25922,"template":"","meta":{"wds_primary_product_brand":0,"wds_primary_product_cat":0,"wds_primary_maison_dedition":0},"product_brand":[],"product_cat":[586,615,614],"product_tag":[],"maison_dedition":[],"class_list":{"0":"post-25920","1":"product","2":"type-product","3":"status-publish","4":"has-post-thumbnail","6":"product_cat-bien-etre-et-sante-pratique","7":"product_cat-journaux-intimes-papeterie","8":"product_cat-papeterie","10":"first","11":"instock","12":"taxable","13":"shipping-taxable","14":"purchasable","15":"product-type-variable"},"bundled_by":[],"bundle_stock_status":"instock","bundle_stock_quantity":null,"bundle_virtual":false,"bundle_layout":"","bundle_add_to_cart_form_location":"","bundle_editable_in_cart":false,"bundle_sold_individually_context":"","bundle_item_grouping":"","bundle_min_size":"","bundle_max_size":"","bundle_price":[],"bundled_items":[],"bundle_sell_ids":[],"acf":[],"_links":{"self":[{"href":"https:\/\/goelette.ca\/en\/wp-json\/wp\/v2\/product\/25920","targetHints":{"allow":["GET"]}}],"collection":[{"href":"https:\/\/goelette.ca\/en\/wp-json\/wp\/v2\/product"}],"about":[{"href":"https:\/\/goelette.ca\/en\/wp-json\/wp\/v2\/types\/product"}],"wp:featuredmedia":[{"embeddable":true,"href":"https:\/\/goelette.ca\/en\/wp-json\/wp\/v2\/media\/25922"}],"wp:attachment":[{"href":"https:\/\/goelette.ca\/en\/wp-json\/wp\/v2\/media?parent=25920"}],"wp:term":[{"taxonomy":"product_brand","embeddable":true,"href":"https:\/\/goelette.ca\/en\/wp-json\/wp\/v2\/product_brand?post=25920"},{"taxonomy":"product_cat","embeddable":true,"href":"https:\/\/goelette.ca\/en\/wp-json\/wp\/v2\/product_cat?post=25920"},{"taxonomy":"product_tag","embeddable":true,"href":"https:\/\/goelette.ca\/en\/wp-json\/wp\/v2\/product_tag?post=25920"},{"taxonomy":"maison_dedition","embeddable":true,"href":"https:\/\/goelette.ca\/en\/wp-json\/wp\/v2\/maison_dedition?post=25920"}],"curies":[{"name":"wp","href":"https:\/\/api.w.org\/{rel}","templated":true}]}}