{"id":257357,"date":"2025-07-11T11:57:09","date_gmt":"2025-07-11T15:57:09","guid":{"rendered":"https:\/\/goelette.ca\/?post_type=product&#038;p=257357"},"modified":"2025-07-15T08:10:37","modified_gmt":"2025-07-15T12:10:37","slug":"mon-premier-imagier-de-noel-cherche-et-trouve","status":"publish","type":"product","link":"https:\/\/goelette.ca\/en\/tous-les-livres\/mon-premier-imagier-de-noel-cherche-et-trouve\/","title":{"rendered":"Mon premier imagier de No\u00ebl &#8211; Cherche et trouve"},"content":{"rendered":"<p class=\"p1\">Faites rechercher des \u00e9l\u00e9ments \u00e0 vos tout-petits !<\/p>\n","protected":false},"excerpt":{"rendered":"<p>Faites rechercher des \u00e9l\u00e9ments \u00e0 vos tout-petits !<\/p>\n","protected":false},"featured_media":257359,"template":"","meta":{"wds_primary_product_brand":0,"wds_primary_product_cat":0,"wds_primary_maison_dedition":0},"product_brand":[],"product_cat":[540,560,583,538],"product_tag":[],"maison_dedition":[541],"class_list":{"0":"post-257357","1":"product","2":"type-product","3":"status-publish","4":"has-post-thumbnail","6":"product_cat-0-2-ans","7":"product_cat-3-5-ans","8":"product_cat-imagiers","9":"product_cat-jeunesse","10":"pa_auteur-collectif","11":"maison_dedition-les-editions-coup-doeil","13":"first","14":"instock","15":"taxable","16":"shipping-taxable","17":"purchasable","18":"product-type-variable"},"bundled_by":[],"bundle_stock_status":"instock","bundle_stock_quantity":null,"bundle_virtual":false,"bundle_layout":"","bundle_add_to_cart_form_location":"","bundle_editable_in_cart":false,"bundle_sold_individually_context":"","bundle_item_grouping":"","bundle_min_size":"","bundle_max_size":"","bundle_price":[],"bundled_items":[],"bundle_sell_ids":[],"acf":[],"_links":{"self":[{"href":"https:\/\/goelette.ca\/en\/wp-json\/wp\/v2\/product\/257357","targetHints":{"allow":["GET"]}}],"collection":[{"href":"https:\/\/goelette.ca\/en\/wp-json\/wp\/v2\/product"}],"about":[{"href":"https:\/\/goelette.ca\/en\/wp-json\/wp\/v2\/types\/product"}],"wp:featuredmedia":[{"embeddable":true,"href":"https:\/\/goelette.ca\/en\/wp-json\/wp\/v2\/media\/257359"}],"wp:attachment":[{"href":"https:\/\/goelette.ca\/en\/wp-json\/wp\/v2\/media?parent=257357"}],"wp:term":[{"taxonomy":"product_brand","embeddable":true,"href":"https:\/\/goelette.ca\/en\/wp-json\/wp\/v2\/product_brand?post=257357"},{"taxonomy":"product_cat","embeddable":true,"href":"https:\/\/goelette.ca\/en\/wp-json\/wp\/v2\/product_cat?post=257357"},{"taxonomy":"product_tag","embeddable":true,"href":"https:\/\/goelette.ca\/en\/wp-json\/wp\/v2\/product_tag?post=257357"},{"taxonomy":"maison_dedition","embeddable":true,"href":"https:\/\/goelette.ca\/en\/wp-json\/wp\/v2\/maison_dedition?post=257357"}],"curies":[{"name":"wp","href":"https:\/\/api.w.org\/{rel}","templated":true}]}}