{"id":257252,"date":"2025-07-11T10:42:14","date_gmt":"2025-07-11T14:42:14","guid":{"rendered":"https:\/\/goelette.ca\/?post_type=product&#038;p=257252"},"modified":"2025-10-08T11:16:15","modified_gmt":"2025-10-08T15:16:15","slug":"mon-premier-imagier-des-dinosaures-cherche-et-trouve","status":"publish","type":"product","link":"https:\/\/goelette.ca\/en\/tous-les-livres\/mon-premier-imagier-des-dinosaures-cherche-et-trouve\/","title":{"rendered":"Mon premier imagier des dinosaures &#8211; Cherche et trouve"},"content":{"rendered":"<p class=\"p1\">Faites rechercher des \u00e9l\u00e9ments \u00e0 vos tout-petits !<\/p>\n","protected":false},"excerpt":{"rendered":"<p>Faites rechercher des \u00e9l\u00e9ments \u00e0 vos tout-petits !<\/p>\n","protected":false},"featured_media":257254,"template":"","meta":{"wds_primary_product_brand":0,"wds_primary_product_cat":0,"wds_primary_maison_dedition":0},"product_brand":[],"product_cat":[540,560,583,538],"product_tag":[],"maison_dedition":[541],"class_list":{"0":"post-257252","1":"product","2":"type-product","3":"status-publish","4":"has-post-thumbnail","6":"product_cat-0-2-ans","7":"product_cat-3-5-ans","8":"product_cat-imagiers","9":"product_cat-jeunesse","10":"pa_auteur-collectif","11":"maison_dedition-les-editions-coup-doeil","13":"first","14":"instock","15":"taxable","16":"shipping-taxable","17":"purchasable","18":"product-type-variable"},"bundled_by":[],"bundle_stock_status":"instock","bundle_stock_quantity":null,"bundle_virtual":false,"bundle_layout":"","bundle_add_to_cart_form_location":"","bundle_editable_in_cart":false,"bundle_sold_individually_context":"","bundle_item_grouping":"","bundle_min_size":"","bundle_max_size":"","bundle_price":[],"bundled_items":[],"bundle_sell_ids":[],"acf":[],"_links":{"self":[{"href":"https:\/\/goelette.ca\/en\/wp-json\/wp\/v2\/product\/257252","targetHints":{"allow":["GET"]}}],"collection":[{"href":"https:\/\/goelette.ca\/en\/wp-json\/wp\/v2\/product"}],"about":[{"href":"https:\/\/goelette.ca\/en\/wp-json\/wp\/v2\/types\/product"}],"wp:featuredmedia":[{"embeddable":true,"href":"https:\/\/goelette.ca\/en\/wp-json\/wp\/v2\/media\/257254"}],"wp:attachment":[{"href":"https:\/\/goelette.ca\/en\/wp-json\/wp\/v2\/media?parent=257252"}],"wp:term":[{"taxonomy":"product_brand","embeddable":true,"href":"https:\/\/goelette.ca\/en\/wp-json\/wp\/v2\/product_brand?post=257252"},{"taxonomy":"product_cat","embeddable":true,"href":"https:\/\/goelette.ca\/en\/wp-json\/wp\/v2\/product_cat?post=257252"},{"taxonomy":"product_tag","embeddable":true,"href":"https:\/\/goelette.ca\/en\/wp-json\/wp\/v2\/product_tag?post=257252"},{"taxonomy":"maison_dedition","embeddable":true,"href":"https:\/\/goelette.ca\/en\/wp-json\/wp\/v2\/maison_dedition?post=257252"}],"curies":[{"name":"wp","href":"https:\/\/api.w.org\/{rel}","templated":true}]}}