{"id":25591,"date":"2022-01-28T14:27:43","date_gmt":"2022-01-28T19:27:43","guid":{"rendered":"https:\/\/www.goelette.ca\/?post_type=product&#038;p=25591"},"modified":"2025-09-15T15:47:57","modified_gmt":"2025-09-15T19:47:57","slug":"la-saga-des-gregoire-tome-4-les-annees-grises","status":"publish","type":"product","link":"https:\/\/goelette.ca\/en\/tous-les-livres\/la-saga-des-gregoire-tome-4-les-annees-grises\/","title":{"rendered":"La saga des Gr\u00e9goire Tome 4 : Les ann\u00e9es grises"},"content":{"rendered":"<p>Apr\u00e8s avoir surv\u00e9cu au terrible incendie qui mena\u00e7ait<br \/>\nla ville ainsi qu\u2019au deuil d\u2019un de leur fils, \u00c9m\u00e9lie et<br \/>\nHonor\u00e9 regardent les ann\u00e9es passer dans une apparente<br \/>\ntranquillit\u00e9. Honor\u00e9 devenu maire, \u00c9m\u00e9lie dirige seule<br \/>\nle magasin g\u00e9n\u00e9ral, tout en songeant \u00e0 sa rel\u00e8ve alors que<br \/>\nles enfants quittent le nid familial.<br \/>\nPuis, en 1914, la guerre est d\u00e9clar\u00e9e en Europe. Bien<br \/>\nqu\u2019\u00e9branl\u00e9e par la nouvelle, la famille est plut\u00f4t<br \/>\ndirectement touch\u00e9e par la grippe espagnole de 1918, qui<br \/>\ns\u2019attaque \u00e0 leur fils Eug\u00e8ne, ainsi qu\u2019\u00e0 de nombreux autres<br \/>\nhabitants de Saint-Honor\u00e9. Entre les deux, les amours et<br \/>\nles passions naissent, survivent et s\u2019approfondissent\u2026<br \/>\nLes ann\u00e9es grises accueille \u00e0 la fois le bonheur et la<br \/>\ndouleur de vivre \u00e0 travers des \u00e9v\u00e9nements historiques<br \/>\nmarquants et touchants.<br \/>\nN\u00e9 en Beauce, Andr\u00e9 Mathieu a \u00e9t\u00e9 enseignant et<br \/>\ncommer\u00e7ant, en plus d\u2019\u00eatre auteur, \u00e9diteur et distributeur.<br \/>\nAuteur prolifique, il compte plus de soixante publications<br \/>\ndans sa longue carri\u00e8re, dont la plus c\u00e9l\u00e8bre est sans doute<br \/>\nAurore, l\u2019enfant martyre.<\/p>\n","protected":false},"excerpt":{"rendered":"<p>Apr\u00e8s avoir surv\u00e9cu au terrible incendie qui mena\u00e7ait la ville ainsi qu\u2019au deuil d\u2019un de leur fils, \u00c9m\u00e9lie et Honor\u00e9 regardent les ann\u00e9es passer dans une apparente tranquillit\u00e9. Honor\u00e9 devenu maire, \u00c9m\u00e9lie dirige seule le magasin g\u00e9n\u00e9ral, tout en songeant \u00e0 sa rel\u00e8ve alors que les enfants quittent le nid familial. Puis, en 1914, la [&hellip;]<\/p>\n","protected":false},"featured_media":25596,"template":"","meta":{"wds_primary_product_brand":0,"wds_primary_product_cat":0,"wds_primary_maison_dedition":0},"product_brand":[],"product_cat":[543,542],"product_tag":[],"maison_dedition":[668,541],"class_list":{"0":"post-25591","1":"product","2":"type-product","3":"status-publish","4":"has-post-thumbnail","6":"product_cat-historique","7":"product_cat-roman","8":"pa_auteur-andre-mathieu","9":"maison_dedition-heritage-quebec","10":"maison_dedition-les-editions-coup-doeil","12":"first","13":"instock","14":"taxable","15":"shipping-taxable","16":"purchasable","17":"product-type-variable","18":"has-default-attributes"},"bundled_by":[],"bundle_stock_status":"instock","bundle_stock_quantity":null,"bundle_virtual":false,"bundle_layout":"","bundle_add_to_cart_form_location":"","bundle_editable_in_cart":false,"bundle_sold_individually_context":"","bundle_item_grouping":"","bundle_min_size":"","bundle_max_size":"","bundle_price":[],"bundled_items":[],"bundle_sell_ids":[],"acf":[],"_links":{"self":[{"href":"https:\/\/goelette.ca\/en\/wp-json\/wp\/v2\/product\/25591","targetHints":{"allow":["GET"]}}],"collection":[{"href":"https:\/\/goelette.ca\/en\/wp-json\/wp\/v2\/product"}],"about":[{"href":"https:\/\/goelette.ca\/en\/wp-json\/wp\/v2\/types\/product"}],"wp:featuredmedia":[{"embeddable":true,"href":"https:\/\/goelette.ca\/en\/wp-json\/wp\/v2\/media\/25596"}],"wp:attachment":[{"href":"https:\/\/goelette.ca\/en\/wp-json\/wp\/v2\/media?parent=25591"}],"wp:term":[{"taxonomy":"product_brand","embeddable":true,"href":"https:\/\/goelette.ca\/en\/wp-json\/wp\/v2\/product_brand?post=25591"},{"taxonomy":"product_cat","embeddable":true,"href":"https:\/\/goelette.ca\/en\/wp-json\/wp\/v2\/product_cat?post=25591"},{"taxonomy":"product_tag","embeddable":true,"href":"https:\/\/goelette.ca\/en\/wp-json\/wp\/v2\/product_tag?post=25591"},{"taxonomy":"maison_dedition","embeddable":true,"href":"https:\/\/goelette.ca\/en\/wp-json\/wp\/v2\/maison_dedition?post=25591"}],"curies":[{"name":"wp","href":"https:\/\/api.w.org\/{rel}","templated":true}]}}