{"id":25584,"date":"2022-01-28T14:15:06","date_gmt":"2022-01-28T19:15:06","guid":{"rendered":"https:\/\/www.goelette.ca\/?post_type=product&#038;p=25584"},"modified":"2025-09-15T15:47:27","modified_gmt":"2025-09-15T19:47:27","slug":"la-saga-des-gregoire-tome-3-la-moisson-dor","status":"publish","type":"product","link":"https:\/\/goelette.ca\/en\/tous-les-livres\/la-saga-des-gregoire-tome-3-la-moisson-dor\/","title":{"rendered":"La saga des Gr\u00e9goire Tome 3 : La moisson d&#8217;or"},"content":{"rendered":"<p>Au tournant du XXe si\u00e8cle, la paroisse se modernise et<br \/>\noffre une vie paisible \u00e0 ses habitants. \u00c9m\u00e9lie et Honor\u00e9<br \/>\nGr\u00e9goire g\u00e8rent d\u2019une main de ma\u00eetre l\u2019entreprise<br \/>\nfamiliale, qui prosp\u00e8re d\u2019autant plus gr\u00e2ce au nouveau<br \/>\nchemin de fer. En effet, le magasin, toujours aussi<br \/>\nrassembleur, d\u00e9m\u00e9nage, s\u2019agrandit et accueille d\u00e9sormais<br \/>\nun bureau de poste.<br \/>\nAutour de lui gravitent tous les habitants du village, qui<br \/>\n\u00e9voluent au rythme de leur \u00e9poque et en d\u00e9couvrent la<br \/>\nmodernit\u00e9. Toutefois, un terrible danger plane sur eux,<br \/>\nune trag\u00e9die qui renforcera la solidarit\u00e9 des uns, mais<br \/>\nqui pourrait ruiner le couple d\u2019\u00c9m\u00e9lie et Honor\u00e9\u2026<br \/>\nLa moisson d\u2019or est un roman fort, foisonnant, captivant<br \/>\ntout comme les personnages qui le peuplent.<br \/>\nN\u00e9 en Beauce, Andr\u00e9 Mathieu a \u00e9t\u00e9 enseignant et<br \/>\ncommer\u00e7ant, en plus d\u2019\u00eatre auteur, \u00e9diteur et distributeur.<br \/>\nAuteur prolifique, il compte plus de soixante publications<br \/>\ndans sa longue carri\u00e8re, dont la plus c\u00e9l\u00e8bre est sans doute<br \/>\nAurore, l\u2019enfant martyre.<\/p>\n","protected":false},"excerpt":{"rendered":"<p>Au tournant du XXe si\u00e8cle, la paroisse se modernise et offre une vie paisible \u00e0 ses habitants. \u00c9m\u00e9lie et Honor\u00e9 Gr\u00e9goire g\u00e8rent d\u2019une main de ma\u00eetre l\u2019entreprise familiale, qui prosp\u00e8re d\u2019autant plus gr\u00e2ce au nouveau chemin de fer. En effet, le magasin, toujours aussi rassembleur, d\u00e9m\u00e9nage, s\u2019agrandit et accueille d\u00e9sormais un bureau de poste. Autour [&hellip;]<\/p>\n","protected":false},"featured_media":25589,"template":"","meta":{"wds_primary_product_brand":0,"wds_primary_product_cat":0,"wds_primary_maison_dedition":0},"product_brand":[],"product_cat":[543,542],"product_tag":[],"maison_dedition":[668,541],"class_list":{"0":"post-25584","1":"product","2":"type-product","3":"status-publish","4":"has-post-thumbnail","6":"product_cat-historique","7":"product_cat-roman","8":"pa_auteur-andre-mathieu","9":"maison_dedition-heritage-quebec","10":"maison_dedition-les-editions-coup-doeil","12":"first","13":"instock","14":"taxable","15":"shipping-taxable","16":"purchasable","17":"product-type-variable","18":"has-default-attributes"},"bundled_by":[],"bundle_stock_status":"instock","bundle_stock_quantity":null,"bundle_virtual":false,"bundle_layout":"","bundle_add_to_cart_form_location":"","bundle_editable_in_cart":false,"bundle_sold_individually_context":"","bundle_item_grouping":"","bundle_min_size":"","bundle_max_size":"","bundle_price":[],"bundled_items":[],"bundle_sell_ids":[],"acf":[],"_links":{"self":[{"href":"https:\/\/goelette.ca\/en\/wp-json\/wp\/v2\/product\/25584","targetHints":{"allow":["GET"]}}],"collection":[{"href":"https:\/\/goelette.ca\/en\/wp-json\/wp\/v2\/product"}],"about":[{"href":"https:\/\/goelette.ca\/en\/wp-json\/wp\/v2\/types\/product"}],"wp:featuredmedia":[{"embeddable":true,"href":"https:\/\/goelette.ca\/en\/wp-json\/wp\/v2\/media\/25589"}],"wp:attachment":[{"href":"https:\/\/goelette.ca\/en\/wp-json\/wp\/v2\/media?parent=25584"}],"wp:term":[{"taxonomy":"product_brand","embeddable":true,"href":"https:\/\/goelette.ca\/en\/wp-json\/wp\/v2\/product_brand?post=25584"},{"taxonomy":"product_cat","embeddable":true,"href":"https:\/\/goelette.ca\/en\/wp-json\/wp\/v2\/product_cat?post=25584"},{"taxonomy":"product_tag","embeddable":true,"href":"https:\/\/goelette.ca\/en\/wp-json\/wp\/v2\/product_tag?post=25584"},{"taxonomy":"maison_dedition","embeddable":true,"href":"https:\/\/goelette.ca\/en\/wp-json\/wp\/v2\/maison_dedition?post=25584"}],"curies":[{"name":"wp","href":"https:\/\/api.w.org\/{rel}","templated":true}]}}