{"id":255822,"date":"2025-06-18T10:56:38","date_gmt":"2025-06-18T14:56:38","guid":{"rendered":"https:\/\/goelette.ca\/?post_type=product&#038;p=255822"},"modified":"2025-07-15T09:25:55","modified_gmt":"2025-07-15T13:25:55","slug":"des-jeux-et-des-jeux-de-poche-sudokus-originaux-vol-2","status":"publish","type":"product","link":"https:\/\/goelette.ca\/en\/tous-les-livres\/des-jeux-et-des-jeux-de-poche-sudokus-originaux-vol-2\/","title":{"rendered":"Des jeux et des jeux de poche &#8211; Sudokus originaux vol. 2"},"content":{"rendered":"<p>110 GRILLES ET SOLUTIONS<\/p>\n<p>Avec les <strong>sudokus originaux<\/strong>, profitez d\u2019un agr\u00e9able moment de d\u00e9tente tout en mettant votre logique au d\u00e9fi.<\/p>\n<p>La collection <strong>Des jeux et des jeux <\/strong><strong>de poche<\/strong> vous propose des jeux de lettres et de chiffres classiques ou innovants dans un petit format facile \u00e0 transporter partout.<\/p>\n","protected":false},"excerpt":{"rendered":"<p>110 GRILLES ET SOLUTIONS Avec les sudokus originaux, profitez d\u2019un agr\u00e9able moment de d\u00e9tente tout en mettant votre logique au d\u00e9fi. La collection Des jeux et des jeux de poche vous propose des jeux de lettres et de chiffres classiques ou innovants dans un petit format facile \u00e0 transporter partout.<\/p>\n","protected":false},"featured_media":255827,"template":"","meta":{"wds_primary_product_brand":0,"wds_primary_product_cat":0,"wds_primary_maison_dedition":0},"product_brand":[],"product_cat":[567,566,569],"product_tag":[],"maison_dedition":[630],"class_list":{"0":"post-255822","1":"product","2":"type-product","3":"status-publish","4":"has-post-thumbnail","6":"product_cat-adulte","7":"product_cat-livres-de-jeux","8":"product_cat-sudokus","9":"maison_dedition-les-editions-goelette","11":"first","12":"instock","13":"taxable","14":"shipping-taxable","15":"purchasable","16":"product-type-variable","17":"has-default-attributes"},"bundled_by":[],"bundle_stock_status":"instock","bundle_stock_quantity":null,"bundle_virtual":false,"bundle_layout":"","bundle_add_to_cart_form_location":"","bundle_editable_in_cart":false,"bundle_sold_individually_context":"","bundle_item_grouping":"","bundle_min_size":"","bundle_max_size":"","bundle_price":[],"bundled_items":[],"bundle_sell_ids":[],"acf":[],"_links":{"self":[{"href":"https:\/\/goelette.ca\/en\/wp-json\/wp\/v2\/product\/255822","targetHints":{"allow":["GET"]}}],"collection":[{"href":"https:\/\/goelette.ca\/en\/wp-json\/wp\/v2\/product"}],"about":[{"href":"https:\/\/goelette.ca\/en\/wp-json\/wp\/v2\/types\/product"}],"wp:featuredmedia":[{"embeddable":true,"href":"https:\/\/goelette.ca\/en\/wp-json\/wp\/v2\/media\/255827"}],"wp:attachment":[{"href":"https:\/\/goelette.ca\/en\/wp-json\/wp\/v2\/media?parent=255822"}],"wp:term":[{"taxonomy":"product_brand","embeddable":true,"href":"https:\/\/goelette.ca\/en\/wp-json\/wp\/v2\/product_brand?post=255822"},{"taxonomy":"product_cat","embeddable":true,"href":"https:\/\/goelette.ca\/en\/wp-json\/wp\/v2\/product_cat?post=255822"},{"taxonomy":"product_tag","embeddable":true,"href":"https:\/\/goelette.ca\/en\/wp-json\/wp\/v2\/product_tag?post=255822"},{"taxonomy":"maison_dedition","embeddable":true,"href":"https:\/\/goelette.ca\/en\/wp-json\/wp\/v2\/maison_dedition?post=255822"}],"curies":[{"name":"wp","href":"https:\/\/api.w.org\/{rel}","templated":true}]}}