{"id":255807,"date":"2025-06-18T10:30:36","date_gmt":"2025-06-18T14:30:36","guid":{"rendered":"https:\/\/goelette.ca\/?post_type=product&#038;p=255807"},"modified":"2025-09-24T09:21:27","modified_gmt":"2025-09-24T13:21:27","slug":"japprends-a-tracer","status":"publish","type":"product","link":"https:\/\/goelette.ca\/en\/tous-les-livres\/japprends-a-tracer\/","title":{"rendered":"J&#8217;apprends \u00e0 tracer"},"content":{"rendered":"<p>Viens faire la rencontre de Mine, un adorable crayon qui t\u2019apprendra \u00e0 manier ce formidable outil d\u2019\u00e9criture.<\/p>\n<p>Entra\u00eene-toi d\u2019abord en tra\u00e7ant des lignes et des formes de base, puis passe aux choses s\u00e9rieuses avec plusieurs activit\u00e9s amusantes o\u00f9 se m\u00e9langent tra\u00e7age, coloriage et bricolage.<\/p>\n<p>Sois \u00e0 l\u2019aff\u00fbt des \u00ab Astuces de Mine \u00bb, qui te guideront dans tes activit\u00e9s.<\/p>\n<p>Accompagnez votre enfant dans son apprentissage du tra\u00e7age. En plus de lui offrir un outil pour exprimer sa cr\u00e9ativit\u00e9, ce livre contribuera au d\u00e9veloppement de sa motricit\u00e9 fine et de sa coordination \u0153il-main, des habilet\u00e9s essentielles tout au long de son parcours scolaire.<\/p>\n","protected":false},"excerpt":{"rendered":"<p>Viens faire la rencontre de Mine, un adorable crayon qui t\u2019apprendra \u00e0 manier ce formidable outil d\u2019\u00e9criture. Entra\u00eene-toi d\u2019abord en tra\u00e7ant des lignes et des formes de base, puis passe aux choses s\u00e9rieuses avec plusieurs activit\u00e9s amusantes o\u00f9 se m\u00e9langent tra\u00e7age, coloriage et bricolage. Sois \u00e0 l\u2019aff\u00fbt des \u00ab Astuces de Mine \u00bb, qui te [&hellip;]<\/p>\n","protected":false},"featured_media":255811,"template":"","meta":{"wds_primary_product_brand":0,"wds_primary_product_cat":0,"wds_primary_maison_dedition":0},"product_brand":[],"product_cat":[551,538],"product_tag":[],"maison_dedition":[630],"class_list":{"0":"post-255807","1":"product","2":"type-product","3":"status-publish","4":"has-post-thumbnail","6":"product_cat-activites","7":"product_cat-jeunesse","8":"pa_auteur-melanie-grenier","9":"maison_dedition-les-editions-goelette","11":"first","12":"instock","13":"taxable","14":"shipping-taxable","15":"purchasable","16":"product-type-variable"},"bundled_by":[],"bundle_stock_status":"instock","bundle_stock_quantity":null,"bundle_virtual":false,"bundle_layout":"","bundle_add_to_cart_form_location":"","bundle_editable_in_cart":false,"bundle_sold_individually_context":"","bundle_item_grouping":"","bundle_min_size":"","bundle_max_size":"","bundle_price":[],"bundled_items":[],"bundle_sell_ids":[],"acf":[],"_links":{"self":[{"href":"https:\/\/goelette.ca\/en\/wp-json\/wp\/v2\/product\/255807","targetHints":{"allow":["GET"]}}],"collection":[{"href":"https:\/\/goelette.ca\/en\/wp-json\/wp\/v2\/product"}],"about":[{"href":"https:\/\/goelette.ca\/en\/wp-json\/wp\/v2\/types\/product"}],"wp:featuredmedia":[{"embeddable":true,"href":"https:\/\/goelette.ca\/en\/wp-json\/wp\/v2\/media\/255811"}],"wp:attachment":[{"href":"https:\/\/goelette.ca\/en\/wp-json\/wp\/v2\/media?parent=255807"}],"wp:term":[{"taxonomy":"product_brand","embeddable":true,"href":"https:\/\/goelette.ca\/en\/wp-json\/wp\/v2\/product_brand?post=255807"},{"taxonomy":"product_cat","embeddable":true,"href":"https:\/\/goelette.ca\/en\/wp-json\/wp\/v2\/product_cat?post=255807"},{"taxonomy":"product_tag","embeddable":true,"href":"https:\/\/goelette.ca\/en\/wp-json\/wp\/v2\/product_tag?post=255807"},{"taxonomy":"maison_dedition","embeddable":true,"href":"https:\/\/goelette.ca\/en\/wp-json\/wp\/v2\/maison_dedition?post=255807"}],"curies":[{"name":"wp","href":"https:\/\/api.w.org\/{rel}","templated":true}]}}