{"id":255798,"date":"2025-06-25T10:08:57","date_gmt":"2025-06-25T14:08:57","guid":{"rendered":"https:\/\/goelette.ca\/?post_type=product&#038;p=255798"},"modified":"2025-06-25T16:10:43","modified_gmt":"2025-06-25T20:10:43","slug":"duplicite","status":"publish","type":"product","link":"https:\/\/goelette.ca\/en\/tous-les-livres\/duplicite\/","title":{"rendered":"Duplicit\u00e9"},"content":{"rendered":"<p>Christina \u00e9tait une serveuse de bar sans avenir jusqu\u2019\u00e0 ce qu\u2019elle tombe amoureuse d\u2019Alexander, le fils d\u2019un riche magnat de la t\u00e9l\u00e9communication. Elle d\u00e9chante rapidement lorsqu\u2019elle s\u2019aper\u00e7oit de son comportement possessif et violent. Cherchant \u00e0 s\u2019\u00e9chapper, elle organise secr\u00e8tement sa fuite. Suspicieux et d\u00e9sirant resserrer son emprise sur elle, il l\u2019emm\u00e8ne en croisi\u00e8re sur le luxueux yacht de son p\u00e8re.<\/p>\n<p>Mais tout bascule lorsque Christina se r\u00e9veille aupr\u00e8s de son mari, mort, un couteau ensanglant\u00e9 entre eux. Tout la d\u00e9signe comme coupable, elle qui n\u2019a aucun souvenir du moment fatidique. S\u2019esquiver et changer d\u2019identit\u00e9 appara\u00eet comme la seule option pour s\u2019en sortir.<\/p>\n<p>Cinq ans plus tard, alors que son pass\u00e9 refait surface, elle ne sait plus \u00e0 qui faire confiance. Et si la v\u00e9rit\u00e9 \u00e9tait encore plus terrifiante que le meurtre lui-m\u00eame ? Impliqu\u00e9e malgr\u00e9 elle dans une enqu\u00eate remplie de rebondissements o\u00f9 les cadavres s\u2019accumulent, elle devra d\u00e9m\u00ealer le vrai du faux pour \u00e9lucider le meurtre de son \u00e9poux. Un drame hallucinant qui lui fait douter de tout, y compris d\u2019elle-m\u00eame.<\/p>\n","protected":false},"excerpt":{"rendered":"<p>Christina \u00e9tait une serveuse de bar sans avenir jusqu\u2019\u00e0 ce qu\u2019elle tombe amoureuse d\u2019Alexander, le fils d\u2019un riche magnat de la t\u00e9l\u00e9communication. Elle d\u00e9chante rapidement lorsqu\u2019elle s\u2019aper\u00e7oit de son comportement possessif et violent. Cherchant \u00e0 s\u2019\u00e9chapper, elle organise secr\u00e8tement sa fuite. Suspicieux et d\u00e9sirant resserrer son emprise sur elle, il l\u2019emm\u00e8ne en croisi\u00e8re sur le [&hellip;]<\/p>\n","protected":false},"featured_media":255803,"template":"","meta":{"wds_primary_product_brand":0,"wds_primary_product_cat":0,"wds_primary_maison_dedition":0},"product_brand":[],"product_cat":[565,546,542],"product_tag":[],"maison_dedition":[630],"class_list":{"0":"post-255798","1":"product","2":"type-product","3":"status-publish","4":"has-post-thumbnail","6":"product_cat-drame","7":"product_cat-policier-thriller","8":"product_cat-roman","9":"pa_auteur-melissa-pirotton","10":"maison_dedition-les-editions-goelette","12":"first","13":"instock","14":"taxable","15":"shipping-taxable","16":"purchasable","17":"product-type-variable","18":"has-default-attributes"},"bundled_by":[],"bundle_stock_status":"instock","bundle_stock_quantity":null,"bundle_virtual":false,"bundle_layout":"","bundle_add_to_cart_form_location":"","bundle_editable_in_cart":false,"bundle_sold_individually_context":"","bundle_item_grouping":"","bundle_min_size":"","bundle_max_size":"","bundle_price":[],"bundled_items":[],"bundle_sell_ids":[],"acf":[],"_links":{"self":[{"href":"https:\/\/goelette.ca\/en\/wp-json\/wp\/v2\/product\/255798","targetHints":{"allow":["GET"]}}],"collection":[{"href":"https:\/\/goelette.ca\/en\/wp-json\/wp\/v2\/product"}],"about":[{"href":"https:\/\/goelette.ca\/en\/wp-json\/wp\/v2\/types\/product"}],"wp:featuredmedia":[{"embeddable":true,"href":"https:\/\/goelette.ca\/en\/wp-json\/wp\/v2\/media\/255803"}],"wp:attachment":[{"href":"https:\/\/goelette.ca\/en\/wp-json\/wp\/v2\/media?parent=255798"}],"wp:term":[{"taxonomy":"product_brand","embeddable":true,"href":"https:\/\/goelette.ca\/en\/wp-json\/wp\/v2\/product_brand?post=255798"},{"taxonomy":"product_cat","embeddable":true,"href":"https:\/\/goelette.ca\/en\/wp-json\/wp\/v2\/product_cat?post=255798"},{"taxonomy":"product_tag","embeddable":true,"href":"https:\/\/goelette.ca\/en\/wp-json\/wp\/v2\/product_tag?post=255798"},{"taxonomy":"maison_dedition","embeddable":true,"href":"https:\/\/goelette.ca\/en\/wp-json\/wp\/v2\/maison_dedition?post=255798"}],"curies":[{"name":"wp","href":"https:\/\/api.w.org\/{rel}","templated":true}]}}