{"id":25577,"date":"2022-01-28T14:09:02","date_gmt":"2022-01-28T19:09:02","guid":{"rendered":"https:\/\/www.goelette.ca\/?post_type=product&#038;p=25577"},"modified":"2025-09-15T15:46:49","modified_gmt":"2025-09-15T19:46:49","slug":"la-saga-des-gregoire-tome-2-la-maison-rouge","status":"publish","type":"product","link":"https:\/\/goelette.ca\/en\/tous-les-livres\/la-saga-des-gregoire-tome-2-la-maison-rouge\/","title":{"rendered":"La saga des Gr\u00e9goire Tome 2 : La maison rouge"},"content":{"rendered":"<p>En 1882, au coeur de la paroisse de Saint-Honor\u00e9 se<br \/>\ntrouve la maison rouge, r\u00e9sidence de la famille Allaire,<br \/>\nmais surtout magasin g\u00e9n\u00e9ral. Mari\u00e9e \u00e0 Honor\u00e9, \u00c9m\u00e9lie<br \/>\nreprendra le commerce de son p\u00e8re et le fera prosp\u00e9rer<br \/>\nau fil des ann\u00e9es.<br \/>\nLieu de rencontres, le magasin g\u00e9n\u00e9ral est le th\u00e9\u00e2tre<br \/>\nd\u2019histoires d\u2019amour, d\u2019\u00e9changes politiques, de grandes<br \/>\ntrag\u00e9dies, de petits bonheurs. On y discute aussi de tous<br \/>\nces progr\u00e8s technologiques que sont le t\u00e9l\u00e9phone, les<br \/>\ntoilettes \u00e0 eau, l\u2019automobile, etc. Et \u00e0 travers tout cela,<br \/>\non comm\u00e8re sur un c\u00e9l\u00e8bre criminel en cavale qui aurait<br \/>\n\u00e9t\u00e9 vu dans la r\u00e9gion\u2026<br \/>\nLa maison rouge est une histoire pleine d\u2019intelligence et<br \/>\nde vitalit\u00e9 qui nous d\u00e9voile des secrets \u00e9tonnants et des<br \/>\npersonnages authentiques.<br \/>\nN\u00e9 en Beauce, Andr\u00e9 Mathieu a \u00e9t\u00e9 enseignant et<br \/>\ncommer\u00e7ant, en plus d\u2019\u00eatre auteur, \u00e9diteur et distributeur.<br \/>\nAuteur prolifique, il compte plus de soixante publications<br \/>\ndans sa longue carri\u00e8re, dont la plus c\u00e9l\u00e8bre est sans doute<br \/>\nAurore, l\u2019enfant martyre.<\/p>\n","protected":false},"excerpt":{"rendered":"<p>En 1882, au coeur de la paroisse de Saint-Honor\u00e9 se trouve la maison rouge, r\u00e9sidence de la famille Allaire, mais surtout magasin g\u00e9n\u00e9ral. Mari\u00e9e \u00e0 Honor\u00e9, \u00c9m\u00e9lie reprendra le commerce de son p\u00e8re et le fera prosp\u00e9rer au fil des ann\u00e9es. Lieu de rencontres, le magasin g\u00e9n\u00e9ral est le th\u00e9\u00e2tre d\u2019histoires d\u2019amour, d\u2019\u00e9changes politiques, de [&hellip;]<\/p>\n","protected":false},"featured_media":25582,"template":"","meta":{"wds_primary_product_brand":0,"wds_primary_product_cat":0,"wds_primary_maison_dedition":0},"product_brand":[],"product_cat":[543,542],"product_tag":[],"maison_dedition":[668,541],"class_list":{"0":"post-25577","1":"product","2":"type-product","3":"status-publish","4":"has-post-thumbnail","6":"product_cat-historique","7":"product_cat-roman","8":"pa_auteur-andre-mathieu","9":"maison_dedition-heritage-quebec","10":"maison_dedition-les-editions-coup-doeil","12":"first","13":"instock","14":"taxable","15":"shipping-taxable","16":"purchasable","17":"product-type-variable","18":"has-default-attributes"},"bundled_by":[],"bundle_stock_status":"instock","bundle_stock_quantity":null,"bundle_virtual":false,"bundle_layout":"","bundle_add_to_cart_form_location":"","bundle_editable_in_cart":false,"bundle_sold_individually_context":"","bundle_item_grouping":"","bundle_min_size":"","bundle_max_size":"","bundle_price":[],"bundled_items":[],"bundle_sell_ids":[],"acf":[],"_links":{"self":[{"href":"https:\/\/goelette.ca\/en\/wp-json\/wp\/v2\/product\/25577","targetHints":{"allow":["GET"]}}],"collection":[{"href":"https:\/\/goelette.ca\/en\/wp-json\/wp\/v2\/product"}],"about":[{"href":"https:\/\/goelette.ca\/en\/wp-json\/wp\/v2\/types\/product"}],"wp:featuredmedia":[{"embeddable":true,"href":"https:\/\/goelette.ca\/en\/wp-json\/wp\/v2\/media\/25582"}],"wp:attachment":[{"href":"https:\/\/goelette.ca\/en\/wp-json\/wp\/v2\/media?parent=25577"}],"wp:term":[{"taxonomy":"product_brand","embeddable":true,"href":"https:\/\/goelette.ca\/en\/wp-json\/wp\/v2\/product_brand?post=25577"},{"taxonomy":"product_cat","embeddable":true,"href":"https:\/\/goelette.ca\/en\/wp-json\/wp\/v2\/product_cat?post=25577"},{"taxonomy":"product_tag","embeddable":true,"href":"https:\/\/goelette.ca\/en\/wp-json\/wp\/v2\/product_tag?post=25577"},{"taxonomy":"maison_dedition","embeddable":true,"href":"https:\/\/goelette.ca\/en\/wp-json\/wp\/v2\/maison_dedition?post=25577"}],"curies":[{"name":"wp","href":"https:\/\/api.w.org\/{rel}","templated":true}]}}