{"id":25570,"date":"2022-01-28T13:56:06","date_gmt":"2022-01-28T18:56:06","guid":{"rendered":"https:\/\/www.goelette.ca\/?post_type=product&#038;p=25570"},"modified":"2025-09-15T15:46:10","modified_gmt":"2025-09-15T19:46:10","slug":"la-saga-des-gregoire-tome-1-la-foret-verte","status":"publish","type":"product","link":"https:\/\/goelette.ca\/en\/tous-les-livres\/la-saga-des-gregoire-tome-1-la-foret-verte\/","title":{"rendered":"La saga des Gr\u00e9goire Tome 1 : La for\u00eat verte"},"content":{"rendered":"<p>1854, en Beauce, les colons construisent une nouvelle<br \/>\ncommunaut\u00e9 qui deviendra Saint-Honor\u00e9. \u00c9douard<br \/>\nAllaire, sa femme et ses enfants s\u2019y installent pour y vivre<br \/>\nleurs drames et leurs joies. Puis, en 1880, les al\u00e9as de la<br \/>\nvie am\u00e8nent ce chef de famille \u00e0 ouvrir un magasin g\u00e9n\u00e9ral.<br \/>\nIl engage alors Honor\u00e9 Gr\u00e9goire comme commis. Celui-ci<br \/>\nest jeune, beau et \u00e9duqu\u00e9, et attirera la convoitise de<br \/>\ntoutes les filles du village.<br \/>\n\u00c9m\u00e9lie, fille a\u00een\u00e9e d\u2019\u00c9douard, forge son caract\u00e8re \u00e0<br \/>\ntravers des \u00e9preuves trop difficiles pour ses jeunes ann\u00e9es<br \/>\net pense plus \u00e0 sa famille et \u00e0 ses trag\u00e9dies personnelles<br \/>\nqu\u2019\u00e0 remarquer les regards que lui lance Honor\u00e9\u2026<br \/>\nL\u2019amour saura-t-il lui ouvrir les yeux ?<br \/>\nLa for\u00eat verte est le premier tome d\u2019une saga passionnante,<br \/>\nriche de l\u2019h\u00e9ritage de nos anc\u00eatres.<br \/>\nN\u00e9 en Beauce, Andr\u00e9 Mathieu a \u00e9t\u00e9 enseignant et<br \/>\ncommer\u00e7ant, en plus d\u2019\u00eatre auteur, \u00e9diteur et distributeur.<br \/>\nAuteur prolifique, il compte plus de soixante publications<br \/>\ndans sa longue carri\u00e8re, dont la plus c\u00e9l\u00e8bre est sans doute<br \/>\nAurore, l\u2019enfant martyre.<\/p>\n","protected":false},"excerpt":{"rendered":"<p>1854, en Beauce, les colons construisent une nouvelle communaut\u00e9 qui deviendra Saint-Honor\u00e9. \u00c9douard Allaire, sa femme et ses enfants s\u2019y installent pour y vivre leurs drames et leurs joies. Puis, en 1880, les al\u00e9as de la vie am\u00e8nent ce chef de famille \u00e0 ouvrir un magasin g\u00e9n\u00e9ral. Il engage alors Honor\u00e9 Gr\u00e9goire comme commis. Celui-ci [&hellip;]<\/p>\n","protected":false},"featured_media":25575,"template":"","meta":{"wds_primary_product_brand":0,"wds_primary_product_cat":0,"wds_primary_maison_dedition":0},"product_brand":[],"product_cat":[543,542],"product_tag":[],"maison_dedition":[668,541],"class_list":{"0":"post-25570","1":"product","2":"type-product","3":"status-publish","4":"has-post-thumbnail","6":"product_cat-historique","7":"product_cat-roman","8":"pa_auteur-andre-mathieu","9":"maison_dedition-heritage-quebec","10":"maison_dedition-les-editions-coup-doeil","12":"first","13":"instock","14":"taxable","15":"shipping-taxable","16":"purchasable","17":"product-type-variable","18":"has-default-attributes"},"bundled_by":[],"bundle_stock_status":"instock","bundle_stock_quantity":null,"bundle_virtual":false,"bundle_layout":"","bundle_add_to_cart_form_location":"","bundle_editable_in_cart":false,"bundle_sold_individually_context":"","bundle_item_grouping":"","bundle_min_size":"","bundle_max_size":"","bundle_price":[],"bundled_items":[],"bundle_sell_ids":[],"acf":[],"_links":{"self":[{"href":"https:\/\/goelette.ca\/en\/wp-json\/wp\/v2\/product\/25570","targetHints":{"allow":["GET"]}}],"collection":[{"href":"https:\/\/goelette.ca\/en\/wp-json\/wp\/v2\/product"}],"about":[{"href":"https:\/\/goelette.ca\/en\/wp-json\/wp\/v2\/types\/product"}],"wp:featuredmedia":[{"embeddable":true,"href":"https:\/\/goelette.ca\/en\/wp-json\/wp\/v2\/media\/25575"}],"wp:attachment":[{"href":"https:\/\/goelette.ca\/en\/wp-json\/wp\/v2\/media?parent=25570"}],"wp:term":[{"taxonomy":"product_brand","embeddable":true,"href":"https:\/\/goelette.ca\/en\/wp-json\/wp\/v2\/product_brand?post=25570"},{"taxonomy":"product_cat","embeddable":true,"href":"https:\/\/goelette.ca\/en\/wp-json\/wp\/v2\/product_cat?post=25570"},{"taxonomy":"product_tag","embeddable":true,"href":"https:\/\/goelette.ca\/en\/wp-json\/wp\/v2\/product_tag?post=25570"},{"taxonomy":"maison_dedition","embeddable":true,"href":"https:\/\/goelette.ca\/en\/wp-json\/wp\/v2\/maison_dedition?post=25570"}],"curies":[{"name":"wp","href":"https:\/\/api.w.org\/{rel}","templated":true}]}}