{"id":25555,"date":"2022-01-27T11:16:09","date_gmt":"2022-01-27T16:16:09","guid":{"rendered":"https:\/\/www.goelette.ca\/?post_type=product&#038;p=25555"},"modified":"2022-09-08T16:30:58","modified_gmt":"2022-09-08T20:30:58","slug":"mes-autocollants-dhiver-6-ans-et-plus","status":"publish","type":"product","link":"https:\/\/goelette.ca\/en\/tous-les-livres\/mes-autocollants-dhiver-6-ans-et-plus\/","title":{"rendered":"Mes autocollants d&#8217;hiver (6 ans et plus)"},"content":{"rendered":"<p>Enfile tes bottes et ton manteau !<\/p>\n<p>Compl\u00e8te les illustrations, d\u00e9core les sc\u00e8nes avec tes autocollants et fais appara\u00eetre les joies de la saison froide !<\/p>\n","protected":false},"excerpt":{"rendered":"<p>Enfile tes bottes et ton manteau ! Compl\u00e8te les illustrations, d\u00e9core les sc\u00e8nes avec tes autocollants et fais appara\u00eetre les joies de la saison froide !<\/p>\n","protected":false},"featured_media":25557,"template":"","meta":{"wds_primary_product_brand":0,"wds_primary_product_cat":0,"wds_primary_maison_dedition":0},"product_brand":[],"product_cat":[555,552,538],"product_tag":[],"maison_dedition":[541],"class_list":{"0":"post-25555","1":"product","2":"type-product","3":"status-publish","4":"has-post-thumbnail","6":"product_cat-6-ans-et-plus","7":"product_cat-autocollants","8":"product_cat-jeunesse","9":"pa_auteur-collectif","10":"maison_dedition-les-editions-coup-doeil","12":"first","13":"instock","14":"taxable","15":"shipping-taxable","16":"purchasable","17":"product-type-variable"},"bundled_by":[],"bundle_stock_status":"instock","bundle_stock_quantity":null,"bundle_virtual":false,"bundle_layout":"","bundle_add_to_cart_form_location":"","bundle_editable_in_cart":false,"bundle_sold_individually_context":"","bundle_item_grouping":"","bundle_min_size":"","bundle_max_size":"","bundle_price":[],"bundled_items":[],"bundle_sell_ids":[],"acf":[],"_links":{"self":[{"href":"https:\/\/goelette.ca\/en\/wp-json\/wp\/v2\/product\/25555","targetHints":{"allow":["GET"]}}],"collection":[{"href":"https:\/\/goelette.ca\/en\/wp-json\/wp\/v2\/product"}],"about":[{"href":"https:\/\/goelette.ca\/en\/wp-json\/wp\/v2\/types\/product"}],"wp:featuredmedia":[{"embeddable":true,"href":"https:\/\/goelette.ca\/en\/wp-json\/wp\/v2\/media\/25557"}],"wp:attachment":[{"href":"https:\/\/goelette.ca\/en\/wp-json\/wp\/v2\/media?parent=25555"}],"wp:term":[{"taxonomy":"product_brand","embeddable":true,"href":"https:\/\/goelette.ca\/en\/wp-json\/wp\/v2\/product_brand?post=25555"},{"taxonomy":"product_cat","embeddable":true,"href":"https:\/\/goelette.ca\/en\/wp-json\/wp\/v2\/product_cat?post=25555"},{"taxonomy":"product_tag","embeddable":true,"href":"https:\/\/goelette.ca\/en\/wp-json\/wp\/v2\/product_tag?post=25555"},{"taxonomy":"maison_dedition","embeddable":true,"href":"https:\/\/goelette.ca\/en\/wp-json\/wp\/v2\/maison_dedition?post=25555"}],"curies":[{"name":"wp","href":"https:\/\/api.w.org\/{rel}","templated":true}]}}