{"id":254840,"date":"2025-06-11T10:18:15","date_gmt":"2025-06-11T14:18:15","guid":{"rendered":"https:\/\/goelette.ca\/?post_type=product&#038;p=254840"},"modified":"2025-06-11T10:39:53","modified_gmt":"2025-06-11T14:39:53","slug":"pause-creative-coloriages-classiques-papillons","status":"publish","type":"product","link":"https:\/\/goelette.ca\/en\/tous-les-livres\/pause-creative-coloriages-classiques-papillons\/","title":{"rendered":"Pause cr\u00e9ative &#8211; Coloriages classiques &#8211; Papillons"},"content":{"rendered":"<p>Sortez vos plus beaux crayons et plongez dans le merveilleux monde des papillons gr\u00e2ce \u00e0 ces 48 coloriages relaxants.<\/p>\n<p>La collection Pause cr\u00e9ative vous offre la possibilit\u00e9 de ralentir, de vous recentrer et de renouer avec l\u2019artiste en vous.<\/p>\n<p>&nbsp;<\/p>\n","protected":false},"excerpt":{"rendered":"<p>Sortez vos plus beaux crayons et plongez dans le merveilleux monde des papillons gr\u00e2ce \u00e0 ces 48 coloriages relaxants. La collection Pause cr\u00e9ative vous offre la possibilit\u00e9 de ralentir, de vous recentrer et de renouer avec l\u2019artiste en vous. &nbsp;<\/p>\n","protected":false},"featured_media":254844,"template":"","meta":{"wds_primary_product_brand":0,"wds_primary_product_cat":0,"wds_primary_maison_dedition":0},"product_brand":[],"product_cat":[652,616,557],"product_tag":[],"maison_dedition":[630,896],"class_list":{"0":"post-254840","1":"product","2":"type-product","3":"status-publish","4":"has-post-thumbnail","6":"product_cat-coloriage-pratique","7":"product_cat-coloriages","8":"product_cat-pratique","9":"maison_dedition-les-editions-goelette","10":"maison_dedition-pause-creative","12":"first","13":"instock","14":"taxable","15":"shipping-taxable","16":"purchasable","17":"product-type-variable","18":"has-default-attributes"},"bundled_by":[],"bundle_stock_status":"instock","bundle_stock_quantity":null,"bundle_virtual":false,"bundle_layout":"","bundle_add_to_cart_form_location":"","bundle_editable_in_cart":false,"bundle_sold_individually_context":"","bundle_item_grouping":"","bundle_min_size":"","bundle_max_size":"","bundle_price":[],"bundled_items":[],"bundle_sell_ids":[],"acf":[],"_links":{"self":[{"href":"https:\/\/goelette.ca\/en\/wp-json\/wp\/v2\/product\/254840","targetHints":{"allow":["GET"]}}],"collection":[{"href":"https:\/\/goelette.ca\/en\/wp-json\/wp\/v2\/product"}],"about":[{"href":"https:\/\/goelette.ca\/en\/wp-json\/wp\/v2\/types\/product"}],"wp:featuredmedia":[{"embeddable":true,"href":"https:\/\/goelette.ca\/en\/wp-json\/wp\/v2\/media\/254844"}],"wp:attachment":[{"href":"https:\/\/goelette.ca\/en\/wp-json\/wp\/v2\/media?parent=254840"}],"wp:term":[{"taxonomy":"product_brand","embeddable":true,"href":"https:\/\/goelette.ca\/en\/wp-json\/wp\/v2\/product_brand?post=254840"},{"taxonomy":"product_cat","embeddable":true,"href":"https:\/\/goelette.ca\/en\/wp-json\/wp\/v2\/product_cat?post=254840"},{"taxonomy":"product_tag","embeddable":true,"href":"https:\/\/goelette.ca\/en\/wp-json\/wp\/v2\/product_tag?post=254840"},{"taxonomy":"maison_dedition","embeddable":true,"href":"https:\/\/goelette.ca\/en\/wp-json\/wp\/v2\/maison_dedition?post=254840"}],"curies":[{"name":"wp","href":"https:\/\/api.w.org\/{rel}","templated":true}]}}