{"id":254513,"date":"2025-06-04T11:25:36","date_gmt":"2025-06-04T15:25:36","guid":{"rendered":"https:\/\/goelette.ca\/?post_type=product&#038;p=254513"},"modified":"2025-06-04T11:36:03","modified_gmt":"2025-06-04T15:36:03","slug":"defis-de-mots-caches","status":"publish","type":"product","link":"https:\/\/goelette.ca\/en\/tous-les-livres\/defis-de-mots-caches\/","title":{"rendered":"D\u00e9fis de mots cach\u00e9s"},"content":{"rendered":"<p class=\"p1\">D\u00e9veloppez votre vocabulaire et mettez votre sens de l\u2019observation au d\u00e9fi gr\u00e2ce \u00e0 ces sept variantes de mots cach\u00e9s.<\/p>\n<p class=\"p1\">\nSAUREZ-VOUS TROUVER TOUS LES MOTS ?<\/p>\n<p class=\"p1\">\nLa collection D\u00e9fis vous propose des jeux de lettres et de chiffres classiques tout en vous offrant des versions originales et stimulantes.<\/p>\n","protected":false},"excerpt":{"rendered":"<p>D\u00e9veloppez votre vocabulaire et mettez votre sens de l\u2019observation au d\u00e9fi gr\u00e2ce \u00e0 ces sept variantes de mots cach\u00e9s. SAUREZ-VOUS TROUVER TOUS LES MOTS ? La collection D\u00e9fis vous propose des jeux de lettres et de chiffres classiques tout en vous offrant des versions originales et stimulantes.<\/p>\n","protected":false},"featured_media":254517,"template":"","meta":{"wds_primary_product_brand":0,"wds_primary_product_cat":0,"wds_primary_maison_dedition":0},"product_brand":[],"product_cat":[567,587,566,608],"product_tag":[],"maison_dedition":[630],"class_list":{"0":"post-254513","1":"product","2":"type-product","3":"status-publish","4":"has-post-thumbnail","6":"product_cat-adulte","7":"product_cat-jeux-melanges","8":"product_cat-livres-de-jeux","9":"product_cat-mots-caches","10":"maison_dedition-les-editions-goelette","12":"first","13":"instock","14":"taxable","15":"shipping-taxable","16":"purchasable","17":"product-type-variable","18":"has-default-attributes"},"bundled_by":[],"bundle_stock_status":"instock","bundle_stock_quantity":null,"bundle_virtual":false,"bundle_layout":"","bundle_add_to_cart_form_location":"","bundle_editable_in_cart":false,"bundle_sold_individually_context":"","bundle_item_grouping":"","bundle_min_size":"","bundle_max_size":"","bundle_price":[],"bundled_items":[],"bundle_sell_ids":[],"acf":[],"_links":{"self":[{"href":"https:\/\/goelette.ca\/en\/wp-json\/wp\/v2\/product\/254513","targetHints":{"allow":["GET"]}}],"collection":[{"href":"https:\/\/goelette.ca\/en\/wp-json\/wp\/v2\/product"}],"about":[{"href":"https:\/\/goelette.ca\/en\/wp-json\/wp\/v2\/types\/product"}],"wp:featuredmedia":[{"embeddable":true,"href":"https:\/\/goelette.ca\/en\/wp-json\/wp\/v2\/media\/254517"}],"wp:attachment":[{"href":"https:\/\/goelette.ca\/en\/wp-json\/wp\/v2\/media?parent=254513"}],"wp:term":[{"taxonomy":"product_brand","embeddable":true,"href":"https:\/\/goelette.ca\/en\/wp-json\/wp\/v2\/product_brand?post=254513"},{"taxonomy":"product_cat","embeddable":true,"href":"https:\/\/goelette.ca\/en\/wp-json\/wp\/v2\/product_cat?post=254513"},{"taxonomy":"product_tag","embeddable":true,"href":"https:\/\/goelette.ca\/en\/wp-json\/wp\/v2\/product_tag?post=254513"},{"taxonomy":"maison_dedition","embeddable":true,"href":"https:\/\/goelette.ca\/en\/wp-json\/wp\/v2\/maison_dedition?post=254513"}],"curies":[{"name":"wp","href":"https:\/\/api.w.org\/{rel}","templated":true}]}}