{"id":25397,"date":"2022-01-21T13:17:22","date_gmt":"2022-01-21T18:17:22","guid":{"rendered":"https:\/\/www.goelette.ca\/?post_type=product&#038;p=25397"},"modified":"2022-02-10T08:48:39","modified_gmt":"2022-02-10T13:48:39","slug":"les-animaux-domestiques-pour-emporter","status":"publish","type":"product","link":"https:\/\/goelette.ca\/en\/tous-les-livres\/les-animaux-domestiques-pour-emporter\/","title":{"rendered":"Les animaux domestiques\/Pour emporter"},"content":{"rendered":"<p>Emporte ce livre partout avec toi (gr\u00e2ce \u00e0 sa poign\u00e9e) pour en apprendre plus sur tes animaux domestiques.<\/p>\n","protected":false},"excerpt":{"rendered":"<p>Emporte ce livre partout avec toi (gr\u00e2ce \u00e0 sa poign\u00e9e) pour en apprendre plus sur tes animaux domestiques.<\/p>\n","protected":false},"featured_media":25399,"template":"","meta":{"wds_primary_product_brand":0,"wds_primary_product_cat":0,"wds_primary_maison_dedition":0},"product_brand":[],"product_cat":[560,553,538,554],"product_tag":[],"maison_dedition":[],"class_list":{"0":"post-25397","1":"product","2":"type-product","3":"status-publish","4":"has-post-thumbnail","6":"product_cat-3-5-ans","7":"product_cat-documentaire","8":"product_cat-jeunesse","9":"product_cat-zoologie","10":"pa_auteur-collectif","12":"first","13":"instock","14":"taxable","15":"shipping-taxable","16":"purchasable","17":"product-type-variable"},"bundled_by":[],"bundle_stock_status":"instock","bundle_stock_quantity":null,"bundle_virtual":false,"bundle_layout":"","bundle_add_to_cart_form_location":"","bundle_editable_in_cart":false,"bundle_sold_individually_context":"","bundle_item_grouping":"","bundle_min_size":"","bundle_max_size":"","bundle_price":[],"bundled_items":[],"bundle_sell_ids":[],"acf":[],"_links":{"self":[{"href":"https:\/\/goelette.ca\/en\/wp-json\/wp\/v2\/product\/25397","targetHints":{"allow":["GET"]}}],"collection":[{"href":"https:\/\/goelette.ca\/en\/wp-json\/wp\/v2\/product"}],"about":[{"href":"https:\/\/goelette.ca\/en\/wp-json\/wp\/v2\/types\/product"}],"wp:featuredmedia":[{"embeddable":true,"href":"https:\/\/goelette.ca\/en\/wp-json\/wp\/v2\/media\/25399"}],"wp:attachment":[{"href":"https:\/\/goelette.ca\/en\/wp-json\/wp\/v2\/media?parent=25397"}],"wp:term":[{"taxonomy":"product_brand","embeddable":true,"href":"https:\/\/goelette.ca\/en\/wp-json\/wp\/v2\/product_brand?post=25397"},{"taxonomy":"product_cat","embeddable":true,"href":"https:\/\/goelette.ca\/en\/wp-json\/wp\/v2\/product_cat?post=25397"},{"taxonomy":"product_tag","embeddable":true,"href":"https:\/\/goelette.ca\/en\/wp-json\/wp\/v2\/product_tag?post=25397"},{"taxonomy":"maison_dedition","embeddable":true,"href":"https:\/\/goelette.ca\/en\/wp-json\/wp\/v2\/maison_dedition?post=25397"}],"curies":[{"name":"wp","href":"https:\/\/api.w.org\/{rel}","templated":true}]}}