{"id":253947,"date":"2025-05-28T00:01:27","date_gmt":"2025-05-28T04:01:27","guid":{"rendered":"https:\/\/goelette.ca\/?post_type=product&#038;p=253947"},"modified":"2025-07-15T08:45:10","modified_gmt":"2025-07-15T12:45:10","slug":"nordet-la-petite-licorne-du-saint-laurent","status":"publish","type":"product","link":"https:\/\/goelette.ca\/en\/tous-les-livres\/nordet-la-petite-licorne-du-saint-laurent\/","title":{"rendered":"Nordet, la petite licorne du Saint-Laurent"},"content":{"rendered":"<p>Nordet est un narval un peu distrait. En nageant dans les eaux polaires, la petite licorne des mers s\u2019\u00e9loigne de sa famille et se perd. Commence alors un long voyage \u00e0 travers le Saint-Laurent pour retrouver les siens.<\/p>\n<p>Sur son chemin, Nordet rencontre d\u2019autres animaux marins qui se m\u00e9fient de lui \u00e0 cause de sa diff\u00e9rence. Saura-t-il gagner leur confiance afin d\u2019\u00eatre accept\u00e9 au sein de leur groupe ?<\/p>\n","protected":false},"excerpt":{"rendered":"<p>Nordet est un narval un peu distrait. En nageant dans les eaux polaires, la petite licorne des mers s\u2019\u00e9loigne de sa famille et se perd. Commence alors un long voyage \u00e0 travers le Saint-Laurent pour retrouver les siens. Sur son chemin, Nordet rencontre d\u2019autres animaux marins qui se m\u00e9fient de lui \u00e0 cause de sa [&hellip;]<\/p>\n","protected":false},"featured_media":253950,"template":"","meta":{"wds_primary_product_brand":0,"wds_primary_product_cat":0,"wds_primary_maison_dedition":0},"product_brand":[],"product_cat":[560,555,578,538],"product_tag":[],"maison_dedition":[630],"class_list":{"0":"post-253947","1":"product","2":"type-product","3":"status-publish","4":"has-post-thumbnail","6":"product_cat-3-5-ans","7":"product_cat-6-ans-et-plus","8":"product_cat-albums-illustres","9":"product_cat-jeunesse","10":"pa_auteur-christine-valois","11":"pa_illustrateur-cathy-faucher","12":"maison_dedition-les-editions-goelette","14":"first","15":"instock","16":"taxable","17":"shipping-taxable","18":"purchasable","19":"product-type-variable","20":"has-default-attributes"},"bundled_by":[],"bundle_stock_status":"instock","bundle_stock_quantity":null,"bundle_virtual":false,"bundle_layout":"","bundle_add_to_cart_form_location":"","bundle_editable_in_cart":false,"bundle_sold_individually_context":"","bundle_item_grouping":"","bundle_min_size":"","bundle_max_size":"","bundle_price":[],"bundled_items":[],"bundle_sell_ids":[],"acf":[],"_links":{"self":[{"href":"https:\/\/goelette.ca\/en\/wp-json\/wp\/v2\/product\/253947","targetHints":{"allow":["GET"]}}],"collection":[{"href":"https:\/\/goelette.ca\/en\/wp-json\/wp\/v2\/product"}],"about":[{"href":"https:\/\/goelette.ca\/en\/wp-json\/wp\/v2\/types\/product"}],"wp:featuredmedia":[{"embeddable":true,"href":"https:\/\/goelette.ca\/en\/wp-json\/wp\/v2\/media\/253950"}],"wp:attachment":[{"href":"https:\/\/goelette.ca\/en\/wp-json\/wp\/v2\/media?parent=253947"}],"wp:term":[{"taxonomy":"product_brand","embeddable":true,"href":"https:\/\/goelette.ca\/en\/wp-json\/wp\/v2\/product_brand?post=253947"},{"taxonomy":"product_cat","embeddable":true,"href":"https:\/\/goelette.ca\/en\/wp-json\/wp\/v2\/product_cat?post=253947"},{"taxonomy":"product_tag","embeddable":true,"href":"https:\/\/goelette.ca\/en\/wp-json\/wp\/v2\/product_tag?post=253947"},{"taxonomy":"maison_dedition","embeddable":true,"href":"https:\/\/goelette.ca\/en\/wp-json\/wp\/v2\/maison_dedition?post=253947"}],"curies":[{"name":"wp","href":"https:\/\/api.w.org\/{rel}","templated":true}]}}