{"id":253040,"date":"2025-05-16T14:53:34","date_gmt":"2025-05-16T18:53:34","guid":{"rendered":"https:\/\/goelette.ca\/?post_type=product&#038;p=253040"},"modified":"2025-05-16T14:59:38","modified_gmt":"2025-05-16T18:59:38","slug":"une-mouche-en-avion","status":"publish","type":"product","link":"https:\/\/goelette.ca\/en\/tous-les-livres\/une-mouche-en-avion\/","title":{"rendered":"Une mouche en avion"},"content":{"rendered":"<p class=\"p1\">Cord\u00e9lia adore jouer \u00e0 la cachette. Mais elle ne r\u00e9alise pas qu\u2019en se r\u00e9fugiant dans un avion, elle partira pour une grande aventure ! Alors qu\u2019elle vole de l\u2019Afrique vers l\u2019Asie, en passant par l\u2019Australie et l\u2019Europe, elle d\u00e9couvre le plaisir de voyager et la beaut\u00e9 des diff\u00e9rents continents. Quel endroit visitera-t-elle la prochaine fois ?<\/p>\n<p class=\"p1\">Plongez dans cette histoire color\u00e9e qui invite les enfants \u00e0 explorer la richesse des cultures et des climats dans le monde. Poursuivez la discussion gr\u00e2ce \u00e0 une page sp\u00e9ciale \u00e0 la fin de l\u2019album.<\/p>\n","protected":false},"excerpt":{"rendered":"<p>Cord\u00e9lia adore jouer \u00e0 la cachette. Mais elle ne r\u00e9alise pas qu\u2019en se r\u00e9fugiant dans un avion, elle partira pour une grande aventure ! Alors qu\u2019elle vole de l\u2019Afrique vers l\u2019Asie, en passant par l\u2019Australie et l\u2019Europe, elle d\u00e9couvre le plaisir de voyager et la beaut\u00e9 des diff\u00e9rents continents. Quel endroit visitera-t-elle la prochaine fois [&hellip;]<\/p>\n","protected":false},"featured_media":253043,"template":"","meta":{"wds_primary_product_brand":0,"wds_primary_product_cat":0,"wds_primary_maison_dedition":0},"product_brand":[],"product_cat":[560,555,578,538],"product_tag":[],"maison_dedition":[541,584],"class_list":{"0":"post-253040","1":"product","2":"type-product","3":"status-publish","4":"has-post-thumbnail","6":"product_cat-3-5-ans","7":"product_cat-6-ans-et-plus","8":"product_cat-albums-illustres","9":"product_cat-jeunesse","10":"pa_auteur-joanie-godin","11":"pa_illustrateur-emilie-graebling","12":"maison_dedition-les-editions-coup-doeil","13":"maison_dedition-petites-lectures","15":"first","16":"instock","17":"taxable","18":"shipping-taxable","19":"purchasable","20":"product-type-variable","21":"has-default-attributes"},"bundled_by":[],"bundle_stock_status":"instock","bundle_stock_quantity":null,"bundle_virtual":false,"bundle_layout":"","bundle_add_to_cart_form_location":"","bundle_editable_in_cart":false,"bundle_sold_individually_context":"","bundle_item_grouping":"","bundle_min_size":"","bundle_max_size":"","bundle_price":[],"bundled_items":[],"bundle_sell_ids":[],"acf":[],"_links":{"self":[{"href":"https:\/\/goelette.ca\/en\/wp-json\/wp\/v2\/product\/253040","targetHints":{"allow":["GET"]}}],"collection":[{"href":"https:\/\/goelette.ca\/en\/wp-json\/wp\/v2\/product"}],"about":[{"href":"https:\/\/goelette.ca\/en\/wp-json\/wp\/v2\/types\/product"}],"wp:featuredmedia":[{"embeddable":true,"href":"https:\/\/goelette.ca\/en\/wp-json\/wp\/v2\/media\/253043"}],"wp:attachment":[{"href":"https:\/\/goelette.ca\/en\/wp-json\/wp\/v2\/media?parent=253040"}],"wp:term":[{"taxonomy":"product_brand","embeddable":true,"href":"https:\/\/goelette.ca\/en\/wp-json\/wp\/v2\/product_brand?post=253040"},{"taxonomy":"product_cat","embeddable":true,"href":"https:\/\/goelette.ca\/en\/wp-json\/wp\/v2\/product_cat?post=253040"},{"taxonomy":"product_tag","embeddable":true,"href":"https:\/\/goelette.ca\/en\/wp-json\/wp\/v2\/product_tag?post=253040"},{"taxonomy":"maison_dedition","embeddable":true,"href":"https:\/\/goelette.ca\/en\/wp-json\/wp\/v2\/maison_dedition?post=253040"}],"curies":[{"name":"wp","href":"https:\/\/api.w.org\/{rel}","templated":true}]}}