{"id":253036,"date":"2025-05-16T14:50:05","date_gmt":"2025-05-16T18:50:05","guid":{"rendered":"https:\/\/goelette.ca\/?post_type=product&#038;p=253036"},"modified":"2025-05-16T14:52:58","modified_gmt":"2025-05-16T18:52:58","slug":"un-tresor-dans-les-antilles","status":"publish","type":"product","link":"https:\/\/goelette.ca\/en\/tous-les-livres\/un-tresor-dans-les-antilles\/","title":{"rendered":"Un tr\u00e9sor dans les Antilles"},"content":{"rendered":"<p class=\"p1\">Mia et son p\u00e8re quittent la for\u00eat amazonienne pour passer leurs vacances en Martinique. Alors qu\u2019elle s\u2019amuse \u00e0 ramasser des coquillages sur la plage, Mia trouve une carte au tr\u00e9sor ! Mais lorsqu\u2019ils survolent la mer, ils perdent la carte qui se retrouve dans les mains des pirates. R\u00e9ussiront-ils \u00e0 la r\u00e9cup\u00e9rer ?<\/p>\n<p class=\"p1\">Plongez dans cette histoire color\u00e9e qui invite les enfants \u00e0 r\u00e9fl\u00e9chir sur l\u2019importance de la collaboration et du partage. Poursuivez la discussion gr\u00e2ce \u00e0 une page sp\u00e9ciale \u00e0 la fin de l\u2019album.<\/p>\n","protected":false},"excerpt":{"rendered":"<p>Mia et son p\u00e8re quittent la for\u00eat amazonienne pour passer leurs vacances en Martinique. Alors qu\u2019elle s\u2019amuse \u00e0 ramasser des coquillages sur la plage, Mia trouve une carte au tr\u00e9sor ! Mais lorsqu\u2019ils survolent la mer, ils perdent la carte qui se retrouve dans les mains des pirates. R\u00e9ussiront-ils \u00e0 la r\u00e9cup\u00e9rer ? Plongez dans [&hellip;]<\/p>\n","protected":false},"featured_media":253038,"template":"","meta":{"wds_primary_product_brand":0,"wds_primary_product_cat":0,"wds_primary_maison_dedition":0},"product_brand":[],"product_cat":[560,555,578,538],"product_tag":[],"maison_dedition":[541,584],"class_list":{"0":"post-253036","1":"product","2":"type-product","3":"status-publish","4":"has-post-thumbnail","6":"product_cat-3-5-ans","7":"product_cat-6-ans-et-plus","8":"product_cat-albums-illustres","9":"product_cat-jeunesse","10":"pa_auteur-olive-labbe","11":"pa_illustrateur-maria-sole-macchia","12":"maison_dedition-les-editions-coup-doeil","13":"maison_dedition-petites-lectures","15":"first","16":"instock","17":"taxable","18":"shipping-taxable","19":"purchasable","20":"product-type-variable","21":"has-default-attributes"},"bundled_by":[],"bundle_stock_status":"instock","bundle_stock_quantity":null,"bundle_virtual":false,"bundle_layout":"","bundle_add_to_cart_form_location":"","bundle_editable_in_cart":false,"bundle_sold_individually_context":"","bundle_item_grouping":"","bundle_min_size":"","bundle_max_size":"","bundle_price":[],"bundled_items":[],"bundle_sell_ids":[],"acf":[],"_links":{"self":[{"href":"https:\/\/goelette.ca\/en\/wp-json\/wp\/v2\/product\/253036","targetHints":{"allow":["GET"]}}],"collection":[{"href":"https:\/\/goelette.ca\/en\/wp-json\/wp\/v2\/product"}],"about":[{"href":"https:\/\/goelette.ca\/en\/wp-json\/wp\/v2\/types\/product"}],"wp:featuredmedia":[{"embeddable":true,"href":"https:\/\/goelette.ca\/en\/wp-json\/wp\/v2\/media\/253038"}],"wp:attachment":[{"href":"https:\/\/goelette.ca\/en\/wp-json\/wp\/v2\/media?parent=253036"}],"wp:term":[{"taxonomy":"product_brand","embeddable":true,"href":"https:\/\/goelette.ca\/en\/wp-json\/wp\/v2\/product_brand?post=253036"},{"taxonomy":"product_cat","embeddable":true,"href":"https:\/\/goelette.ca\/en\/wp-json\/wp\/v2\/product_cat?post=253036"},{"taxonomy":"product_tag","embeddable":true,"href":"https:\/\/goelette.ca\/en\/wp-json\/wp\/v2\/product_tag?post=253036"},{"taxonomy":"maison_dedition","embeddable":true,"href":"https:\/\/goelette.ca\/en\/wp-json\/wp\/v2\/maison_dedition?post=253036"}],"curies":[{"name":"wp","href":"https:\/\/api.w.org\/{rel}","templated":true}]}}