{"id":253025,"date":"2025-05-16T14:37:23","date_gmt":"2025-05-16T18:37:23","guid":{"rendered":"https:\/\/goelette.ca\/?post_type=product&#038;p=253025"},"modified":"2025-05-16T14:43:13","modified_gmt":"2025-05-16T18:43:13","slug":"sur-la-route-des-vacances","status":"publish","type":"product","link":"https:\/\/goelette.ca\/en\/tous-les-livres\/sur-la-route-des-vacances\/","title":{"rendered":"Sur la route des vacances"},"content":{"rendered":"<p class=\"p1\">C\u2019est enfin les vacances ! Jasmine et sa famille prennent la route en direction de la mer. Lors d\u2019un arr\u00eat au parc, elle se lie d\u2019amiti\u00e9 avec une grenouille et la ram\u00e8ne secr\u00e8tement dans la voiture. Son petit animal de compagnie sera-t-il d\u00e9couvert ?<\/p>\n<p class=\"p1\">Plongez dans cette histoire color\u00e9e qui invite les enfants \u00e0 r\u00e9fl\u00e9chir sur l\u2019importance de laisser les animaux vivre dans leur environnement naturel. Poursuivez la discussion gr\u00e2ce \u00e0 une page sp\u00e9ciale \u00e0 la fin de l\u2019album.<\/p>\n","protected":false},"excerpt":{"rendered":"<p>C\u2019est enfin les vacances ! Jasmine et sa famille prennent la route en direction de la mer. Lors d\u2019un arr\u00eat au parc, elle se lie d\u2019amiti\u00e9 avec une grenouille et la ram\u00e8ne secr\u00e8tement dans la voiture. Son petit animal de compagnie sera-t-il d\u00e9couvert ? Plongez dans cette histoire color\u00e9e qui invite les enfants \u00e0 r\u00e9fl\u00e9chir [&hellip;]<\/p>\n","protected":false},"featured_media":253027,"template":"","meta":{"wds_primary_product_brand":0,"wds_primary_product_cat":0,"wds_primary_maison_dedition":0},"product_brand":[],"product_cat":[560,555,578,538],"product_tag":[],"maison_dedition":[541,584],"class_list":{"0":"post-253025","1":"product","2":"type-product","3":"status-publish","4":"has-post-thumbnail","6":"product_cat-3-5-ans","7":"product_cat-6-ans-et-plus","8":"product_cat-albums-illustres","9":"product_cat-jeunesse","10":"pa_auteur-coralie-chapais-roy","11":"pa_illustrateur-lisa-m-griffin","12":"maison_dedition-les-editions-coup-doeil","13":"maison_dedition-petites-lectures","15":"first","16":"instock","17":"taxable","18":"shipping-taxable","19":"purchasable","20":"product-type-variable","21":"has-default-attributes"},"bundled_by":[],"bundle_stock_status":"instock","bundle_stock_quantity":null,"bundle_virtual":false,"bundle_layout":"","bundle_add_to_cart_form_location":"","bundle_editable_in_cart":false,"bundle_sold_individually_context":"","bundle_item_grouping":"","bundle_min_size":"","bundle_max_size":"","bundle_price":[],"bundled_items":[],"bundle_sell_ids":[],"acf":[],"_links":{"self":[{"href":"https:\/\/goelette.ca\/en\/wp-json\/wp\/v2\/product\/253025","targetHints":{"allow":["GET"]}}],"collection":[{"href":"https:\/\/goelette.ca\/en\/wp-json\/wp\/v2\/product"}],"about":[{"href":"https:\/\/goelette.ca\/en\/wp-json\/wp\/v2\/types\/product"}],"wp:featuredmedia":[{"embeddable":true,"href":"https:\/\/goelette.ca\/en\/wp-json\/wp\/v2\/media\/253027"}],"wp:attachment":[{"href":"https:\/\/goelette.ca\/en\/wp-json\/wp\/v2\/media?parent=253025"}],"wp:term":[{"taxonomy":"product_brand","embeddable":true,"href":"https:\/\/goelette.ca\/en\/wp-json\/wp\/v2\/product_brand?post=253025"},{"taxonomy":"product_cat","embeddable":true,"href":"https:\/\/goelette.ca\/en\/wp-json\/wp\/v2\/product_cat?post=253025"},{"taxonomy":"product_tag","embeddable":true,"href":"https:\/\/goelette.ca\/en\/wp-json\/wp\/v2\/product_tag?post=253025"},{"taxonomy":"maison_dedition","embeddable":true,"href":"https:\/\/goelette.ca\/en\/wp-json\/wp\/v2\/maison_dedition?post=253025"}],"curies":[{"name":"wp","href":"https:\/\/api.w.org\/{rel}","templated":true}]}}