{"id":253019,"date":"2025-05-16T14:20:54","date_gmt":"2025-05-16T18:20:54","guid":{"rendered":"https:\/\/goelette.ca\/?post_type=product&#038;p=253019"},"modified":"2025-05-16T14:36:29","modified_gmt":"2025-05-16T18:36:29","slug":"les-mesaventures-de-la-famille-crocodile","status":"publish","type":"product","link":"https:\/\/goelette.ca\/en\/tous-les-livres\/les-mesaventures-de-la-famille-crocodile\/","title":{"rendered":"Les m\u00e9saventures de la famille Crocodile"},"content":{"rendered":"<p class=\"p1\">Am\u00e9lia et ses parents sont f\u00e9briles \u00e0 l\u2019id\u00e9e de visiter un ancien bateau de pirates transform\u00e9 en mus\u00e9e. Mais le trajet ne se passe pas comme ils l\u2019avaient imagin\u00e9. Sauront-ils profiter de leur escapade malgr\u00e9 les impr\u00e9vus qui surviennent en cours de route ?<\/p>\n<p class=\"p1\">Plongez dans cette histoire color\u00e9e qui montre aux enfants qu\u2019il est possible de s\u2019amuser, m\u00eame quand tout ne se d\u00e9roule pas comme on l\u2019esp\u00e9rait. Poursuivez la discussion gr\u00e2ce \u00e0 une page sp\u00e9ciale \u00e0 la fin de l\u2019album.<\/p>\n","protected":false},"excerpt":{"rendered":"<p>Am\u00e9lia et ses parents sont f\u00e9briles \u00e0 l\u2019id\u00e9e de visiter un ancien bateau de pirates transform\u00e9 en mus\u00e9e. Mais le trajet ne se passe pas comme ils l\u2019avaient imagin\u00e9. Sauront-ils profiter de leur escapade malgr\u00e9 les impr\u00e9vus qui surviennent en cours de route ? Plongez dans cette histoire color\u00e9e qui montre aux enfants qu\u2019il est [&hellip;]<\/p>\n","protected":false},"featured_media":253022,"template":"","meta":{"wds_primary_product_brand":0,"wds_primary_product_cat":0,"wds_primary_maison_dedition":0},"product_brand":[],"product_cat":[560,555,578,538],"product_tag":[],"maison_dedition":[541,584],"class_list":{"0":"post-253019","1":"product","2":"type-product","3":"status-publish","4":"has-post-thumbnail","6":"product_cat-3-5-ans","7":"product_cat-6-ans-et-plus","8":"product_cat-albums-illustres","9":"product_cat-jeunesse","10":"pa_auteur-coralie-chapais-roy","11":"pa_illustrateur-vayounette","12":"maison_dedition-les-editions-coup-doeil","13":"maison_dedition-petites-lectures","15":"first","16":"instock","17":"taxable","18":"shipping-taxable","19":"purchasable","20":"product-type-variable","21":"has-default-attributes"},"bundled_by":[],"bundle_stock_status":"instock","bundle_stock_quantity":null,"bundle_virtual":false,"bundle_layout":"","bundle_add_to_cart_form_location":"","bundle_editable_in_cart":false,"bundle_sold_individually_context":"","bundle_item_grouping":"","bundle_min_size":"","bundle_max_size":"","bundle_price":[],"bundled_items":[],"bundle_sell_ids":[],"acf":[],"_links":{"self":[{"href":"https:\/\/goelette.ca\/en\/wp-json\/wp\/v2\/product\/253019","targetHints":{"allow":["GET"]}}],"collection":[{"href":"https:\/\/goelette.ca\/en\/wp-json\/wp\/v2\/product"}],"about":[{"href":"https:\/\/goelette.ca\/en\/wp-json\/wp\/v2\/types\/product"}],"wp:featuredmedia":[{"embeddable":true,"href":"https:\/\/goelette.ca\/en\/wp-json\/wp\/v2\/media\/253022"}],"wp:attachment":[{"href":"https:\/\/goelette.ca\/en\/wp-json\/wp\/v2\/media?parent=253019"}],"wp:term":[{"taxonomy":"product_brand","embeddable":true,"href":"https:\/\/goelette.ca\/en\/wp-json\/wp\/v2\/product_brand?post=253019"},{"taxonomy":"product_cat","embeddable":true,"href":"https:\/\/goelette.ca\/en\/wp-json\/wp\/v2\/product_cat?post=253019"},{"taxonomy":"product_tag","embeddable":true,"href":"https:\/\/goelette.ca\/en\/wp-json\/wp\/v2\/product_tag?post=253019"},{"taxonomy":"maison_dedition","embeddable":true,"href":"https:\/\/goelette.ca\/en\/wp-json\/wp\/v2\/maison_dedition?post=253019"}],"curies":[{"name":"wp","href":"https:\/\/api.w.org\/{rel}","templated":true}]}}