{"id":253007,"date":"2025-05-16T14:07:09","date_gmt":"2025-05-16T18:07:09","guid":{"rendered":"https:\/\/goelette.ca\/?post_type=product&#038;p=253007"},"modified":"2025-05-16T14:12:43","modified_gmt":"2025-05-16T18:12:43","slug":"la-tete-dans-les-etoiles","status":"publish","type":"product","link":"https:\/\/goelette.ca\/en\/tous-les-livres\/la-tete-dans-les-etoiles\/","title":{"rendered":"La t\u00eate dans les \u00e9toiles"},"content":{"rendered":"<p class=\"p1\">Zack est souvent distrait en classe, jusqu\u2019au jour o\u00f9 son groupe fait une sortie scolaire\u2026 au plan\u00e9tarium ! Il est fascin\u00e9 par les repr\u00e9sentations du syst\u00e8me solaire, de la galaxie et de l\u2019univers. Quelle fabuleuse d\u00e9couverte fera-t-il ?<\/p>\n<p class=\"p1\">Plongez dans cette histoire color\u00e9e qui \u00e9veille la curiosit\u00e9 des enfants sur le th\u00e8me de l\u2019espace et les initie aux sciences. Poursuivez la discussion gr\u00e2ce \u00e0 une page sp\u00e9ciale \u00e0 la fin de l\u2019album.<\/p>\n","protected":false},"excerpt":{"rendered":"<p>Zack est souvent distrait en classe, jusqu\u2019au jour o\u00f9 son groupe fait une sortie scolaire\u2026 au plan\u00e9tarium ! Il est fascin\u00e9 par les repr\u00e9sentations du syst\u00e8me solaire, de la galaxie et de l\u2019univers. Quelle fabuleuse d\u00e9couverte fera-t-il ? Plongez dans cette histoire color\u00e9e qui \u00e9veille la curiosit\u00e9 des enfants sur le th\u00e8me de l\u2019espace et [&hellip;]<\/p>\n","protected":false},"featured_media":253009,"template":"","meta":{"wds_primary_product_brand":0,"wds_primary_product_cat":0,"wds_primary_maison_dedition":0},"product_brand":[],"product_cat":[560,555,578,538],"product_tag":[],"maison_dedition":[541,584],"class_list":{"0":"post-253007","1":"product","2":"type-product","3":"status-publish","4":"has-post-thumbnail","6":"product_cat-3-5-ans","7":"product_cat-6-ans-et-plus","8":"product_cat-albums-illustres","9":"product_cat-jeunesse","10":"pa_auteur-catherine-cote","11":"pa_illustrateur-federica-tanania","12":"maison_dedition-les-editions-coup-doeil","13":"maison_dedition-petites-lectures","15":"first","16":"instock","17":"taxable","18":"shipping-taxable","19":"purchasable","20":"product-type-variable","21":"has-default-attributes"},"bundled_by":[],"bundle_stock_status":"instock","bundle_stock_quantity":null,"bundle_virtual":false,"bundle_layout":"","bundle_add_to_cart_form_location":"","bundle_editable_in_cart":false,"bundle_sold_individually_context":"","bundle_item_grouping":"","bundle_min_size":"","bundle_max_size":"","bundle_price":[],"bundled_items":[],"bundle_sell_ids":[],"acf":[],"_links":{"self":[{"href":"https:\/\/goelette.ca\/en\/wp-json\/wp\/v2\/product\/253007","targetHints":{"allow":["GET"]}}],"collection":[{"href":"https:\/\/goelette.ca\/en\/wp-json\/wp\/v2\/product"}],"about":[{"href":"https:\/\/goelette.ca\/en\/wp-json\/wp\/v2\/types\/product"}],"wp:featuredmedia":[{"embeddable":true,"href":"https:\/\/goelette.ca\/en\/wp-json\/wp\/v2\/media\/253009"}],"wp:attachment":[{"href":"https:\/\/goelette.ca\/en\/wp-json\/wp\/v2\/media?parent=253007"}],"wp:term":[{"taxonomy":"product_brand","embeddable":true,"href":"https:\/\/goelette.ca\/en\/wp-json\/wp\/v2\/product_brand?post=253007"},{"taxonomy":"product_cat","embeddable":true,"href":"https:\/\/goelette.ca\/en\/wp-json\/wp\/v2\/product_cat?post=253007"},{"taxonomy":"product_tag","embeddable":true,"href":"https:\/\/goelette.ca\/en\/wp-json\/wp\/v2\/product_tag?post=253007"},{"taxonomy":"maison_dedition","embeddable":true,"href":"https:\/\/goelette.ca\/en\/wp-json\/wp\/v2\/maison_dedition?post=253007"}],"curies":[{"name":"wp","href":"https:\/\/api.w.org\/{rel}","templated":true}]}}