{"id":250029,"date":"2025-05-28T00:01:41","date_gmt":"2025-05-28T04:01:41","guid":{"rendered":"https:\/\/goelette.ca\/?post_type=product&#038;p=250029"},"modified":"2025-05-12T09:26:50","modified_gmt":"2025-05-12T13:26:50","slug":"jouer-pour-donner-fondation-coeur-avc-mots-croises-vol-2","status":"publish","type":"product","link":"https:\/\/goelette.ca\/en\/tous-les-livres\/jouer-pour-donner-fondation-coeur-avc-mots-croises-vol-2\/","title":{"rendered":"Jouer pour donner &#8211; Fondation C\u0153ur + AVC &#8211; Mots crois\u00e9s vol. 2"},"content":{"rendered":"<p>AMUSEZ-VOUS ET SOUTENEZ UNE BONNE CAUSE !<\/p>\n<p>Pour chaque exemplaire vendu, un montant de 0,75 $ sera remis \u00e0 <strong>C\u0153ur + AVC<\/strong> afin de soutenir ses activit\u00e9s de recherche et de pr\u00e9vention contre les maladies du c\u0153ur et l\u2019AVC.<\/p>\n<p>Depuis plus d\u2019une d\u00e9cennie, Go\u00e9lette \u00c9ditions sont fi\u00e8res d\u2019avoir collabor\u00e9 avec une vingtaine de fondations qu\u00e9b\u00e9coises et internationales \u0153uvrant dans les domaines de la sant\u00e9, de l\u2019\u00e9ducation et de l\u2019aide humanitaire. Au fil des ann\u00e9es, les ventes de plus de 85 publications ont permis de remettre plus de 260 000 $ pour soutenir ces organismes dans leurs missions respectives.<\/p>\n","protected":false},"excerpt":{"rendered":"<p>AMUSEZ-VOUS ET SOUTENEZ UNE BONNE CAUSE ! Pour chaque exemplaire vendu, un montant de 0,75 $ sera remis \u00e0 C\u0153ur + AVC afin de soutenir ses activit\u00e9s de recherche et de pr\u00e9vention contre les maladies du c\u0153ur et l\u2019AVC. Depuis plus d\u2019une d\u00e9cennie, Go\u00e9lette \u00c9ditions sont fi\u00e8res d\u2019avoir collabor\u00e9 avec une vingtaine de fondations qu\u00e9b\u00e9coises [&hellip;]<\/p>\n","protected":false},"featured_media":250031,"template":"","meta":{"wds_primary_product_brand":0,"wds_primary_product_cat":0,"wds_primary_maison_dedition":0},"product_brand":[],"product_cat":[567,566,629],"product_tag":[],"maison_dedition":[636,630],"class_list":{"0":"post-250029","1":"product","2":"type-product","3":"status-publish","4":"has-post-thumbnail","6":"product_cat-adulte","7":"product_cat-livres-de-jeux","8":"product_cat-mots-croises","9":"pa_auteur-collectif","10":"maison_dedition-jouer-pour-donner","11":"maison_dedition-les-editions-goelette","13":"first","14":"instock","15":"taxable","16":"shipping-taxable","17":"purchasable","18":"product-type-variable","19":"has-default-attributes"},"bundled_by":[],"bundle_stock_status":"instock","bundle_stock_quantity":null,"bundle_virtual":false,"bundle_layout":"","bundle_add_to_cart_form_location":"","bundle_editable_in_cart":false,"bundle_sold_individually_context":"","bundle_item_grouping":"","bundle_min_size":"","bundle_max_size":"","bundle_price":[],"bundled_items":[],"bundle_sell_ids":[],"acf":[],"_links":{"self":[{"href":"https:\/\/goelette.ca\/en\/wp-json\/wp\/v2\/product\/250029","targetHints":{"allow":["GET"]}}],"collection":[{"href":"https:\/\/goelette.ca\/en\/wp-json\/wp\/v2\/product"}],"about":[{"href":"https:\/\/goelette.ca\/en\/wp-json\/wp\/v2\/types\/product"}],"wp:featuredmedia":[{"embeddable":true,"href":"https:\/\/goelette.ca\/en\/wp-json\/wp\/v2\/media\/250031"}],"wp:attachment":[{"href":"https:\/\/goelette.ca\/en\/wp-json\/wp\/v2\/media?parent=250029"}],"wp:term":[{"taxonomy":"product_brand","embeddable":true,"href":"https:\/\/goelette.ca\/en\/wp-json\/wp\/v2\/product_brand?post=250029"},{"taxonomy":"product_cat","embeddable":true,"href":"https:\/\/goelette.ca\/en\/wp-json\/wp\/v2\/product_cat?post=250029"},{"taxonomy":"product_tag","embeddable":true,"href":"https:\/\/goelette.ca\/en\/wp-json\/wp\/v2\/product_tag?post=250029"},{"taxonomy":"maison_dedition","embeddable":true,"href":"https:\/\/goelette.ca\/en\/wp-json\/wp\/v2\/maison_dedition?post=250029"}],"curies":[{"name":"wp","href":"https:\/\/api.w.org\/{rel}","templated":true}]}}