{"id":250007,"date":"2025-05-14T00:01:36","date_gmt":"2025-05-14T04:01:36","guid":{"rendered":"https:\/\/goelette.ca\/?post_type=product&#038;p=250007"},"modified":"2025-05-08T13:15:18","modified_gmt":"2025-05-08T17:15:18","slug":"pousse-pousse-petite-fraise","status":"publish","type":"product","link":"https:\/\/goelette.ca\/en\/tous-les-livres\/pousse-pousse-petite-fraise\/","title":{"rendered":"Pousse, pousse, petite fraise !"},"content":{"rendered":"<p class=\"p1\">Et si on profitait de cette belle journ\u00e9e pour semer des fraises ?<\/p>\n<p class=\"p1\">As-tu envie de m&#8217;aider ?<\/p>\n<p>&nbsp;<\/p>\n<p class=\"p1\">La collection <strong>Les d\u00e9lices du Qu\u00e9bec<\/strong> initie les enfants aux sp\u00e9cialit\u00e9s d&#8217;ici.<\/p>\n","protected":false},"excerpt":{"rendered":"<p>Et si on profitait de cette belle journ\u00e9e pour semer des fraises ? As-tu envie de m&#8217;aider ? &nbsp; La collection Les d\u00e9lices du Qu\u00e9bec initie les enfants aux sp\u00e9cialit\u00e9s d&#8217;ici.<\/p>\n","protected":false},"featured_media":250012,"template":"","meta":{"wds_primary_product_brand":0,"wds_primary_product_cat":0,"wds_primary_maison_dedition":0},"product_brand":[],"product_cat":[578,538,667],"product_tag":[],"maison_dedition":[630],"class_list":{"0":"post-250007","1":"product","2":"type-product","3":"status-publish","4":"has-post-thumbnail","6":"product_cat-albums-illustres","7":"product_cat-jeunesse","8":"product_cat-livres-tout-carton","9":"pa_auteur-melanie-grenier","10":"pa_illustrateur-melanie-grenier","11":"maison_dedition-les-editions-goelette","13":"first","14":"instock","15":"taxable","16":"shipping-taxable","17":"purchasable","18":"product-type-variable","19":"has-default-attributes"},"bundled_by":[],"bundle_stock_status":"instock","bundle_stock_quantity":null,"bundle_virtual":false,"bundle_layout":"","bundle_add_to_cart_form_location":"","bundle_editable_in_cart":false,"bundle_sold_individually_context":"","bundle_item_grouping":"","bundle_min_size":"","bundle_max_size":"","bundle_price":[],"bundled_items":[],"bundle_sell_ids":[],"acf":[],"_links":{"self":[{"href":"https:\/\/goelette.ca\/en\/wp-json\/wp\/v2\/product\/250007","targetHints":{"allow":["GET"]}}],"collection":[{"href":"https:\/\/goelette.ca\/en\/wp-json\/wp\/v2\/product"}],"about":[{"href":"https:\/\/goelette.ca\/en\/wp-json\/wp\/v2\/types\/product"}],"wp:featuredmedia":[{"embeddable":true,"href":"https:\/\/goelette.ca\/en\/wp-json\/wp\/v2\/media\/250012"}],"wp:attachment":[{"href":"https:\/\/goelette.ca\/en\/wp-json\/wp\/v2\/media?parent=250007"}],"wp:term":[{"taxonomy":"product_brand","embeddable":true,"href":"https:\/\/goelette.ca\/en\/wp-json\/wp\/v2\/product_brand?post=250007"},{"taxonomy":"product_cat","embeddable":true,"href":"https:\/\/goelette.ca\/en\/wp-json\/wp\/v2\/product_cat?post=250007"},{"taxonomy":"product_tag","embeddable":true,"href":"https:\/\/goelette.ca\/en\/wp-json\/wp\/v2\/product_tag?post=250007"},{"taxonomy":"maison_dedition","embeddable":true,"href":"https:\/\/goelette.ca\/en\/wp-json\/wp\/v2\/maison_dedition?post=250007"}],"curies":[{"name":"wp","href":"https:\/\/api.w.org\/{rel}","templated":true}]}}