{"id":249999,"date":"2025-05-14T00:01:47","date_gmt":"2025-05-14T04:01:47","guid":{"rendered":"https:\/\/goelette.ca\/?post_type=product&#038;p=249999"},"modified":"2025-05-08T11:58:05","modified_gmt":"2025-05-08T15:58:05","slug":"ou-se-cache-lexie","status":"publish","type":"product","link":"https:\/\/goelette.ca\/en\/tous-les-livres\/ou-se-cache-lexie\/","title":{"rendered":"O\u00f9 se cache Lexie ?"},"content":{"rendered":"<p>&nbsp;<\/p>\n<p class=\"p1\">Lexie la petite f\u00e9e a disparu.<\/p>\n<p class=\"p1\">Vite! Attrape ta loupe de d\u00e9tective et aide ses amis \u00e0 la retrouver!<\/p>\n<p>&nbsp;<\/p>\n<p class=\"p1\">Avec cette histoire interactive et \u00e9ducative, un personnage s&#8217;invite dans votre foyer.<\/p>\n<p class=\"p1\">Accompagnez votre enfant dans ses recherches et son apprentissage des pr\u00e9positions.<\/p>\n","protected":false},"excerpt":{"rendered":"<p>&nbsp; Lexie la petite f\u00e9e a disparu. Vite! Attrape ta loupe de d\u00e9tective et aide ses amis \u00e0 la retrouver! &nbsp; Avec cette histoire interactive et \u00e9ducative, un personnage s&#8217;invite dans votre foyer. Accompagnez votre enfant dans ses recherches et son apprentissage des pr\u00e9positions.<\/p>\n","protected":false},"featured_media":250001,"template":"","meta":{"wds_primary_product_brand":0,"wds_primary_product_cat":0,"wds_primary_maison_dedition":0},"product_brand":[],"product_cat":[578,538,667],"product_tag":[],"maison_dedition":[630],"class_list":{"0":"post-249999","1":"product","2":"type-product","3":"status-publish","4":"has-post-thumbnail","6":"product_cat-albums-illustres","7":"product_cat-jeunesse","8":"product_cat-livres-tout-carton","9":"pa_auteur-marilou-charpentier","10":"pa_illustrateur-dorine-ekpo","11":"maison_dedition-les-editions-goelette","13":"first","14":"instock","15":"taxable","16":"shipping-taxable","17":"purchasable","18":"product-type-variable","19":"has-default-attributes"},"bundled_by":[],"bundle_stock_status":"instock","bundle_stock_quantity":null,"bundle_virtual":false,"bundle_layout":"","bundle_add_to_cart_form_location":"","bundle_editable_in_cart":false,"bundle_sold_individually_context":"","bundle_item_grouping":"","bundle_min_size":"","bundle_max_size":"","bundle_price":[],"bundled_items":[],"bundle_sell_ids":[],"acf":[],"_links":{"self":[{"href":"https:\/\/goelette.ca\/en\/wp-json\/wp\/v2\/product\/249999","targetHints":{"allow":["GET"]}}],"collection":[{"href":"https:\/\/goelette.ca\/en\/wp-json\/wp\/v2\/product"}],"about":[{"href":"https:\/\/goelette.ca\/en\/wp-json\/wp\/v2\/types\/product"}],"wp:featuredmedia":[{"embeddable":true,"href":"https:\/\/goelette.ca\/en\/wp-json\/wp\/v2\/media\/250001"}],"wp:attachment":[{"href":"https:\/\/goelette.ca\/en\/wp-json\/wp\/v2\/media?parent=249999"}],"wp:term":[{"taxonomy":"product_brand","embeddable":true,"href":"https:\/\/goelette.ca\/en\/wp-json\/wp\/v2\/product_brand?post=249999"},{"taxonomy":"product_cat","embeddable":true,"href":"https:\/\/goelette.ca\/en\/wp-json\/wp\/v2\/product_cat?post=249999"},{"taxonomy":"product_tag","embeddable":true,"href":"https:\/\/goelette.ca\/en\/wp-json\/wp\/v2\/product_tag?post=249999"},{"taxonomy":"maison_dedition","embeddable":true,"href":"https:\/\/goelette.ca\/en\/wp-json\/wp\/v2\/maison_dedition?post=249999"}],"curies":[{"name":"wp","href":"https:\/\/api.w.org\/{rel}","templated":true}]}}