{"id":24761,"date":"2021-12-21T16:28:44","date_gmt":"2021-12-21T21:28:44","guid":{"rendered":"https:\/\/www.goelette.ca\/?post_type=product&#038;p=24761"},"modified":"2022-02-10T08:48:25","modified_gmt":"2022-02-10T13:48:25","slug":"le-quebec","status":"publish","type":"product","link":"https:\/\/goelette.ca\/en\/tous-les-livres\/le-quebec\/","title":{"rendered":"J&#8217;apprends en images &#8211; Le Qu\u00e9bec"},"content":{"rendered":"<p>D\u00e9couvre le nom des objets, des personnes et des animaux de ta province, et apprends \u00e0 les reconna\u00eetre! Avec cet imagier, tu pourras nommer tout ce qui t&#8217;entoure gr\u00e2ce \u00e0 ces diff\u00e9rentes th\u00e9matiques: Les animaux &#8211; Le fleuve Saint-Laurent &#8211; La nature &#8211; L&#8217;hiver Le temps des sucres &#8211; Le temps des r\u00e9coltes &#8211; Les mets &#8211; Les grandes villes Amuse-toi aussi avec le jeu de cherche et trouve pr\u00e9sent dans chacune des sc\u00e8nes!<\/p>\n","protected":false},"excerpt":{"rendered":"<p>D\u00e9couvre le nom des objets, des personnes et des animaux de ta province, et apprends \u00e0 les reconna\u00eetre! Avec cet imagier, tu pourras nommer tout ce qui t&#8217;entoure gr\u00e2ce \u00e0 ces diff\u00e9rentes th\u00e9matiques: Les animaux &#8211; Le fleuve Saint-Laurent &#8211; La nature &#8211; L&#8217;hiver Le temps des sucres &#8211; Le temps des r\u00e9coltes &#8211; Les [&hellip;]<\/p>\n","protected":false},"featured_media":24763,"template":"","meta":{"wds_primary_product_brand":0,"wds_primary_product_cat":0,"wds_primary_maison_dedition":0},"product_brand":[],"product_cat":[560,583,538,554],"product_tag":[],"maison_dedition":[],"class_list":{"0":"post-24761","1":"product","2":"type-product","3":"status-publish","4":"has-post-thumbnail","6":"product_cat-3-5-ans","7":"product_cat-imagiers","8":"product_cat-jeunesse","9":"product_cat-zoologie","10":"pa_auteur-collectif","12":"first","13":"instock","14":"taxable","15":"shipping-taxable","16":"purchasable","17":"product-type-variable"},"bundled_by":[],"bundle_stock_status":"instock","bundle_stock_quantity":null,"bundle_virtual":false,"bundle_layout":"","bundle_add_to_cart_form_location":"","bundle_editable_in_cart":false,"bundle_sold_individually_context":"","bundle_item_grouping":"","bundle_min_size":"","bundle_max_size":"","bundle_price":[],"bundled_items":[],"bundle_sell_ids":[],"acf":[],"_links":{"self":[{"href":"https:\/\/goelette.ca\/en\/wp-json\/wp\/v2\/product\/24761","targetHints":{"allow":["GET"]}}],"collection":[{"href":"https:\/\/goelette.ca\/en\/wp-json\/wp\/v2\/product"}],"about":[{"href":"https:\/\/goelette.ca\/en\/wp-json\/wp\/v2\/types\/product"}],"wp:featuredmedia":[{"embeddable":true,"href":"https:\/\/goelette.ca\/en\/wp-json\/wp\/v2\/media\/24763"}],"wp:attachment":[{"href":"https:\/\/goelette.ca\/en\/wp-json\/wp\/v2\/media?parent=24761"}],"wp:term":[{"taxonomy":"product_brand","embeddable":true,"href":"https:\/\/goelette.ca\/en\/wp-json\/wp\/v2\/product_brand?post=24761"},{"taxonomy":"product_cat","embeddable":true,"href":"https:\/\/goelette.ca\/en\/wp-json\/wp\/v2\/product_cat?post=24761"},{"taxonomy":"product_tag","embeddable":true,"href":"https:\/\/goelette.ca\/en\/wp-json\/wp\/v2\/product_tag?post=24761"},{"taxonomy":"maison_dedition","embeddable":true,"href":"https:\/\/goelette.ca\/en\/wp-json\/wp\/v2\/maison_dedition?post=24761"}],"curies":[{"name":"wp","href":"https:\/\/api.w.org\/{rel}","templated":true}]}}