{"id":247178,"date":"2025-04-28T13:20:01","date_gmt":"2025-04-28T17:20:01","guid":{"rendered":"https:\/\/goelette.ca\/?post_type=product&#038;p=247178"},"modified":"2025-05-08T08:10:49","modified_gmt":"2025-05-08T12:10:49","slug":"casse-tete-cherche-et-trouve-contes-de-fees","status":"publish","type":"product","link":"https:\/\/goelette.ca\/en\/tous-les-livres\/casse-tete-cherche-et-trouve-contes-de-fees\/","title":{"rendered":"Casse-t\u00eate cherche et trouve &#8211; Contes de f\u00e9es"},"content":{"rendered":"<p>Apr\u00e8s avoir compl\u00e9t\u00e9 le casse-t\u00eate, amuse-toi \u00e0 trouver les objets et les personnages!<\/p>\n","protected":false},"excerpt":{"rendered":"<p>Apr\u00e8s avoir compl\u00e9t\u00e9 le casse-t\u00eate, amuse-toi \u00e0 trouver les objets et les personnages!<\/p>\n","protected":false},"featured_media":247182,"template":"","meta":{"wds_primary_product_brand":0,"wds_primary_product_cat":0,"wds_primary_maison_dedition":0},"product_brand":[],"product_cat":[560,555,749,589,538,557],"product_tag":[],"maison_dedition":[541],"class_list":{"0":"post-247178","1":"product","2":"type-product","3":"status-publish","4":"has-post-thumbnail","6":"product_cat-3-5-ans","7":"product_cat-6-ans-et-plus","8":"product_cat-casse-tete","9":"product_cat-cherche-et-trouve","10":"product_cat-jeunesse","11":"product_cat-pratique","12":"maison_dedition-les-editions-coup-doeil","14":"first","15":"instock","16":"taxable","17":"shipping-taxable","18":"purchasable","19":"product-type-variable","20":"has-default-attributes"},"bundled_by":[],"bundle_stock_status":"instock","bundle_stock_quantity":null,"bundle_virtual":false,"bundle_layout":"","bundle_add_to_cart_form_location":"","bundle_editable_in_cart":false,"bundle_sold_individually_context":"","bundle_item_grouping":"","bundle_min_size":"","bundle_max_size":"","bundle_price":[],"bundled_items":[],"bundle_sell_ids":[],"acf":[],"_links":{"self":[{"href":"https:\/\/goelette.ca\/en\/wp-json\/wp\/v2\/product\/247178","targetHints":{"allow":["GET"]}}],"collection":[{"href":"https:\/\/goelette.ca\/en\/wp-json\/wp\/v2\/product"}],"about":[{"href":"https:\/\/goelette.ca\/en\/wp-json\/wp\/v2\/types\/product"}],"wp:featuredmedia":[{"embeddable":true,"href":"https:\/\/goelette.ca\/en\/wp-json\/wp\/v2\/media\/247182"}],"wp:attachment":[{"href":"https:\/\/goelette.ca\/en\/wp-json\/wp\/v2\/media?parent=247178"}],"wp:term":[{"taxonomy":"product_brand","embeddable":true,"href":"https:\/\/goelette.ca\/en\/wp-json\/wp\/v2\/product_brand?post=247178"},{"taxonomy":"product_cat","embeddable":true,"href":"https:\/\/goelette.ca\/en\/wp-json\/wp\/v2\/product_cat?post=247178"},{"taxonomy":"product_tag","embeddable":true,"href":"https:\/\/goelette.ca\/en\/wp-json\/wp\/v2\/product_tag?post=247178"},{"taxonomy":"maison_dedition","embeddable":true,"href":"https:\/\/goelette.ca\/en\/wp-json\/wp\/v2\/maison_dedition?post=247178"}],"curies":[{"name":"wp","href":"https:\/\/api.w.org\/{rel}","templated":true}]}}