{"id":247163,"date":"2025-04-28T13:05:44","date_gmt":"2025-04-28T17:05:44","guid":{"rendered":"https:\/\/goelette.ca\/?post_type=product&#038;p=247163"},"modified":"2025-04-28T13:12:53","modified_gmt":"2025-04-28T17:12:53","slug":"petits-coloriages-monde-feerique","status":"publish","type":"product","link":"https:\/\/goelette.ca\/en\/tous-les-livres\/petits-coloriages-monde-feerique\/","title":{"rendered":"Petits coloriages &#8211; Monde f\u00e9\u00e9rique"},"content":{"rendered":"<p>Laisse s&#8217;exprimer l&#8217;artiste en toi avec ces coloriages f\u00e9\u00e9riques !<\/p>\n<p>La collection <strong>Petits coloriages<\/strong> te propose de superbes images \u00e0 colorier dans un format facile \u00e0 transporter.<\/p>\n<ul>\n<li>24 coloriages<\/li>\n<li>6 mini crayons<\/li>\n<\/ul>\n","protected":false},"excerpt":{"rendered":"<p>Laisse s&#8217;exprimer l&#8217;artiste en toi avec ces coloriages f\u00e9\u00e9riques ! La collection Petits coloriages te propose de superbes images \u00e0 colorier dans un format facile \u00e0 transporter. 24 coloriages 6 mini crayons<\/p>\n","protected":false},"featured_media":247165,"template":"","meta":{"wds_primary_product_brand":0,"wds_primary_product_cat":625,"wds_primary_maison_dedition":0},"product_brand":[],"product_cat":[560,555,590,616,538],"product_tag":[],"maison_dedition":[541],"class_list":{"0":"post-247163","1":"product","2":"type-product","3":"status-publish","4":"has-post-thumbnail","6":"product_cat-3-5-ans","7":"product_cat-6-ans-et-plus","8":"product_cat-coloriage-jeunesse","9":"product_cat-coloriages","10":"product_cat-jeunesse","11":"maison_dedition-les-editions-coup-doeil","13":"first","14":"instock","15":"taxable","16":"shipping-taxable","17":"purchasable","18":"product-type-variable","19":"has-default-attributes"},"bundled_by":[],"bundle_stock_status":"instock","bundle_stock_quantity":null,"bundle_virtual":false,"bundle_layout":"","bundle_add_to_cart_form_location":"","bundle_editable_in_cart":false,"bundle_sold_individually_context":"","bundle_item_grouping":"","bundle_min_size":"","bundle_max_size":"","bundle_price":[],"bundled_items":[],"bundle_sell_ids":[],"acf":[],"_links":{"self":[{"href":"https:\/\/goelette.ca\/en\/wp-json\/wp\/v2\/product\/247163","targetHints":{"allow":["GET"]}}],"collection":[{"href":"https:\/\/goelette.ca\/en\/wp-json\/wp\/v2\/product"}],"about":[{"href":"https:\/\/goelette.ca\/en\/wp-json\/wp\/v2\/types\/product"}],"wp:featuredmedia":[{"embeddable":true,"href":"https:\/\/goelette.ca\/en\/wp-json\/wp\/v2\/media\/247165"}],"wp:attachment":[{"href":"https:\/\/goelette.ca\/en\/wp-json\/wp\/v2\/media?parent=247163"}],"wp:term":[{"taxonomy":"product_brand","embeddable":true,"href":"https:\/\/goelette.ca\/en\/wp-json\/wp\/v2\/product_brand?post=247163"},{"taxonomy":"product_cat","embeddable":true,"href":"https:\/\/goelette.ca\/en\/wp-json\/wp\/v2\/product_cat?post=247163"},{"taxonomy":"product_tag","embeddable":true,"href":"https:\/\/goelette.ca\/en\/wp-json\/wp\/v2\/product_tag?post=247163"},{"taxonomy":"maison_dedition","embeddable":true,"href":"https:\/\/goelette.ca\/en\/wp-json\/wp\/v2\/maison_dedition?post=247163"}],"curies":[{"name":"wp","href":"https:\/\/api.w.org\/{rel}","templated":true}]}}